{"id":13857,"date":"2025-09-12T10:06:01","date_gmt":"2025-09-12T08:06:01","guid":{"rendered":"https:\/\/www.linie4life.com\/?post_type=product&#038;p=13857"},"modified":"2026-04-15T14:03:28","modified_gmt":"2026-04-15T12:03:28","slug":"baliec-3x-power-of-proteolytic-enzymes-12-enzymu-lumbrokinaza-nattokinaza-atp-90-kapsulu-60-dni","status":"publish","type":"product","link":"https:\/\/www.linie4life.com\/sk\/obchod\/balicek-3x-power-of-proteolytic-enzymes-12-enzymu-lumbrokinaza-nattokinaza-atp-90-kapsli-60-dni\/","title":{"rendered":"Bal\u00ed\u010dek 3x (POPE) POWER OF PROTEOLYTIC ENZYMES 12 enz\u00fdmov + lumbrokin\u00e1za nattokin\u00e1za ATP 90 kaps\u00fal 60 dn\u00ed"},"content":{"rendered":"<h2>Mix starostlivo vybran\u00fdch 12-tich proteolytick\u00fdch enz\u00fdmov<\/h2>\n<p class=\"p1\"><strong>SILNEJ\u0160IE A EFEKT\u00cdVNEJ\u0160IE,<\/strong>\u00a0<strong>ja<\/strong><b>x starostlivo vybran\u00fdch 12 proteolytick\u00fdch enz\u00fdmov\u00a0<\/b><strong>Sila PROTEOLYTICK\u00ddCH ENZ\u00ddMOV, 100% pr\u00edrodn\u00e9, BEZ RASTL\u00cdN.<\/strong><\/p>\n<p class=\"p1\"><strong>Nie s\u00fa to tr\u00e1viace enz\u00fdmy<\/strong>ako sa mo\u017eno niektor\u00ed mylne domnievaj\u00fa, <strong>hoci s\u00fa obsiahnut\u00e9 vo v\u00fdrobku<\/strong>, hlavn\u00fd<strong> d\u00f4vod ich u\u017e\u00edvania<\/strong> je . <strong>celkov\u00fd potenci\u00e1l pre zlep\u0161enie zdravia<\/strong>. Obsahuje <strong>zmes starostlivo vybran\u00fdch enz\u00fdmov<\/strong>\u017ee<strong> ovplyv\u0148uje mno\u017estvo biochemick\u00fdch procesov v tele<\/strong>\u00a0v s\u00fa\u010dinnosti, ke\u010f <strong>ka\u017ed\u00fd z nich m\u00e1 na starosti in\u00fd okruh<\/strong> v \u013eudskom tele a len <strong>v\u010faka tomu v\u00fdsledok uvid\u00edte sami.<\/strong><\/p>\n<p>Proteolytick\u00e9 enz\u00fdmy s\u00fa predmetom odborn\u00e9ho z\u00e1ujmu pre svoje biologick\u00e9 vlastnosti a <strong>\u0161irok\u00e9 mo\u017enosti vyu\u017eitia<\/strong>. V niektor\u00fdch pr\u00edstupoch s\u00fa zara\u010fovan\u00e9 ako s\u00fa\u010das\u0165 tzv. <em>enz\u00fdmoterapia<\/em>, Kde s\u00fa pou\u017e\u00edvan\u00e9 v r\u00e1mci komplexnej starostlivosti o organizmus.<\/p>\n<h2><b>Proteolytick\u00e9<\/b> enz\u00fdmy<b> nielen na tr\u00e1venie<\/b><\/h2>\n<p>Nejedn\u00e1 sa prim\u00e1rne o tr\u00e1viace enz\u00fdmy, ako sa niekedy mylne predpoklad\u00e1. Hoci enz\u00fdmy v\u0161eobecne s\u00favisia s tr\u00e1ven\u00edm, ich vyu\u017eitie m\u00f4\u017ee by\u0165 \u0161ir\u0161ie a nie je obmedzen\u00e9 iba na podporu tr\u00e1viacich procesov.<\/p>\n<p>Produkt obsahuje kombin\u00e1ciu starostlivo vybran\u00fdch enz\u00fdmov, ktor\u00e9 sa podie\u013eaj\u00fa na r\u00f4znych biochemick\u00fdch dejoch v organizme. Jednotliv\u00e9 enz\u00fdmy p\u00f4sobia v s\u00fa\u010dinnosti a ka\u017ed\u00fd z nich je zameran\u00fd na odli\u0161n\u00e9 procesy. Pr\u00e1ve t\u00e1to vz\u00e1jomn\u00e1 synergia je d\u00f4vodom, pre\u010do s\u00fa s\u00fa\u010das\u0165ou komplexnej enz\u00fdmovej zmesi.<\/p>\n<p><strong>Existuje nieko\u013eko proteolytick\u00fdch enz\u00fdmov, ktor\u00e9 m\u00f4\u017eu pom\u00f4c\u0165 rozlo\u017ei\u0165 fibr\u00edn a biofilmy (pankreatick\u00e9 enz\u00fdmy, bromela\u00edn, nattokin\u00e1za, serrapept\u00e1za a lumbrokin\u00e1za).\u00a0<\/strong>Lumbrokin\u00e1za patr\u00ed do skupiny fibrinolytick\u00fdch enz\u00fdmov poch\u00e1dzaj\u00facich zo d\u00e1\u017e\u010foviek (Lumbricus rubellus). Ide o \u0161es\u0165 enz\u00fdmov s\u00e9rie prote\u00e1zy s r\u00f4znymi fibrinolytick\u00fdmi aktivitami. Enz\u00fdmy s\u00fa \u00fa\u010dinn\u00e9 pri rozpade fibr\u00ednu a fibr\u00ednov\u00e9ho prote\u00ednu, ktor\u00fd dr\u017e\u00ed maticu biofilmu pohromade. D\u00e1\u017e\u010fovky sa pou\u017e\u00edvaj\u00fa v tradi\u010dnej \u010d\u00ednskej medic\u00edne vo v\u00fdchodnej \u00c1zii po tis\u00edce rokov.<\/p>\n<p>&nbsp;<\/p>\n<p><strong>Zo v\u0161etk\u00fdch proteolytick\u00fdch enz\u00fdmov alebo enz\u00fdmov \u0161tiepiacich bielkoviny sa len serrapept\u00e1za a nattokin\u00e1za podobaj\u00fa lumbrokin\u00e1ze z h\u013eadiska fibrinolytickej aktivity.\u00a0<\/strong>Lumbrokin\u00e1za je takmer 30-kr\u00e1t \u00fa\u010dinnej\u0161ia ako nattokin\u00e1za, enz\u00fdm z natto. Pribli\u017ene 300-kr\u00e1t \u00fa\u010dinnej\u0161ia ako serrapept\u00e1za, enz\u00fdm z\u00edskavan\u00fd z priadky moru\u0161ovej.<\/p>\n<p><strong>Hlavnou v\u00fdhodou a silnou str\u00e1nkou POWER OF PROTEOLYTIC ENZYMES je pr\u00e1ve<\/strong>\u00a0v\u00a0<strong>JEDINE\u010cN\u00c9 ZMESI 12 VYSOKO \u00da\u010cINN\u00ddCH ENZ\u00ddMOV<\/strong>: bromela\u00edn (2400 GDU\/g), papa\u00edn (6000 USP\/mg), amyl\u00e1za (15 000 SKB\/g), lip\u00e1za (2000 FIP\/g), prote\u00e1za (60 000 HUT\/g), lakt\u00e1za (2000 ALU\/g), sachar\u00f3za (1000 INVU\/g), maltasa (300 DP\/g), tryps\u00edn (1:150),\u00a0<strong>nattokin\u00e1za (2 000 FU\/g)<\/strong>,\u00a0<strong>lumbrokin\u00e1za (200 000 IU\/g<\/strong>),\u00a0<strong>adenoz\u00edntrifosf\u00e1t-ATP (250 mili\u00f3nov LCU<\/strong>).<\/p>\n<p><strong>Zaradenie proteolytick\u00fdch enz\u00fdmov do stravy,<\/strong>\u00a0m\u00f4\u017ee poskytn\u00fa\u0165,\u00a0<strong>mno\u017estvo v\u00fdhod.\u00a0<\/strong>Enz\u00fdmy s\u00fa \u0161peci\u00e1lne prote\u00edny, ktor\u00e9\u00a0<strong>zohr\u00e1vaj\u00fa k\u013e\u00fa\u010dov\u00fa \u00falohu takmer vo v\u0161etk\u00fdch biochemick\u00fdch reakci\u00e1ch.<\/strong>\u00a0Tieto reakcie zah\u0155\u0148aj\u00fa\u00a0<strong>tr\u00e1venie potravy, synt\u00e9za bunkov\u00fdch zlo\u017eiek, oprava DNA a mnoh\u00e9 \u010fal\u0161ie d\u00f4le\u017eit\u00e9 procesy.<\/strong>. Enz\u00fdmy\u00a0<strong>p\u00f4sobia ako katalyz\u00e1tory<\/strong>\u010do znamen\u00e1, \u017ee\u00a0<strong>ur\u00fdch\u013euj\u00fa reakcie bez toho, aby sa sami spotrebovali<\/strong>\u00a0alebo trvalo zmenen\u00e9 po\u010das procesu.<\/p>\n<p>&nbsp;<\/p>\n<p>Proteolytick\u00e9 enz\u00fdmy, zn\u00e1me aj ako prote\u00e1zy, s\u00fa \u0161peci\u00e1lne typy enz\u00fdmov, ktor\u00e9 maj\u00fa schopnos\u0165 rozklada\u0165 bielkoviny na men\u0161ie peptidy alebo aminokyseliny.\u00a0<strong>Je d\u00f4le\u017eit\u00e9, aby proteolytick\u00e9 enz\u00fdmy v tele boli v rovnov\u00e1he<\/strong>a preto\u00a0<strong>s\u00fa regulovan\u00e9 a produkovan\u00e9 v r\u00f4znych \u010dastiach tr\u00e1viaceho traktu<\/strong>.\u00a0<strong>Ak nastane nerovnov\u00e1ha<\/strong>\u00a0<strong>alebo probl\u00e9my v produkcii t\u00fdchto enz\u00fdmov, m\u00f4\u017ee to ovplyvni\u0165 fungovanie cel\u00e9ho syst\u00e9mu.<\/strong><\/p>\n<p>&nbsp;<\/p>\n<p>Je to pr\u00edrodn\u00e1, NON-GMO pokro\u010dil\u00e1 podpora nielen pre zdrav\u00e9 starnutie, dlhovekosti.<strong>\u00a0<em>\u017diadne chemick\u00e9 v\u00fdplne! 100% pr\u00edrodn\u00e9.<\/em><\/strong><\/p>\n<p>&nbsp;<\/p>\n<hr \/>\n<h5><b>Z\u00c1VER\u00a0<\/b><b>pre v\u00fd\u017eivov\u00fd doplnok\u00a0<\/b><b>(SILA PROTEOLYTICK\u00ddCH ENZ\u00ddMOV):<\/b><\/h5>\n<p>Mno\u017estvo 1000 mg na jednu d\u00e1vku RHP<\/p>\n<p>Bromela\u00edn (2400 GDU\/g) 90 mg *<\/p>\n<p>Papa\u00edn (6000 USP\/mg) 90 mg *<\/p>\n<p>Amyl\u00e1za (15 000 SKB\/g) 80 mg *<\/p>\n<p>Lip\u00e1za (2000 FIP\/g) 50 mg *<\/p>\n<p>Prote\u00e1za (60 000 HUT\/g) 190 mg *<\/p>\n<p>Lakt\u00e1za (2 000 ALU\/g) 70 mg *<\/p>\n<p>Sukr\u00e1za (1 000 IU\/g) 70 mg *<\/p>\n<p>Malt\u00e1za (300 DP\/g) 70 mg *<\/p>\n<p>Trips\u00edn ako 1:150 50 mg*<\/p>\n<p>Nattokin\u00e1za (2 000 FU\/g) 90 mg *<\/p>\n<p>Lumbrokin\u00e1za (200 000 IU\/g) 90 mg *<\/p>\n<p>Adenoz\u00edntrifosf\u00e1t-ATP (250 mili\u00f3nov LCU) 60 mg*<\/p>\n<p>&nbsp;<\/p>\n<p>Ostatn\u00e9 ingrediencie: veg\u00e1nska kapsula. Neobsahuje umel\u00e9 pr\u00edchuti alebo sladidl\u00e1, konzerva\u010dn\u00e9 l\u00e1tky, cukor, \u0161krob, mlieko, lakt\u00f3zu, s\u00f3ju, vajcia, glutam\u00e1t, p\u0161enicu, dro\u017edie, stear\u00e1t hore\u010dnat\u00fd a NIE JE GENETICKY MODIFIKOVAN\u00dd.<\/p>\n<p>&nbsp;<\/p>\n<h5><b>DAROVANIE\u00a0<\/b><b>pre v\u00fd\u017eivov\u00fd doplnok\u00a0<\/b><b>(SILA PROTEOLYTICK\u00ddCH ENZ\u00ddMOV):<\/b><\/h5>\n<p>Odpor\u00fa\u010dan\u00e9 d\u00e1vkovanie: 3 kapsuly denne: 1 r\u00e1no, 1 na poludnie, 1 ve\u010der v\u017edy pred jedlom.\u00a0<strong>Balenie<\/strong>: 90 kaps\u00fal na 30 dn\u00ed,<b>\u00a0t\u00e1to sada obsahuje celkom 3 d\u00f3zy.<\/b><\/p>\n<h5><b>SKLADOVANIE v\u00fd\u017eivov\u00e9ho doplnku\u00a0<\/b><b>(SILA PROTEOLYTICK\u00ddCH ENZ\u00ddMOV):<\/b><\/h5>\n<p>Uchov\u00e1vajte v suchu pri izbovej teplote. Chr\u00e1\u0148te pred mrazom. Nevystavujte priamemu slne\u010dn\u00e9mu \u017eiareniu. Uchov\u00e1vajte mimo dosahu det\u00ed.<\/p>\n<h5><strong>UPOZORNENIE\u00a0<\/strong><b>pre doplnok stravy (POWER OF PROTEOLYTIC ENZYMES):<\/b><\/h5>\n<p>Nejde o liek a nenahr\u00e1dza pestr\u00fa stravu. Ak ste tehotn\u00e1, doj\u010d\u00edte alebo u\u017e\u00edvate lieky, pora\u010fte sa o u\u017e\u00edvan\u00ed so svoj\u00edm lek\u00e1rom. Nepou\u017e\u00edvajte pri zn\u00e1mej precitlivenosti na niektor\u00fa zlo\u017eku lieku.<\/p>","protected":false},"excerpt":{"rendered":"<h2>Cielen\u00e1 enz\u00fdmov\u00e1 podpora pre vn\u00fatorn\u00fa rovnov\u00e1hu a regener\u00e1ciu<\/h2>\n<p><strong>Power of Proteolytic Enzymes<\/strong> je vysoko <strong>\u00fa\u010dinn\u00e1 kombin\u00e1cia 12 proteolytick\u00fdch enz\u00fdmov<\/strong> ur\u010den\u00e1 na podporu prirodzen\u00fdch regula\u010dn\u00fdch a regenera\u010dn\u00fdch procesov v tele. Enz\u00fdmy sa podie\u013eaj\u00fa na <strong>spracovanie bielkov\u00edn<\/strong> a zapadaj\u00fa do starostlivosti o tkanivov\u00fa <strong>rovnov\u00e1hu, pohybov\u00fd komfort<\/strong> a celkov\u00fa <strong>vitalitu<\/strong> organizmu, najm\u00e4 pri dlhodobej fyzickej alebo metabolickej z\u00e1\u0165a\u017ei. Produkt je vhodn\u00fd pre n\u00e1ro\u010dn\u00fdch u\u017e\u00edvate\u013eov, ktor\u00ed h\u013eadaj\u00fa funk\u010dn\u00e9, \u010dist\u00e9 a cielen\u00e9 rie\u0161enie bez zbyto\u010dnej ch\u00e9mie a balastu plnidiel. Technicky premyslen\u00e9 zlo\u017eenie, ktor\u00e9 d\u00e1va zmysel aj v dlhodobom horizonte.<\/p>\n<p><em><strong>Power of Proteolytic Enzymes - ke\u010f chcete podpori\u0165 telo tam, kde pracuje najviac. Doprajte organizmu presn\u00fa enz\u00fdmov\u00fa oporu.<\/strong><\/em><\/p>\n<p>Balenie obsahuje <strong>3 d\u00f3zy<\/strong> POWER OF PROTEOLYTIC ENZYMES <strong>(ned\u00e1 uplatni\u0165 kup\u00f3n, preto\u017ee sada je u\u017e cenovo zv\u00fdhodnen\u00e1 a z\u013eavu u\u017e zah\u0155\u0148a) + navy\u0161e ZADARMO bude automaticky pridan\u00fd vitam\u00edn D3 v spreji 40000 IU s pomaran\u010dovou pr\u00edchu\u0165ou.<\/strong><\/p>","protected":false},"featured_media":13873,"comment_status":"open","ping_status":"closed","template":"","meta":[],"product_brand":[58],"product_cat":[15,27,26,201,286,79,80,81,29,30,32,33],"product_tag":[],"class_list":{"0":"post-13857","1":"product","2":"type-product","3":"status-publish","4":"has-post-thumbnail","6":"product_brand-for-a-long-life","7":"product_cat-detoxikace","8":"product_cat-dlouhovekost","9":"product_cat-imunita","10":"product_cat-lymfa","11":"product_cat-bestsellers","12":"product_cat-ocista-jater","13":"product_cat-prevence","14":"product_cat-regenerace","15":"product_cat-spanek-a-uzkost","16":"product_cat-zdrave-srdce","17":"product_cat-zdravi-muze","18":"product_cat-zdravi-zeny","20":"first","21":"instock","22":"taxable","23":"shipping-taxable","24":"purchasable","25":"product-type-simple"},"_links":{"self":[{"href":"https:\/\/www.linie4life.com\/sk\/wp-json\/wp\/v2\/product\/13857","targetHints":{"allow":["GET"]}}],"collection":[{"href":"https:\/\/www.linie4life.com\/sk\/wp-json\/wp\/v2\/product"}],"about":[{"href":"https:\/\/www.linie4life.com\/sk\/wp-json\/wp\/v2\/types\/product"}],"replies":[{"embeddable":true,"href":"https:\/\/www.linie4life.com\/sk\/wp-json\/wp\/v2\/comments?post=13857"}],"version-history":[{"count":10,"href":"https:\/\/www.linie4life.com\/sk\/wp-json\/wp\/v2\/product\/13857\/revisions"}],"predecessor-version":[{"id":18183,"href":"https:\/\/www.linie4life.com\/sk\/wp-json\/wp\/v2\/product\/13857\/revisions\/18183"}],"wp:featuredmedia":[{"embeddable":true,"href":"https:\/\/www.linie4life.com\/sk\/wp-json\/wp\/v2\/media\/13873"}],"wp:attachment":[{"href":"https:\/\/www.linie4life.com\/sk\/wp-json\/wp\/v2\/media?parent=13857"}],"wp:term":[{"taxonomy":"product_brand","embeddable":true,"href":"https:\/\/www.linie4life.com\/sk\/wp-json\/wp\/v2\/product_brand?post=13857"},{"taxonomy":"product_cat","embeddable":true,"href":"https:\/\/www.linie4life.com\/sk\/wp-json\/wp\/v2\/product_cat?post=13857"},{"taxonomy":"product_tag","embeddable":true,"href":"https:\/\/www.linie4life.com\/sk\/wp-json\/wp\/v2\/product_tag?post=13857"}],"curies":[{"name":"wp","href":"https:\/\/api.w.org\/{rel}","templated":true}]}}