{"id":15001,"date":"2025-11-08T09:42:38","date_gmt":"2025-11-08T08:42:38","guid":{"rendered":"https:\/\/www.linie4life.com\/?post_type=product&#038;p=15001"},"modified":"2026-04-15T21:09:32","modified_gmt":"2026-04-15T19:09:32","slug":"baliec-3x-serrapeptaza-250000-spu-v-1-kapsule-vysoka-ucinnost-bez-plnidiel-60-kapsule","status":"publish","type":"product","link":"https:\/\/www.linie4life.com\/sk\/obchod\/balicek-3x-serrapeptaza-250000-spu-v-1-kapsli-vysoka-ucinnost-bez-plnidel-60-kapsli-60-dni\/","title":{"rendered":"Bal\u00ed\u010dek 3x SERRAPEPT\u00c1ZA 250000 SPU (v 1 kapsule) vysok\u00e1 \u00fa\u010dinnos\u0165 bez plnidiel 60 kaps\u00fal 60 dn\u00ed"},"content":{"rendered":"<h2>Serrapept\u00e1za v s\u00favislostiach<\/h2>\n<p><span class=\"s1\"><strong style=\"font-weight: 400;\"><em>SERRAPEPT\u00c1ZA<\/em> <\/strong>\u00a0je . <strong style=\"font-weight: 400;\">vyu\u017e\u00edvan\u00e1 v Eur\u00f3pe av \u00c1zii u\u017e viac ako 25 rokov<\/strong> a m\u00e1 <strong style=\"font-weight: 400;\">\u0161irokospektr\u00e1lne vyu\u017eitie.<\/strong> Rozhodne pri nej <strong style=\"font-weight: 400;\">nem\u00f4\u017eete siahnu\u0165 ved\u013ea<\/strong>. <strong>Dobr\u00fd z\u00e1klad za\u010da\u0165 pr\u00e1ve s \u0148ou pre jej pozit\u00edvne \u00fa\u010dinky pre cel\u00fd organizmus.<\/strong><\/span><\/p>\n<p>V Japonsku je dokonca registrovan\u00fd ako ofici\u00e1lna starostlivos\u0165 pre arteroskler\u00f3zu a koron\u00e1rne ochorenie srdca.<\/p>\n<p>Pozit\u00edvne \u00fa\u010dinky\u00a0<strong>Serrapept\u00e1za<\/strong> s\u00fa klinicky potvrden\u00e9 u \u0161irokej \u0161k\u00e1ly z\u00e1palov, ur\u00fdchlenie procesu hojenia, eliminovanie bolesti a opuchov, ale aj pre:<\/p>\n<ul>\n<li>srdcov\u00e9 a cievne ochorenia<\/li>\n<li>vysok\u00fd krvn\u00fd tlak<\/li>\n<li>diabetes 2. typu a diabetick\u00e1 neuropatia<\/li>\n<li>osteopor\u00f3za<\/li>\n<li>roztr\u00fasen\u00e1 skler\u00f3za<\/li>\n<li>migr\u00e9na a bolesti hlavy<\/li>\n<li>cystick\u00e1 fibr\u00f3za prsn\u00edka<\/li>\n<li>z\u00e1pal k\u013abov, artrit\u00edda, reumatoidn\u00e1 artrit\u00edda<\/li>\n<li>z\u00e1paly horn\u00fdch a doln\u00fdch d\u00fdchac\u00edch ciest<\/li>\n<li>z\u00e1paly r\u00f4znych druhov<\/li>\n<li>\u010drevn\u00e9 ochorenie<\/li>\n<li>astma<\/li>\n<li>\u00farazy a \u0161portov\u00e9 zranenia<\/li>\n<li>o\u010distenie tela od tox\u00ednov<\/li>\n<li>posilnenie imunity<\/li>\n<\/ul>\n<p>&nbsp;<\/p>\n<p>Serrapept\u00e1za <strong>je u\u017e dlho centrom sk\u00famania v s\u00favislosti s r\u00f4znymi telesn\u00fdmi syst\u00e9mami, vr\u00e1tane obehov\u00e9ho, pohybov\u00e9ho a d\u00fdchacieho syst\u00e9mu as procesmi, ktor\u00e9 s\u00favisia s adapt\u00e1ciou organizmu na z\u00e1\u0165a\u017e a dlhodob\u00fdm fungovan\u00edm tela, od stavov dot\u00fdkaj\u00facich sa srdca a ciev, cez \u00farazy a \u0161portov\u00e9 zranenia a\u017e po kontrolu z\u00e1palov\u00fdch reakci\u00ed<\/strong>. Serrapept\u00e1za <strong>bola a je tradi\u010dne pou\u017e\u00edvan\u00e1 v tradi\u010dnom lie\u010dite\u013estve a alternat\u00edvnej medic\u00edne na r\u00f4zne \u00fa\u010dely.<\/strong><\/p>\n<p>Serrapept\u00e1za zn\u00e1ma tie\u017e aj ako serralyz\u00edn, serratiapept\u00e1za je proteolytick\u00fd enz\u00fdm, ktor\u00fd n\u00e1jdete aj pri priadke moru\u0161ovej.<\/p>\n<p>&nbsp;<\/p>\n<h2>Enzymatick\u00e1 aktivita \u010di potencia enz\u00fdmu<\/h2>\n<p>Rozhoduj\u00face je <strong>enzymatick\u00e1 aktivita<\/strong>, nie hmotnos\u0165 vlastn\u00e9ho enz\u00fdmu. \u00da\u010dinnos\u0165 enz\u00fdmu sa ud\u00e1va v jednotk\u00e1ch <strong>SPU (Serratiopeptidase Units)<\/strong> \u2013 \u010d\u00edm vy\u0161\u0161ia hodnota SPU, t\u00fdm vy\u0161\u0161ia je jeho aktivita. Napr\u00edklad ozna\u010denie <strong>SERRAPEPT\u00c1ZA 250 000 SPU<\/strong> vyjadruje silu enz\u00fdmu prostredn\u00edctvom jeho biologickej aktivity, nie v\u00e1hy. Niektor\u00ed v\u00fdrobcovia na etikete uv\u00e1dzaj\u00fa iba mno\u017estvo v miligramoch. Tento \u00fadaj v\u0161ak informuje len o hmotnosti l\u00e1tky, nie o jej skuto\u010dnej enzymatickej sile.<\/p>\n<p>D\u00f4le\u017eit\u00e9 je tie\u017e overi\u0165, \u010di deklarovan\u00e1 aktivita (napr. 250 000 SPU) zodpoved\u00e1 <strong>jednej kapsule<\/strong>, alebo \u010di je rozdelen\u00e1 do viacer\u00fdch denn\u00fdch d\u00e1vok. Ak je hodnota rozpo\u010d\u00edtan\u00e1 napr\u00edklad do dvoch alebo troch kaps\u00fal, pripad\u00e1 na jednu kapsulu iba \u010das\u0165 deklarovanej aktivity. Pri porovnan\u00ed ceny je preto vhodn\u00e9 vych\u00e1dza\u0165 z aktivity na jednu kapsulu. Inak m\u00f4\u017ee produkt p\u00f4sobi\u0165 v\u00fdhodne, hoci v skuto\u010dnosti obsahuje ni\u017e\u0161ie mno\u017estvo \u00fa\u010dinnej l\u00e1tky a vy\u0161\u0161\u00ed podiel pomocn\u00fdch zlo\u017eiek.<\/p>\n<p>&nbsp;<\/p>\n<hr \/>\n<h5><b>DAROVANIE <\/b><b>pre doplnok stravy (Serrapept\u00e1za 250.000 SPU):<\/b><\/h5>\n<p>1 kapsula denne<\/p>\n<p><b>Balenie: 180 veg\u00e1nskych kaps\u00fal na 60 dn\u00ed (bal\u00ed\u010dek 3x d\u00f3za po 60 kapsul\u00e1ch). <\/b><\/p>\n<p>Enterosolventn\u00e9 kapsule, ktor\u00e9 maj\u00fa \u0161peci\u00e1lny obal, ktor\u00fd sa nerozp\u00fa\u0161\u0165a v kyslom prostred\u00ed \u017eal\u00fadka, ale rozlo\u017e\u00ed sa a\u017e v z\u00e1saditej\u0161om prostred\u00ed tenk\u00e9ho \u010dreva, kde sa uvo\u013en\u00ed jeho obsah. T\u00fdm p\u00e1dom je chr\u00e1nen\u00fd obsah pred \u017eal\u00fado\u010dnou kyselinou a zais\u0165uje, \u017ee enz\u00fdm \u00fa\u010dinkuje a\u017e tam, kde m\u00e1.<span class=\"uJ19be notranslate\" data-wiz-uids=\"sYoAsd_e,sYoAsd_f,sYoAsd_g\" data-processed=\"true\"><span class=\"vKEkVd\" data-animation-atomic=\"\" data-wiz-attrbind=\"class=sYoAsd_e\/TKHnVd;\" data-processed=\"true\">\u00a0<\/span><\/span><\/p>\n<h5><b>Z\u00c1VER <\/b><b>pre doplnok stravy (Serrapept\u00e1za 250000 SPU):<\/b><\/h5>\n<p>Proteolytick\u00fd enz\u00fdm Serrapept\u00e1za (poskytuje minim\u00e1lne 250000 SPU\/SU v ka\u017edej kapsule). Ostatn\u00e9 ingrediencie: veg\u00e1nska kapsula. <strong>Serrapept\u00e1za<\/strong> neobsahuje umel\u00e9 pr\u00edchuti alebo sladidl\u00e1, konzerva\u010dn\u00e9 l\u00e1tky, cukor, \u0161krob, mlieko, lakt\u00f3zu, s\u00f3ju, vajcia, glutam\u00e1t, p\u0161enicu, dro\u017edie, stear\u00e1t hore\u010dnat\u00fd a NIE JE GENETICKY MODIFIKOVAN\u00dd.<\/p>\n<h5><b>SKLADOVANIE pre doplnok stravy (Serrapept\u00e1za 250000 SPU):<\/b><\/h5>\n<p>Uchov\u00e1vajte v suchu pri izbovej teplote. Chr\u00e1\u0148te pred mrazom. Nevystavujte priamemu slne\u010dn\u00e9mu \u017eiareniu. Uchov\u00e1vajte mimo dosahu det\u00ed.<\/p>\n<h5><strong>UPOZORNENIE <\/strong><b>pre doplnok stravy (Serrapept\u00e1za 250000 SPU):<\/b><\/h5>\n<p>Nejde o liek a nenahr\u00e1dza pestr\u00fa stravu. Ak ste tehotn\u00e1, doj\u010d\u00edte alebo u\u017e\u00edvate lieky, pora\u010fte sa o u\u017e\u00edvan\u00ed so svoj\u00edm lek\u00e1rom. Nepou\u017e\u00edvajte pri zn\u00e1mej precitlivenosti na niektor\u00fa zlo\u017eku lieku.<\/p>","protected":false},"excerpt":{"rendered":"<h2>Serrapept\u00e1za 250 000 SPU pre podporu procesov prebiehaj\u00facich v m\u00e4kk\u00fdch tkaniv\u00e1ch a priechodnosti ciev v bal\u00ed\u010dkoch 3 ks (ned\u00e1 sa uplatni\u0165 kup\u00f3n, preto\u017ee sada je u\u017e cenovo zv\u00fdhodnen\u00e1 a z\u013eavu u\u017e zah\u0155\u0148a) + navy\u0161e ZADARMO bude automaticky pridan\u00fd DIGESTIFF \u2013 enz\u00fdmy podporuj\u00face lep\u0161ie tr\u00e1venie.<\/h2>\n<p><strong>Serrapept\u00e1za 250 000 SPU<\/strong> je vysoko akt\u00edvny <strong>proteolytick\u00fd enz\u00fdm<\/strong>, ktor\u00fd si \u013eudia volia pri snahe podpori\u0165 prirodzen\u00e9 o\u010distn\u00e9 a regenera\u010dn\u00e9 procesy v tele. Je vyh\u013ead\u00e1van\u00e1 najm\u00e4 v s\u00favislosti s rovnov\u00e1hou z\u00e1palov\u00fdch procesov a podporou zdrav\u00e9ho organizmu. V\u010faka vysokej enzymatickej aktivite zapad\u00e1 do starostlivosti o cievny komfort, pohybov\u00fd apar\u00e1t aj celkov\u00fa vn\u00fatorn\u00fa rovnov\u00e1hu, najm\u00e4 pri dlhodobej z\u00e1\u0165a\u017ei. \u010cist\u00e9 zlo\u017eenie bez zbyto\u010dn\u00fdch pr\u00edmes\u00ed \u2013 cielen\u00e1 enz\u00fdmov\u00e1 podpora pre t\u00fdch, ktor\u00ed chc\u00fa \u00eds\u0165 ku skuto\u010dnej podstate probl\u00e9mu.<\/p>\n<p><em><strong>Serrapept\u00e1za s vysokou enzymatickou aktivitou 250 000 SPU v \u010distej forme bez plnidiel, v gastrorezistentn\u00fdch kapsuliach.<\/strong><\/em><\/p>\n<p>&nbsp;<\/p>\n<p><strong>Tu n\u00e1jdete produkt SERRAPEPT\u00c1ZA 500000 SPU:<\/strong><\/p>\n<p><a href=\"https:\/\/www.linie4life.com\/sk\/obchod\/serrapeptaza-500000-spu-vysoka-ucinnos\/?wmc-currency=EUR\">https:\/\/www.linie4life.com\/obchod\/serrapeptaza-500000-spu-vysoka-ucinnost\/<\/a><\/p>","protected":false},"featured_media":16793,"comment_status":"open","ping_status":"closed","template":"","meta":[],"product_brand":[58],"product_cat":[15,27,292,25,26,23,201,286,79,80,78,81,29,31,30,32,33],"product_tag":[],"class_list":{"0":"post-15001","1":"product","2":"type-product","3":"status-publish","4":"has-post-thumbnail","6":"product_brand-for-a-long-life","7":"product_cat-detoxikace","8":"product_cat-dlouhovekost","9":"product_cat-exkluzivni-vip-vyber","10":"product_cat-hubnuti","11":"product_cat-imunita","12":"product_cat-krasa","13":"product_cat-lymfa","14":"product_cat-bestsellers","15":"product_cat-ocista-jater","16":"product_cat-prevence","17":"product_cat-psychika","18":"product_cat-regenerace","19":"product_cat-spanek-a-uzkost","20":"product_cat-zdrave-zazivani","21":"product_cat-zdrave-srdce","22":"product_cat-zdravi-muze","23":"product_cat-zdravi-zeny","25":"first","26":"instock","27":"taxable","28":"shipping-taxable","29":"purchasable","30":"product-type-simple"},"_links":{"self":[{"href":"https:\/\/www.linie4life.com\/sk\/wp-json\/wp\/v2\/product\/15001","targetHints":{"allow":["GET"]}}],"collection":[{"href":"https:\/\/www.linie4life.com\/sk\/wp-json\/wp\/v2\/product"}],"about":[{"href":"https:\/\/www.linie4life.com\/sk\/wp-json\/wp\/v2\/types\/product"}],"replies":[{"embeddable":true,"href":"https:\/\/www.linie4life.com\/sk\/wp-json\/wp\/v2\/comments?post=15001"}],"version-history":[{"count":10,"href":"https:\/\/www.linie4life.com\/sk\/wp-json\/wp\/v2\/product\/15001\/revisions"}],"predecessor-version":[{"id":18049,"href":"https:\/\/www.linie4life.com\/sk\/wp-json\/wp\/v2\/product\/15001\/revisions\/18049"}],"wp:featuredmedia":[{"embeddable":true,"href":"https:\/\/www.linie4life.com\/sk\/wp-json\/wp\/v2\/media\/16793"}],"wp:attachment":[{"href":"https:\/\/www.linie4life.com\/sk\/wp-json\/wp\/v2\/media?parent=15001"}],"wp:term":[{"taxonomy":"product_brand","embeddable":true,"href":"https:\/\/www.linie4life.com\/sk\/wp-json\/wp\/v2\/product_brand?post=15001"},{"taxonomy":"product_cat","embeddable":true,"href":"https:\/\/www.linie4life.com\/sk\/wp-json\/wp\/v2\/product_cat?post=15001"},{"taxonomy":"product_tag","embeddable":true,"href":"https:\/\/www.linie4life.com\/sk\/wp-json\/wp\/v2\/product_tag?post=15001"}],"curies":[{"name":"wp","href":"https:\/\/api.w.org\/{rel}","templated":true}]}}