{"id":5965,"date":"2025-03-20T16:10:44","date_gmt":"2025-03-20T15:10:44","guid":{"rendered":"https:\/\/www.linie4life.com\/?post_type=product&#038;p=5965"},"modified":"2026-04-27T13:08:42","modified_gmt":"2026-04-27T11:08:42","slug":"etalon-bunky-pomale-starnutie-360-kapsul-180-dni","status":"publish","type":"product","link":"https:\/\/www.linie4life.com\/sk\/obchod\/etalon-cell-zpomaleni-starnuti-360-kapsli-180-dni\/","title":{"rendered":"ETALON CELL podpora spomalenia prejavov starnutia buniek 360 kaps\u00fal 180 dn\u00ed"},"content":{"rendered":"<div>\n<p>Pustite si kr\u00e1tke video:<\/p>\n<p data-start=\"242\" data-end=\"959\"><a class=\"decorated-link\" href=\"https:\/\/youtube.com\/shorts\/q8PkFqZIEFg\" target=\"_blank\" rel=\"noopener\" data-start=\"304\" data-end=\"348\">SK<\/a> | <a class=\"decorated-link\" href=\"https:\/\/youtube.com\/shorts\/UzIWRqmOJH4\" target=\"_blank\" rel=\"noopener\" data-start=\"351\" data-end=\"395\">SK<\/a> | <a class=\"decorated-link\" href=\"https:\/\/youtube.com\/shorts\/y7TCsltH7DQ\" target=\"_blank\" rel=\"noopener\" data-start=\"398\" data-end=\"442\">EN<\/a> | <a class=\"decorated-link\" href=\"https:\/\/youtube.com\/shorts\/NJ5DkEZnbOw\" target=\"_blank\" rel=\"noopener\" data-start=\"445\" data-end=\"489\">BG<\/a> | <a class=\"decorated-link\" href=\"https:\/\/youtube.com\/shorts\/sKGPBb2TGfg\" target=\"_blank\" rel=\"noopener\" data-start=\"492\" data-end=\"536\">DE<\/a> | <a class=\"decorated-link\" href=\"https:\/\/youtube.com\/shorts\/-0FdfGBgNB4\" target=\"_blank\" rel=\"noopener\" data-start=\"539\" data-end=\"583\">ES<\/a> | <a class=\"decorated-link\" href=\"https:\/\/youtube.com\/shorts\/oV9t40u9HRU\" target=\"_blank\" rel=\"noopener\" data-start=\"586\" data-end=\"630\">FR<\/a> | <a class=\"decorated-link\" href=\"https:\/\/youtube.com\/shorts\/4Gd2RkXTDhI\" target=\"_blank\" rel=\"noopener\" data-start=\"633\" data-end=\"677\">HU<\/a> | <a class=\"decorated-link\" href=\"https:\/\/youtube.com\/shorts\/lHg2tpfr0qo\" target=\"_blank\" rel=\"noopener\" data-start=\"680\" data-end=\"724\">IT<\/a> | <a class=\"decorated-link\" href=\"https:\/\/youtube.com\/shorts\/HJGysenrIFQ\" target=\"_blank\" rel=\"noopener\" data-start=\"727\" data-end=\"771\">PL<\/a> | <a class=\"decorated-link\" href=\"https:\/\/youtube.com\/shorts\/IOCtHwyZVLE\" target=\"_blank\" rel=\"noopener\" data-start=\"774\" data-end=\"818\">RO<\/a> | <a class=\"decorated-link\" href=\"https:\/\/youtube.com\/shorts\/eS6Cyv5aKkk\" target=\"_blank\" rel=\"noopener\" data-start=\"821\" data-end=\"865\">RU<\/a> | <a class=\"decorated-link\" href=\"https:\/\/youtube.com\/shorts\/B7UUAAz6qgw\" target=\"_blank\" rel=\"noopener\" data-start=\"868\" data-end=\"912\">UK<\/a> | <a class=\"decorated-link\" href=\"https:\/\/youtube.com\/shorts\/Ec_9PpA5a1Q\" target=\"_blank\" rel=\"noopener\" data-start=\"915\" data-end=\"959\">VI<\/a><\/p>\n<p><em><strong>ETALON CELL <\/strong><\/em>m\u00f4\u017ee prispie\u0165 k vitaliz\u00e1cii, pru\u017enosti a hydrat\u00e1cii poko\u017eky, podie\u013ea\u0165 sa na <strong>delenie buniek a t\u00fdm podpori\u0165 omladenie imunitn\u00e9ho syst\u00e9mu<\/strong>, podpori\u0165 <strong>spomalenie starnutia organizmu<\/strong> a m\u00f4\u017ee <strong>podpori\u0165 kognit\u00edvne funkcie<\/strong> (pam\u00e4\u0165, pozornos\u0165, ment\u00e1lne schopnosti), zmyslov\u00e9 vn\u00edmanie (zrak, sluch, \u010duch). <strong>Podpora tvorby T-lymfocytov<\/strong>.<\/p>\n<\/div>\n<div>\n<p><em><strong>ETALON CELL <\/strong><\/em>je epigenetick\u00fd v\u00fd\u017eivov\u00fd doplnok, ktor\u00fd obsahuje jedin\u00fa zn\u00e1mu patentovan\u00fa v\u00fd\u017eivov\u00fa zlo\u017eku, ktor\u00e1 m\u00f4\u017ee pred\u013a\u017ei\u0165 kr\u00e1tke \u013eudsk\u00e9 telomery t\u00fdm, \u017ee do\u010dasne aktivuje enz\u00fdm telomer\u00e1zu. T\u00fdm m\u00f4\u017ee spomali\u0165 proces starnutia buniek, a to aj u buniek imunitn\u00e9ho syst\u00e9mu.<\/p>\n<p><em><strong>ETALON CELL<\/strong><\/em>\u00a0tie\u017e m\u00f4\u017ee podpori\u0165 zv\u00fd\u0161enie hladiny energie. <em><strong>ETALON CELL<\/strong><\/em>\u00a0obsahuje siln\u00fa kombin\u00e1ciu antioxidantov, ktor\u00e9 m\u00f4\u017eu chr\u00e1ni\u0165 bunky, DNA, kme\u0148ov\u00e9 bunky a telom\u00e9ry pred oxida\u010dn\u00fdm stresom, \u017eiviny, ktor\u00e9 podporuj\u00fa kme\u0148ov\u00e9 bunky, \u010do zase m\u00f4\u017ee podpori\u0165 prirodzen\u00e9 mechanizmy omladenia. M\u00f4\u017ee podpori\u0165 prirodzen\u00fa bunkov\u00fa regener\u00e1ciu zvy\u0161uj\u00facu po\u010det bunkov\u00fdch delen\u00ed.<\/p>\n<p><em><strong>ETALON CELL<\/strong><\/em> 100% pr\u00edrodn\u00fd epigenetick\u00fd doplnok proti starnutiu. <strong>Pom\u00e1ha spomali\u0165 prejavy starnutia na bunkovej \u00farovni, zlep\u0161uje regener\u00e1ciu a vitalitu<\/strong>. K\u00fara na 6 mesiacov.<\/p>\n<p><span style=\"font-weight: 400;\">V\u010faka zvy\u0161ovaniu aktivity telomer\u00e1zy m\u00f4\u017ee prispie\u0165 ku <\/span><b>spomalenie starnutia buniek<\/b><span style=\"font-weight: 400;\">. M\u00f4\u017ee podpori\u0165 oddialenie \u201estarnutia\u201c bunky a m\u00f4\u017ee hlavne <\/span><b>zlep\u0161i\u0165 kvalitu \u017eivota<\/b><span style=\"font-weight: 400;\"> po\u010das \u010fal\u0161ieho starnutia.<\/span><\/p>\n<p><strong><i>ETALON CELL<\/i><\/strong><span style=\"font-weight: 400;\"> v\u00e1m m\u00f4\u017ee podpori\u0165 vytvori\u0165 podmienky na to, aby sa va\u0161e <\/span><b>telo ove\u013ea lep\u0161ie ozdravovalo samo<\/b><span style=\"font-weight: 400;\">. V\u010faka vedeck\u00fdm v\u00fdskumom in\u0161pirovan\u00fdch Nobelovou cenou, <\/span><i><span style=\"font-weight: 400;\"><strong>ETALON CELL<\/strong>,<\/span><\/i><span style=\"font-weight: 400;\"> m\u00f4\u017ee spomali\u0165 starnutie <\/span><b>nielen zvonku, ale aj vo vn\u00fatri v\u00e1\u0161ho tela<\/b><span style=\"font-weight: 400;\">.<\/span><\/p>\n<p><span style=\"font-weight: 400;\">V\u00fdsledkom pravideln\u00e9ho u\u017e\u00edvania m\u00f4\u017eete nielen <\/span><b>dobre vyzera\u0165<\/b><span style=\"font-weight: 400;\">, ale predov\u0161etk\u00fdm sa tie\u017e m\u00f4\u017eete <\/span><b>dobre c\u00edti\u0165<\/b><span style=\"font-weight: 400;\">. <\/span><\/p>\n<p><em><strong>ETALON CELL<\/strong><\/em><span style=\"font-weight: 400;\"> m\u00f4\u017ee pom\u00f4c\u0165 n\u00e1\u0161mu <\/span><b>telu starn\u00fa\u0165 zdravo.<\/b><\/p>\n<p><strong>Urobte si rados\u0165 <\/strong>dobre sa c\u00edti\u0165 a vyzera\u0165 mlado, vo vn\u00fatri a navonok, v ka\u017edom veku.<\/p>\n<p><strong>Laborat\u00f3rnymi \u0161t\u00fadiami mitotick\u00e9ho delenia somatick\u00fdch buniek bolo preuk\u00e1zan\u00e9, \u017ee redukcia telom\u00e9r je jedn\u00fdm z hlavn\u00fdch mechanizmov sp\u00f4sobuj\u00facich:<\/strong><\/p>\n<ul>\n<li>Obmedzenie bunkov\u00e9ho delenia<\/li>\n<li>S\u00favisiace zr\u00fdchlenie degenerat\u00edvnych procesov, vr\u00e1tane starnutia org\u00e1nov\u00fdch syst\u00e9mov<\/li>\n<\/ul>\n<p>&nbsp;<\/p>\n<p>Uk\u00e1zalo sa, \u017ee d\u013a\u017eka telom\u00e9r (kr\u00e1tke telom\u00e9ry) ovplyv\u0148uje v\u00fdvoj chor\u00f4b a patol\u00f3gi\u00ed, ako s\u00fa bronchi\u00e1lna astma, atopick\u00e1 dermatit\u00edda a psori\u00e1za, reumatoidn\u00e1 artrit\u00edda, syst\u00e9mov\u00fd lupus erythematosus, pred\u010dasn\u00e9 starnutie a dysfunkcia cel\u00e9ho imunitn\u00e9ho syst\u00e9mu, koron ateroskler\u00f3za, infarkt myokardu, osteopor\u00f3za, diabetes mellitus 1. a 2. typu, Alzheimerova choroba, Parkinsonova choroba, demencia, cirh\u00f3za, metabolick\u00fd syndr\u00f3m a \u010fal\u0161ie. S vekom sa \u013eu\u010fom nielen skracuj\u00fa telom\u00e9ry, ale taktie\u017e sa zni\u017euje po\u010det cyklov bunkov\u00e9ho delenia. Preto mo\u017eno telom\u00e9ry pova\u017eova\u0165 za marker v\u0161eobecn\u00e9ho biologick\u00e9ho starnutia.<\/p>\n<p>V d\u00f4sledku dlhodob\u00e9ho pr\u00edjmu <em><strong>E<\/strong><strong>TALON CELL<\/strong><\/em>\u00a0(minim\u00e1lna d\u013a\u017eka 12 mesiacov) <strong>bola preuk\u00e1zan\u00e1 schopnos\u0165 zv\u00fd\u0161enia aktivity telomer\u00e1zy a to na z\u00e1klade merate\u013en\u00fdch testov z akreditovan\u00e9ho laborat\u00f3ria.<\/strong>. Na z\u00e1klade t\u00fdchto testov, bolo preuk\u00e1zan\u00e9, \u017ee <em><strong>ETALON CELL,<\/strong><\/em> <strong>je schopn\u00fd<\/strong>, <strong>pred\u013a\u017ei\u0165 telom\u00e9ry, a t\u00fdm oddiali\u0165 \u201estarnutie\u201c bunky.<\/strong><\/p>\n<p>&nbsp;<\/p>\n<p><strong>PRE\u010cO ODPOR\u00da\u010cAM U\u017d\u00cdVA\u0164 ETALON CELL z OSOBNEJ SK\u00daSENOSTI?\u00a0<\/strong><\/p>\n<p>Vn\u00edmam a vid\u00edm na sebe znate\u013en\u00e9 zmeny vo vn\u00fatri aj navonok a navy\u0161e som dan\u00fd test sama podst\u00fapila.<\/p>\n<div>\n<ul>\n<li>Obsahuje jedin\u00fa zn\u00e1mu patentovan\u00fa v\u00fd\u017eivov\u00fa zlo\u017eku, ktor\u00e1 predl\u017euje kr\u00e1tke \u013eudsk\u00e9 telom\u00e9ry.<\/li>\n<li>Do\u010dasne aktivuje telomer\u00e1zu - enz\u00fdm, ktor\u00fd predl\u017euje telomery.<\/li>\n<li>Spoma\u013euje proces starnutia buniek, a to aj u buniek imunitn\u00e9ho syst\u00e9mu.<\/li>\n<li>Podporuje zv\u00fd\u0161enie hladiny energie.<\/li>\n<li>Obsahuje siln\u00fa kombin\u00e1ciu antioxidantov, ktor\u00e9 chr\u00e1nia bunky, DNA, kme\u0148ov\u00e9 bunky a telom\u00e9ry pred oxida\u010dn\u00fdm stresom.<\/li>\n<li>Obsahuje \u017eiviny, ktor\u00e9 podporuj\u00fa kme\u0148ov\u00e9 bunky tela, \u010do zase podporuje prirodzen\u00e9 mechanizmy omladenia.<\/li>\n<li>Podporuje prirodzen\u00fa bunkov\u00fa regener\u00e1ciu a zvy\u0161uje po\u010det bunkov\u00fdch delen\u00ed.<\/li>\n<\/ul>\n<\/div>\n<\/div>\n<p>&nbsp;<\/p>\n<p>&nbsp;<\/p>\n<div dir=\"ltr\">\n<div><\/div>\n<\/div>\n<div dir=\"ltr\">\n<div><em><strong>ETALON CELL<\/strong><\/em>\u00a0mierne stimuluje aktivitu telomer\u00e1zy a hladina enz\u00fdmu st\u00fapa iba v bezpe\u010dn\u00fdch medziach (je vzat\u00e9 do \u00favahy tzv. \u201eTelomer\u00e1zov\u00e9 po\u010d\u00edtadlo\u201c). Pri u\u017e\u00edvan\u00ed <em><strong>ETALON CELL<\/strong><\/em> s\u00fa onkologick\u00e9 rizik\u00e1 star\u0161\u00edch pacientov zn\u00ed\u017een\u00e9 v d\u00f4sledku obnovy buniek imunitn\u00e9ho syst\u00e9mu. Pou\u017eitie doplnku stravy <em><strong>ETALON CELL<\/strong><\/em> v\u00fdznamne zn\u00ed\u017ei po\u010det buniek s kr\u00e1tkymi telomerami. Epigenetick\u00fd nutraceutical <em><strong>ETALON CELL <\/strong><\/em>a jeho u\u017e\u00edvanie je navrhnut\u00e9 tak, aby zoh\u013ead\u0148ovali mo\u017en\u00e9 obavy a strachy vyvol\u00e1vaj\u00face inform\u00e1cie o rizik\u00e1ch rozvoja rakoviny.<\/div>\n<\/div>\n<div><\/div>\n<div><\/div>\n<div>\n<hr \/>\n<\/div>\n<div>\n<div><strong>D\u00c1VKOVANIE (pre epigenetick\u00fd nutraceutical ETALON CELL):<\/strong><\/div>\n<\/div>\n<div>\n<div><strong>Ro\u010dn\u00e1 k\u00fara<\/strong><\/div>\n<div dir=\"ltr\">\n<div>Vek 30-60 rokov - 2 tobolky denne<\/div>\n<div>Vek 60-75 rokov \u2013 jeden a\u017e dva mesiace 4 kapsuly denne, \u010falej 2 kapsuly denne<\/div>\n<div>Nad 75 rokov \u2013 4-6 mesiacov 4 tobolky denne, \u010falej 2 tobolky denne<\/div>\n<\/div>\n<\/div>\n<div><\/div>\n<div><strong>SKLADOVANIE <\/strong><strong>(pre epigenetick\u00fd nutraceutical ETALON CELL):<\/strong><\/div>\n<div dir=\"ltr\">\n<p>Uchov\u00e1vajte v suchu pri izbovej teplote. Chr\u00e1\u0148te pred mrazom. Nevystavujte priamemu slne\u010dn\u00e9mu \u017eiareniu. Uchov\u00e1vajte mimo dosahu det\u00ed.<\/p>\n<h5><strong>UPOZORNENIE <\/strong><strong>(pre epigenetick\u00fd nutraceutical ETALON CELL):<\/strong><\/h5>\n<p>Nejde o liek a nenahr\u00e1dza pestr\u00fa stravu. Ak ste tehotn\u00e1, doj\u010d\u00edte alebo u\u017e\u00edvate lieky, pora\u010fte sa o u\u017e\u00edvan\u00ed so svoj\u00edm lek\u00e1rom. Nepou\u017e\u00edvajte pri zn\u00e1mej precitlivenosti na niektor\u00fa zlo\u017eku lieku.<\/p>\n<h5><strong>Z\u00c1VER <\/strong><strong>(pre epigenetick\u00fd nutraceutical ETALON CELL):<\/strong><\/h5>\n<div>Vitam\u00edn D - 400 IU, kyselina hyalur\u00f3nov\u00e1 - 15mg, Astragalus Membranaceus extrakt - 47,5mg. Extrakt z Astragalu obsahuje: astragalozidy, flavonoidy, polysacharidy, fytosteroly, pigmenty, aminokyseliny, beta\u00edn, chol\u00edn, nenas\u00fdten\u00e9 mastn\u00e9 kyseliny (linolov\u00e9). Neobsahuje \u017eiadnu umel\u00fa ar\u00f3mu ani sladidlo, bez konzerva\u010dn\u00fdch l\u00e1tok, bez cukru, bez \u0161krobu, bez mlieka, bez lakt\u00f3zy, bez s\u00f3je, bez vajec, bez glutam\u00e1tu, bez p\u0161enice, bez kvasiniek, bez stear\u00e1tu hore\u010dnat\u00e9ho.<\/div>\n<\/div>","protected":false},"excerpt":{"rendered":"<h2>Komplexn\u00e1 bunkov\u00e1 starostlivos\u0165 s \u00fa\u010dinn\u00fdmi l\u00e1tkami z kozinca blanit\u00e9ho pre ka\u017ed\u00fd de\u0148 na cel\u00fd polrok<\/h2>\n<p><strong>ETALON Cell<\/strong> predstavuje dlhodob\u00fd koncept <strong>bunkovej podpory<\/strong> postaven\u00fd na synergii \u00fa\u010dinn\u00fdch l\u00e1tok (complex astragalozid IV, akt\u00edvny cykloastragenol, vitam\u00edn D a kyselina hyalur\u00f3nov\u00e1) v dennej d\u00e1vke na cel\u00fd rok. Je navrhnut\u00fd pre systematick\u00fa starostlivos\u0165 o <strong>bunkov\u00fa rovnov\u00e1hu, telom\u00e9ry, vitalitu<\/strong> a <strong>prirodzen\u00e9 regenera\u010dn\u00e9 procesy<\/strong>, ktor\u00e9 sa inak s vekom spoma\u013euj\u00fa. Produkt je ur\u010den\u00fd pre t\u00fdch, ktor\u00ed chc\u00fa pracova\u0165 s telom dlhodobo. V\u010faka premyslen\u00e9mu zlo\u017eeniu zapad\u00e1 do ka\u017edodennej rutiny \u2013 ako stabiln\u00fd z\u00e1klad <strong>starostlivos\u0165 o energiu, odolnos\u0165 a biologick\u00fa kond\u00edciu vr. biologick\u00e9ho veku.<\/strong><\/p>\n<p><em><strong>ETALON Cell \u2013 polrok cielenej bunkovej podpory. Za\u010dnite so systematickou, cielenou starostlivos\u0165ou.<\/strong><\/em><\/p>\n<div style=\"border: 2px solid #eb248c; border-radius: 12px; padding: 16px; background: rgba(235,36,140,0.06);\"><strong>K n\u00e1kupu ETALON CELL z\u00edskate zadarmo polro\u010dn\u00e9 balenie pr\u00e9miov\u00e9ho morsk\u00e9ho kolag\u00e9nu.<\/strong><br \/>\nKolag\u00e9n je s\u00fa\u010das\u0165ou dlhodobej starostlivosti o k\u013aby, chrupavky, poko\u017eku a cel\u00fd pohybov\u00fd apar\u00e1t a zapad\u00e1 do systematick\u00e9ho pr\u00edstupu k vitalite a regener\u00e1cii organizmu.<br \/>\nVhodn\u00fd pre \u017eeny aj mu\u017eov v\u0161etk\u00fdch vekov\u00fdch kateg\u00f3ri\u00ed, rovnako tak pre \u0161portovcov alebo osoby vystaven\u00e9 vy\u0161\u0161ej fyzickej \u010di psychickej z\u00e1\u0165a\u017ei.<\/div>","protected":false},"featured_media":5995,"comment_status":"open","ping_status":"closed","template":"","meta":[],"product_brand":[58],"product_cat":[27,26,23,80,81,32,33],"product_tag":[64,65,66,67,68,69,70],"class_list":{"0":"post-5965","1":"product","2":"type-product","3":"status-publish","4":"has-post-thumbnail","6":"product_brand-for-a-long-life","7":"product_cat-dlouhovekost","8":"product_cat-imunita","9":"product_cat-krasa","10":"product_cat-prevence","11":"product_cat-regenerace","12":"product_cat-zdravi-muze","13":"product_cat-zdravi-zeny","14":"product_tag-hubnuti","15":"product_tag-lek","16":"product_tag-medicina","17":"product_tag-priroda","18":"product_tag-prirodni","19":"product_tag-zdravi","20":"product_tag-zdravy","22":"first","23":"instock","24":"purchasable","25":"product-type-simple"},"_links":{"self":[{"href":"https:\/\/www.linie4life.com\/sk\/wp-json\/wp\/v2\/product\/5965","targetHints":{"allow":["GET"]}}],"collection":[{"href":"https:\/\/www.linie4life.com\/sk\/wp-json\/wp\/v2\/product"}],"about":[{"href":"https:\/\/www.linie4life.com\/sk\/wp-json\/wp\/v2\/types\/product"}],"replies":[{"embeddable":true,"href":"https:\/\/www.linie4life.com\/sk\/wp-json\/wp\/v2\/comments?post=5965"}],"version-history":[{"count":10,"href":"https:\/\/www.linie4life.com\/sk\/wp-json\/wp\/v2\/product\/5965\/revisions"}],"predecessor-version":[{"id":17384,"href":"https:\/\/www.linie4life.com\/sk\/wp-json\/wp\/v2\/product\/5965\/revisions\/17384"}],"wp:featuredmedia":[{"embeddable":true,"href":"https:\/\/www.linie4life.com\/sk\/wp-json\/wp\/v2\/media\/5995"}],"wp:attachment":[{"href":"https:\/\/www.linie4life.com\/sk\/wp-json\/wp\/v2\/media?parent=5965"}],"wp:term":[{"taxonomy":"product_brand","embeddable":true,"href":"https:\/\/www.linie4life.com\/sk\/wp-json\/wp\/v2\/product_brand?post=5965"},{"taxonomy":"product_cat","embeddable":true,"href":"https:\/\/www.linie4life.com\/sk\/wp-json\/wp\/v2\/product_cat?post=5965"},{"taxonomy":"product_tag","embeddable":true,"href":"https:\/\/www.linie4life.com\/sk\/wp-json\/wp\/v2\/product_tag?post=5965"}],"curies":[{"name":"wp","href":"https:\/\/api.w.org\/{rel}","templated":true}]}}