{"id":5970,"date":"2025-03-20T16:10:44","date_gmt":"2025-03-20T15:10:44","guid":{"rendered":"https:\/\/www.linie4life.com\/?post_type=product&#038;p=5970"},"modified":"2026-03-08T09:38:51","modified_gmt":"2026-03-08T08:38:51","slug":"kombucha-extrakt-detoxikacia-chudnutie-lymfa","status":"publish","type":"product","link":"https:\/\/www.linie4life.com\/sk\/obchod\/kombucha-extrakt-detoxikace-hubnuti-lymfa\/","title":{"rendered":"KOMBUCHA EXTRAKT 30:1 detoxik\u00e1cia pe\u010dene chudnutie lymfa 300 ml na 9 litrov"},"content":{"rendered":"<h2>Extrakt z kombuchy v pomere 30:1<\/h2>\n<p><span class=\"s1\"><strong>100 % pr\u00edrodn\u00fd terapeutick\u00fd extrakt vhodn\u00fd ako podpora detoxik\u00e1cie organizmu, na o\u010distu pe\u010dene, podporu toku lymfy, chudnutie, \u00fanave, v\u00fddaji v\u00e4\u010d\u0161ieho mno\u017estva energie, pri zv\u00fd\u0161enej potrebe (zimn\u00e9 obdobie, stres, civiliza\u010dn\u00e9 ochorenie)<\/strong>. Kombucha e<\/span><span class=\"s1\">xtrakt <strong>m\u00e1 koncentr\u00e1ciu zdrav\u00fdch \u017eiv\u00edn viac ako 100x vy\u0161\u0161ia ako nekoncetrovan\u00fd kombucha \u010daj.<\/strong> <strong>Vyr\u00e1ba sa z kombucha \u010daju<\/strong>, ktor\u00fd je spracovan\u00fd na koncentr\u00e1t, potom na extrakt technol\u00f3gi\u00ed v\u00e1kuovej separ\u00e1cie, <strong>kedy sa oddel\u00ed cukor, zvy\u0161kov\u00fd alkohol, kvasinky a zostan\u00fa iba \u00fa\u010dinn\u00e9 l\u00e1tky vo vysokej koncentr\u00e1cii, ktor\u00fd m\u00e1 vysok\u00fd nutri\u010dn\u00fd obsah miner\u00e1lov, vitam\u00ednov radu B a jedine\u010dn\u00fa kombin\u00e1ciu kyseliny gluk\u00f3novej a glukur\u00f3novej. <\/strong><\/span><span class=\"s1\">Kyselina glukur\u00f3nov\u00e1 zohr\u00e1va k\u013e\u00fa\u010dov\u00fa \u00falohu pri detoxika\u010dnom procese pe\u010dene<\/span><span class=\"s1\"><strong>.<\/strong><\/span><\/p>\n<p><span class=\"s1\"><b>Ak\u00e9 benefity extrakt z kombuchy prin\u00e1\u0161a a \u010d\u00edm m\u00f4\u017ee by\u0165 prospe\u0161n\u00fd? <\/b><\/span><\/p>\n<p><span class=\"s1\"><b>Tu je nieko\u013eko d\u00f4vodov, pre\u010do sa \u013eudia rozhodn\u00fa\u0165 ho u\u017e\u00edva\u0165:<\/b><\/span><\/p>\n<p>Kombucha extrakt je tie\u017e\u00a0<strong>bohat\u00fd na polyfenoly, flavonoidy, antioxidanty, vitam\u00edn C, probiotick\u00e9 bakt\u00e9rie. <\/strong>F<span style=\"color: #202124; font-family: inherit;\">ermentovan\u00fd n\u00e1poj je vyroben\u00fd z kol\u00f3nie bakt\u00e9ri\u00ed a kvasiniek, \u010dasto ozna\u010dovan\u00fd ako SCOBY \u2013 symbiotick\u00e1 kult\u00fara bakt\u00e9ri\u00ed a kvasiniek. Tento fermenta\u010dn\u00fd proces produkuje probiotik\u00e1, \u010do s\u00fa prospe\u0161n\u00e9 mikroorganizmy, ktor\u00e9 m\u00f4\u017eu podporova\u0165 <\/span> rast prospe\u0161n\u00fdch \u010drevn\u00fdch bakt\u00e9ri\u00ed a zni\u017eova\u0165 v\u00fdskyt \u0161kodliv\u00fdch bakt\u00e9ri\u00ed. To m\u00f4\u017ee potenci\u00e1lne zmierni\u0165 tr\u00e1viace probl\u00e9my, ako je nad\u00favanie, plynatos\u0165 a poruchy tr\u00e1venia a ma\u0165 vplyv na <span style=\"color: #202124;\">\u010drevn\u00fd mikr\u00f3biom a harmonizova\u0165 rovnov\u00e1hu \u010drevn\u00fdch bakt\u00e9ri\u00ed a zlep\u0161i\u0165 tr\u00e1venie a za\u017e\u00edvanie.\u00a0<\/span><\/p>\n<div><b>Dobr\u00e1 n\u00e1lada a dusenie pohoda m\u00f4\u017ee by\u0165 odrazom toho \u010do m\u00e1me v \u010drev\u00e1ch.<\/b> Existuj\u00fa ur\u010dit\u00e9 \u0161pekul\u00e1cie, \u017ee spojenie \u010dreva a mozgu zohr\u00e1va \u00falohu v regul\u00e1cii n\u00e1lady a optim\u00e1lna skladba bakt\u00e9ri\u00ed v \u010dreve m\u00f4\u017ee prispieva\u0165 k lep\u0161ej du\u0161evnej pohode.<\/div>\n<div><b><span style=\"color: #202124;\">Kombucha je sp\u00e1jan\u00e1 s detoxik\u00e1ciou, ale aj ako vhodn\u00e1 podpora pri lymfatick\u00fdch mas\u00e1\u017each, p\u00f4stoch, chudnut\u00ed, pri r\u00f4znych typoch di\u00e9t (pre <\/span><span style=\"color: #202124; font-family: inherit;\">n\u00edzky obsah kal\u00f3ri\u00ed), vy\u010derpanie\u00a0<\/span><\/b><span style=\"color: #202124;\"><b>organizmu, ale aj pri rade civiliza\u010dn\u00fdch ochoren\u00ed (boreli\u00f3za, \u017elta\u010dka, EB v\u00edrusy). <\/b><\/span><b>Viete \u010do je detoxik\u00e1cia organizmu?<\/b> Znamen\u00e1 to v podstate \u201eo\u010dista tela\u201c \u2013 je to met\u00f3da vyu\u017e\u00edvan\u00e1 u\u017e tis\u00edce rokov. Cie\u013eom detoxik\u00e1cie organizmu je pre\u010distenie tela, \u00fa\u013eava od v\u0161etk\u00fdch \u0161kodliv\u00edn, ktor\u00fdmi je zanesen\u00e9. <b>Prirodzen\u00e1 detoxik\u00e1cia prebieha v tele st\u00e1le. Tox\u00edny s\u00fa vylu\u010dovan\u00e9 prostredn\u00edctvom org\u00e1nov \u2013 pe\u010dene, obli\u010diek a \u010driev. <\/b><b>A ak\u00fa \u00falohu hraj\u00fa antioxidanty v \u013eudskom tele?<\/b> Pom\u00e1haj\u00fa chr\u00e1ni\u0165 bunky pred oxida\u010dn\u00fdm stresom a po\u0161koden\u00edm sp\u00f4soben\u00fdm vo\u013en\u00fdmi radik\u00e1lmi a potenci\u00e1lne zni\u017euj\u00fa riziko chronick\u00fdch ochoren\u00ed.<\/div>\n<div><\/div>\n<div><\/div>\n<div><\/div>\n<div><\/div>\n<div><\/div>\n<div><\/div>\n<div><\/div>\n<div><\/div>\n<div><\/div>\n<p><span class=\"s1\">Kombucha extrakt obsahuje <b>miner\u00e1ly<\/b>: <\/span><\/p>\n<ul class=\"ul1\">\n<li class=\"li1\"><span class=\"s1\">hor\u010d\u00edk <\/span><\/li>\n<li class=\"li1\"><span class=\"s1\">v\u00e1pnik <\/span><\/li>\n<li class=\"li1\"><span class=\"s1\">zinok <\/span><\/li>\n<li class=\"li1\"><span class=\"s1\">\u017eelezo <\/span><\/li>\n<li class=\"li1\"><span class=\"s1\">me\u010f <\/span><\/li>\n<li class=\"li1\"><span class=\"s1\">mang\u00e1n ai. <\/span><\/li>\n<\/ul>\n<p><span class=\"s1\"><b>vitam\u00edny:<\/b> <\/span><\/p>\n<ul class=\"ul1\">\n<li class=\"li1\"><span class=\"s1\">B1 <\/span><\/li>\n<li class=\"li1\"><span class=\"s1\">B2 <\/span><\/li>\n<li class=\"li1\"><span class=\"s1\">B3 <\/span><\/li>\n<li class=\"li1\"><span class=\"s1\">B5 <\/span><\/li>\n<li class=\"li1\"><span class=\"s1\">B6 <\/span><\/li>\n<li class=\"li2\"><span class=\"s3\">C <\/span><\/li>\n<\/ul>\n<p><span class=\"s1\">a jedine\u010dn\u00fa <b>kombin\u00e1ciu organick\u00fdch kysel\u00edn<\/b>: <\/span><\/p>\n<ul class=\"ul1\">\n<li class=\"li1\"><span class=\"s1\">kyselina gluk\u00f3nov\u00e1 <\/span><\/li>\n<li class=\"li1\"><span class=\"s1\">kyselina glukur\u00f3nov\u00e1 <\/span><\/li>\n<\/ul>\n<p><span class=\"s1\">Kyselina glukur\u00f3nov\u00e1 zohr\u00e1va k\u013e\u00fa\u010dov\u00fa \u00falohu pri detoxika\u010dnom procese pe\u010dene.<\/span><\/p>\n<p>&nbsp;<\/p>\n<hr \/>\n<h5 class=\"p1\"><span class=\"s1\"><b>DAROVANIE <\/b><\/span><strong>pre doplnok stravy (Kombucha extrakt):<\/strong><\/h5>\n<p><span class=\"s1\">D\u00e1vkovanie nie je \u00faplne presne dan\u00e9. Odpor\u00fa\u010da sa od <b>3 \u010dajov\u00fdch ly\u017ei\u010diek<\/b> a\u017e po <b>3 polievkov\u00e9 ly\u017eice denne<\/b>, a to ide\u00e1lne pred jedlom. <\/span><span class=\"s1\">Pokia\u013e sa v\u00e1m chu\u0165 zd\u00e1 pr\u00edli\u0161 siln\u00e1, za\u010dnite zmie\u0161an\u00edm <b>1 \u010dajov\u00e9 ly\u017ei\u010dky<\/b> extraktu sa <b>100 ml vody<\/b> trikr\u00e1t denne. Po 3-4 d\u0148och, ke\u010f si na chu\u0165 zvyknete, prejdite na odpor\u00fa\u010dan\u00e9 d\u00e1vkovanie. <b>Je d\u00f4le\u017eit\u00e9 poznamena\u0165<\/b><span style=\"color: #202124; font-family: inherit;\">, \u017de zatia\u013e \u010do mnoho \u013eud\u00ed pova\u017euje extrakt z kombuchy za zdrav\u00fd doplnok ich stravy a je s\u00fa\u010das\u0165ou ich \u017eivotn\u00e9ho <\/span><span style=\"color: #202124;\">\u0161t\u00fdlu, <\/span><span style=\"color: #202124; font-family: inherit;\">p<\/span>okia\u013e uva\u017eujete o pridan\u00ed extraktu z kombuchy do svojho jed\u00e1lni\u010dka, je dobr\u00e9 za\u010da\u0165 s mal\u00fdm mno\u017estvom a to 1 \u010dajovou ly\u017ei\u010dkou denne a po p\u00e1r d\u0148och d\u00e1vku postupne si sami navy\u0161ova\u0165.<\/span><\/p>\n<p><span class=\"s1\">Extrakt z kombuchy je vhodn\u00fd aj pre deti od 3 rokov<\/span><\/p>\n<h5 class=\"p1\"><span class=\"s1\"><b>Z\u00c1VER <\/b><\/span><strong>pre doplnok stravy (Kombucha extrakt):<\/strong><\/h5>\n<p><span class=\"s1\">Balenie obsahuje <b>300 ml extraktu<\/b>, \u010do zodpoved\u00e1 <b>9 l \u010daju kombucha<\/b>. <\/span><span class=\"s1\">Extrakt z kombuchy je <b>100% pr\u00edrodn\u00fd <\/b>a neobsahuje \u017eiadne umel\u00e9 pr\u00edchuti ani sladidl\u00e1, konzerva\u010dn\u00e9 l\u00e1tky, cukor, \u0161krob, mlieko, lakt\u00f3zu, s\u00f3ju, vajcia, glutam\u00e1t, p\u0161enicu, dro\u017edie, stearan hore\u010dnat\u00fd ani GMO. <b><span style=\"color: #202124; font-family: inherit;\"><strong>TIP<\/strong>: <\/span><\/b><span style=\"color: #202124; font-family: inherit;\">viete, \u017ee extrakt z kombuchy nemus\u00edte len pi\u0165, ale<\/span><b><span style=\"color: #202124; font-family: inherit;\"><strong> je mo\u017en\u00e9 ho prid\u00e1va\u0165 do svojich ob\u013e\u00faben\u00fdch pokrmov <\/strong><\/span><\/b><span style=\"color: #202124; font-family: inherit;\">(do ra\u0148ajkovej ka\u0161e, jogurtu, tvarohu, ale aj m\u00f4\u017eete polia\u0165 svoj ob\u013e\u00faben\u00fd dezert)? Vychutn\u00e1te si ho o to viac a z\u00e1rove\u0148 m\u00f4\u017eete urobi\u0165 nie\u010do prospe\u0161n\u00e9 pre seba.<\/span><\/span><\/p>\n<h5 class=\"p1\"><span class=\"s1\"><b>SKLADOVANIE <\/b><\/span><strong>pre doplnok stravy (Kombucha extrakt):<\/strong><\/h5>\n<p>Uchov\u00e1vajte v suchu pri izbovej teplote. Chr\u00e1\u0148te pred mrazom. Nevystavujte priamemu slne\u010dn\u00e9mu \u017eiareniu. Uchov\u00e1vajte mimo dosahu det\u00ed.<\/p>\n<h5><strong>UPOZORNENIE pre doplnok stravy (Kombucha extrakt):<\/strong><\/h5>\n<p><span class=\"s1\">Farba, chu\u0165 a hustota sa m\u00f4\u017eu zmeni\u0165 do mierne kry\u0161talickej formy, \u010do nem\u00e1 \u017eiadny vplyv na kvalitu extraktu. <\/span>Ak ste tehotn\u00e1, doj\u010d\u00edte alebo u\u017e\u00edvate lieky, pora\u010fte sa o pou\u017e\u00edvan\u00ed s lek\u00e1rom. Nepou\u017e\u00edvajte, ak je v\u00e1m zn\u00e1ma precitlivenos\u0165 na niektor\u00fa zo zlo\u017eiek tohto v\u00fdrobku.<\/p>","protected":false},"excerpt":{"rendered":"<p><strong>KOMBUCHA EXTRACT<\/strong> je vyroben\u00fd z \u010daju kombucha, \u010do je fermentovan\u00fd probiotick\u00fd n\u00e1poj zo zelen\u00e9ho alebo \u010dierneho \u010daju. Po cel\u00e9 st\u00e1ro\u010dia sa pou\u017e\u00edva na <b>detoxik\u00e1ciu a o\u010diste pe\u010dene. <\/b>Kyselina glukur\u00f3nov\u00e1, pr\u00edtomn\u00e1 v kombu\u0161e, zohr\u00e1va k\u013e\u00fa\u010dov\u00fa \u00falohu pri detoxika\u010dnom procese pe\u010dene.<\/p>\n<p><strong><i>Kombucha je vysoko cenen\u00e1 pr\u00edrodn\u00e1 fermentovan\u00e1 zlo\u017eka, zn\u00e1ma pre svoj bohat\u00fd bioakt\u00edvny profil.<\/i><\/strong><\/p>\n<p><strong>KOMBUCHA EXTRACT<\/strong> obsahuje <b>miner\u00e1ly<\/b>: hor\u010d\u00edk, v\u00e1pnik, zinok, \u017eelezo, me\u010f, mang\u00e1n ai., <b>vitam\u00edny<\/b>: B1, B2, B3, B5, B6, C a jedine\u010dn\u00fa <b>kombin\u00e1ciu organick\u00fdch kysel\u00edn<\/b>: kyselina gluk\u00f3nov\u00e1, kyselina glukur\u00f3nov\u00e1. Neobsahuje \u017eiadne umel\u00e9 pr\u00edchuti, sladidl\u00e1, konzerva\u010dn\u00e9 l\u00e1tky, cukor, \u0161krob, mlieko, lakt\u00f3zu, s\u00f3ju, vajcia, glutam\u00e1t, p\u0161enicu, dro\u017edie, stearan hore\u010dnat\u00fd a je <b>bez GMO<\/b>.<\/p>","protected":false},"featured_media":6013,"comment_status":"open","ping_status":"closed","template":"","meta":[],"product_brand":[58],"product_cat":[15,25,26,201,79,80,81,77,32,33],"product_tag":[],"class_list":{"0":"post-5970","1":"product","2":"type-product","3":"status-publish","4":"has-post-thumbnail","6":"product_brand-for-a-long-life","7":"product_cat-detoxikace","8":"product_cat-hubnuti","9":"product_cat-imunita","10":"product_cat-lymfa","11":"product_cat-ocista-jater","12":"product_cat-prevence","13":"product_cat-regenerace","14":"product_cat-zdravi-deti","15":"product_cat-zdravi-muze","16":"product_cat-zdravi-zeny","18":"first","19":"instock","20":"taxable","21":"shipping-taxable","22":"purchasable","23":"product-type-simple"},"_links":{"self":[{"href":"https:\/\/www.linie4life.com\/sk\/wp-json\/wp\/v2\/product\/5970","targetHints":{"allow":["GET"]}}],"collection":[{"href":"https:\/\/www.linie4life.com\/sk\/wp-json\/wp\/v2\/product"}],"about":[{"href":"https:\/\/www.linie4life.com\/sk\/wp-json\/wp\/v2\/types\/product"}],"replies":[{"embeddable":true,"href":"https:\/\/www.linie4life.com\/sk\/wp-json\/wp\/v2\/comments?post=5970"}],"version-history":[{"count":9,"href":"https:\/\/www.linie4life.com\/sk\/wp-json\/wp\/v2\/product\/5970\/revisions"}],"predecessor-version":[{"id":17388,"href":"https:\/\/www.linie4life.com\/sk\/wp-json\/wp\/v2\/product\/5970\/revisions\/17388"}],"wp:featuredmedia":[{"embeddable":true,"href":"https:\/\/www.linie4life.com\/sk\/wp-json\/wp\/v2\/media\/6013"}],"wp:attachment":[{"href":"https:\/\/www.linie4life.com\/sk\/wp-json\/wp\/v2\/media?parent=5970"}],"wp:term":[{"taxonomy":"product_brand","embeddable":true,"href":"https:\/\/www.linie4life.com\/sk\/wp-json\/wp\/v2\/product_brand?post=5970"},{"taxonomy":"product_cat","embeddable":true,"href":"https:\/\/www.linie4life.com\/sk\/wp-json\/wp\/v2\/product_cat?post=5970"},{"taxonomy":"product_tag","embeddable":true,"href":"https:\/\/www.linie4life.com\/sk\/wp-json\/wp\/v2\/product_tag?post=5970"}],"curies":[{"name":"wp","href":"https:\/\/api.w.org\/{rel}","templated":true}]}}