{"id":5971,"date":"2025-03-20T16:10:44","date_gmt":"2025-03-20T15:10:44","guid":{"rendered":"https:\/\/www.linie4life.com\/?post_type=product&#038;p=5971"},"modified":"2026-04-28T14:37:22","modified_gmt":"2026-04-28T12:37:22","slug":"prirodny-doplnok-na-chudnutie-a-naladu-make-u-happy-green","status":"publish","type":"product","link":"https:\/\/www.linie4life.com\/sk\/obchod\/prirodni-doplnek-na-hubnuti-a-naladu-make-u-happy-green\/","title":{"rendered":"MAKE U HAPPY GREEN detox chudnutie rados\u0165 zo \u017eivota 250 g 30 dn\u00ed 250 g 30 dn\u00ed"},"content":{"rendered":"<h2 class=\"p1\">MAKE U HAPPY + 100% pr\u00edrodn\u00fd n\u00e1poj zo zeleniny, ovocia a byliniek<\/h2>\n<p class=\"p1\"><strong>M\u00f4\u017ee pom\u00f4c\u0165 zvl\u00e1dnu ne\u013eahk\u00e9 obdobie<\/strong><\/p>\n<p class=\"p1\">Z vlastnej sk\u00fasenosti viem, \u017ee<strong> potl\u00e1\u010da pocit hladu a podporuje lep\u0161\u00ed a v\u00fddatn\u00fd sp\u00e1nok a navodzuje vn\u00fatorn\u00fd pokoj. <\/strong>S<span class=\"s1\">ni\u017e\u0161iela sa mi chu\u0165 do jedla a prestala som jes\u0165 jedl\u00e1, ktor\u00e9 obsahuj\u00fa len pr\u00e1zdne kal\u00f3rie<\/span><strong><span class=\"s1\">. M\u00f4\u017eete jes\u0165 menej slan\u00e9, sladk\u00e9 a nezdrav\u00e9 jedl\u00e1 a svoju telesn\u00fa v\u00e1hu si udr\u017ea\u0165.\u00a0<\/span><\/strong>Z\u00e1rove\u0148 <b>nesp\u00f4sobuje z\u00e1vislos\u0165<\/b> a <b>neza\u0165a\u017euje<\/b> tak va\u0161a <b>telo zbyto\u010dnou ch\u00e9miou.<\/b><\/p>\n<p>Pre\u010d\u00edtajte si moje <strong>TIPY<\/strong><strong> A ODPOR\u00da\u010cANIA pre DETI a \u0160TUDENTY <\/strong>a moju <strong>OSOBN\u00c1 SK\u00daSENOS\u0164 <\/strong>a napr\u00edklad, v\u010faka tomu, n\u00e1jdete odpovede na ot\u00e1zky, ktor\u00e9 h\u013ead\u00e1te.<\/p>\n<h2>\u010co je MAKE U HAPPY a je naozaj bez ch\u00e9mie?<\/h2>\n<p>Zmes v\u00fd\u0165a\u017ekov z organick\u00e9ho ovocia, zeleniny a byliniek. \u00c1no, Make U Happy sa vyr\u00e1ba iba z pr\u00edrodn\u00fdch l\u00e1tok. Je vhodn\u00fd aj pre osoby s intoleranciou lakt\u00f3zy, pri alergii na kaze\u00edn, histam\u00edn a alergi\u00ed na lepok. A m\u00f4\u017eu ho oceni\u0165 aj \u013eudia, ktor\u00ed s\u00fa vegetari\u00e1ni, veg\u00e1ni alebo fandia in\u00e9mu \u017eivotn\u00e9mu \u0161t\u00fdlu. Z vlastnej praxe viem, \u017ee ho u\u017e\u00edvaj\u00fa \u010dasto \u013eudia aj po\u010das detoxik\u00e1cie a pri p\u00f4ste, ke\u010f nemaj\u00fa dostato\u010dn\u00fd pr\u00edsun energie zo stravy a m\u00f4\u017eu sa c\u00edti\u0165 unaven\u00ed a bez energie.<\/p>\n<p><span class=\"s1\"><b>Nie ka\u017ed\u00fd, m\u00e1 dostatok m\u00e4sa v strave, na\u0161e telo potrebuje zo stravy, ktor\u00fa jeme, z\u00edska\u0165 aj aminokyseliny ako napr\u00edklad L-Tryptophan. <\/b>T\u00e1to esenci\u00e1lna aminokyselina je vo v\u00e4\u010d\u0161om mno\u017estve obsiahnut\u00e1 v m\u00e4se a na\u0161e telo si ju nedok\u00e1\u017ee vytvori\u0165 samo a preto by sme ju mali prij\u00edma\u0165 zo stravy. Hr\u00e1 v\u00fdznamn\u00fa \u00falohu pri synt\u00e9ze seroton\u00ednu, neurotransmiteru, ktor\u00fd je \u010dasto sp\u00e1jan\u00fd s pocitmi \u0161\u0165astia a pohody. <strong>T\u00e1to aminokyselina je vo v\u00e4\u010d\u0161om mno\u017estve obsiahnut\u00e1 v m\u00e4se.<\/strong> <strong>Bohu\u017eia\u013e ve\u013emi \u010dasto sa po konzum\u00e1cii m\u00e4sa m\u00f4\u017eeme c\u00edti\u0165 \u201e\u0165a\u017eko\u201c<\/strong>. <\/span><span class=\"Y2IQFc\" lang=\"cs\">Telo vyu\u017e\u00edva L-tryptof\u00e1n, z\u00edskan\u00fd zo stravy, z bielkov\u00edn, preva\u017ene z m\u00e4sa a vyu\u017e\u00edva ho ako prekurzor na synt\u00e9zu seroton\u00ednu. Ke\u010f konzumujete potraviny bohat\u00e9 na L-tryptof\u00e1n, m\u00f4\u017ee to potenci\u00e1lne vies\u0165 k zv\u00fd\u0161eniu hladiny seroton\u00ednu v mozgu. <span class=\"s1\">Niekedy zohr\u00e1vaj\u00fa \u00falohu etick\u00e9 d\u00f4vody, ka\u017ed\u00fd to vn\u00edmame inak, ani jedno nie je zle, je to o \u017eivotnom \u0161t\u00fdle. Rie\u0161en\u00edm by bola konzum\u00e1cia ve\u013ek\u00e9ho mno\u017estva surovej stravy, ale t\u00e1 nie je pre ka\u017ed\u00e9ho akceptovate\u013en\u00e1 a vo v\u00e4\u010d\u0161ine pr\u00edpadov nere\u00e1lna. <\/span><\/span><\/p>\n<p><span class=\"Y2IQFc\" lang=\"cs\"><span class=\"s1\">Ako <strong>zdroj<\/strong><\/span><\/span><span class=\"Y2IQFc\" lang=\"cs\"><strong> L-tryptof\u00e1nu s\u00fa potraviny bohat\u00e9 na bielkoviny, ako je hydina, chud\u00e9 m\u00e4so, ryby, vajcia, mlie\u010dne v\u00fdrobky, orechy a semen\u00e1.<\/strong> <\/span><span class=\"Y2IQFc\" lang=\"cs\">Zatia\u013e \u010do samotn\u00e1 v\u00fd\u017eiva nem\u00f4\u017ee nahradi\u0165 profesion\u00e1lnu lie\u010dbu du\u0161evn\u00e9ho zdravia, udr\u017eiavanie vyv\u00e1\u017eenej stravy s dostatkom L-tryptof\u00e1nu m\u00f4\u017ee prispie\u0165 k celkovej emocion\u00e1lnej pohode. <\/span><span class=\"Y2IQFc\" lang=\"cs\">Je d\u00f4le\u017eit\u00e9 si uvedomi\u0165, \u017ee vz\u0165ah medzi pr\u00edjmom L-tryptof\u00e1nu, produkciou seroton\u00ednu a n\u00e1ladou je zlo\u017eit\u00fd a l\u00ed\u0161i sa od \u010dloveka k \u010dloveku. Ve\u013ea faktorov, vr\u00e1tane genetiky, celkovej stravy a \u017eivotn\u00e9ho \u0161t\u00fdlu, ovplyv\u0148uje, ako L-tryptof\u00e1n ovplyv\u0148uje emocion\u00e1lny stav jedinca. <\/span><span class=\"Y2IQFc\" lang=\"cs\">Vyv\u00e1\u017een\u00e1 strava, ktor\u00e1 obsahuje r\u00f4zne \u017eiviny m\u00f4\u017ee predpori\u0165 tvorbu seroton\u00ednu, ale tie\u017e prispie\u0165 k celkovej fyzickej a du\u0161evnej pohode. <strong>Konzum\u00e1cia pestrej stravy s ve\u013ek\u00fdm mno\u017estvom ovocia, zeleniny, celozrnn\u00fdch v\u00fdrobkov, chud\u00fdch bielkov\u00edn a zdrav\u00fdch tukov m\u00f4\u017ee pom\u00f4c\u0165 udr\u017ea\u0165 stabiln\u00fa hladinu energie, zn\u00ed\u017ei\u0165 v\u00fdkyvy n\u00e1lad a podpori\u0165 pozit\u00edvny poh\u013ead na \u017eivot. <\/strong><\/span><span class=\"Y2IQFc\" lang=\"cs\">Zatia\u013e \u010do v\u00fd\u017eiva m\u00f4\u017ee ovplyvni\u0165 va\u0161u n\u00e1ladu a \u0161\u0165astie, je d\u00f4le\u017eit\u00e9 si uvedomi\u0165, \u017ee du\u0161evn\u00e9 zdravie je komplexn\u00fd probl\u00e9m. Pokia\u013e sa stret\u00e1vate s pretrv\u00e1vaj\u00facimi pocitmi ne\u0161\u0165astia, depresie alebo \u00fazkosti, je z\u00e1sadn\u00e9 vyh\u013eada\u0165 odborn\u00fa pomoc.<\/span><\/p>\n<p>&nbsp;<\/p>\n<p><b>\u010cO PRESNE TO V MOJOM TELE SP\u00d4SOB\u00cd?<\/b><\/p>\n<p>Takmer v\u0161etci \u013eudia vedia, \u017ee najd\u00f4le\u017eitej\u0161\u00edm jedlom cel\u00e9ho d\u0148a s\u00fa ra\u0148ajky. Preto je ve\u013emi d\u00f4le\u017eit\u00e9, aby prv\u00e9 jedlo, ktor\u00e9 sn\u00edvame, bolo \u010do najv\u00fd\u017eivnej\u0161ie. svojmu telu, len pr\u00edrodn\u00e9 zlo\u017eky, bez pridanej ch\u00e9mie.<\/p>\n<p>&nbsp;<\/p>\n<p><b>AKTO, \u017dE CHUDNEM, KE\u010e POU\u017d\u00cdVAM MAKE U HAPPY?<\/b><\/p>\n<p>T\u00fdm, \u017ee u\u017e\u00edvate Make U Happy, sa m\u00f4\u017ee zn\u00ed\u017ei\u0165 aj chu\u0165 do jedla a m\u00f4\u017eete sa vyhn\u00fa\u0165 chuti na jedl\u00e1, ktor\u00e9 obsahuj\u00fa tzv. pr\u00e1zdne kal\u00f3rie, ktor\u00e9 n\u00e1\u0161mu telu ni\u010d nedaj\u00fa, ale na\u0161e telo ich ulo\u017e\u00ed do tuku a oble\u010denie za\u010d\u00edna by\u0165 viac a viac tesnej\u0161ie. V\u010faka Make U Happy m\u00f4\u017eete jes\u0165 menej slan\u00e9, sladk\u00e9 a nezdrav\u00e9 jedl\u00e1, hovor\u00edm z vlastnej sk\u00fasenosti a m\u00f4\u017eete ovl\u00e1dnu\u0165 lep\u0161ie vl\u010d\u00ed hlad a nekontrolovate\u013en\u00e9 chute a spozna\u0165 to na oble\u010den\u00ed, jednoducho bude vo\u013enej\u0161ie a to za to stoj\u00ed:-)<\/p>\n<p>&nbsp;<\/p>\n<p><b>BUDE LEP\u0160IE SPA\u0164?<\/b><\/p>\n<p>Z vlastnej sk\u00fasenosti m\u00f4\u017eem poveda\u0165, \u017ee prv\u00e9 dni som nec\u00edtila a\u017e tak\u00fa ve\u013ek\u00fa zmenu, u m\u0148a, a\u017e po\u010das 2 a 3 t\u00fd\u017ed\u0148a Svoj podiel na tom m\u00f4\u017ee ma\u0165 aj pracovn\u00e1 z\u00e1\u0165a\u017e a m\u00e1lo odpo\u010dinku.<\/p>\n<p>&nbsp;<\/p>\n<p><b>AKO DLHO M\u00c1M POU\u017d\u00cdVA\u0164 MAKE U HAPPY?<\/b><\/p>\n<p>Make U Happy je mo\u017en\u00e9 u\u017e\u00edva\u0165 dlhodobo, z\u00e1le\u017e\u00ed len na v\u00e1s, ako dlho sa ho rozhodnete u\u017e\u00edva\u0165.<\/p>\n<p><b>M\u00c1 V\u00c1S MAKE U HAPPY NEJAK\u00c9 VED\u013dAJ\u0160IE \u00da\u010cINKY?<\/b><\/p>\n<p>Make U Happy nem\u00e1 \u017eiadne zn\u00e1me ved\u013eaj\u0161ie \u00fa\u010dinky.<\/p>\n<p><b>AKO DLHO TRV\u00c1 AKO POC\u00cdTIM ZMENU?<\/b><\/p>\n<p>Zvy\u010dajne asi 6-8 dn\u00ed trv\u00e1, k\u00fdm poc\u00edtite prv\u00e9 zmeny, ale ka\u017ed\u00fd sme in\u00fd a niektor\u00ed prv\u00e9 zmeny vidia u\u017e po nieko\u013ek\u00fdch d\u0148och.<\/p>\n<p>&nbsp;<\/p>\n<p><strong>OSOBN\u00c1 SK\u00daSENOS\u0164: <\/strong>Make U Happy u\u017e\u00edvam dlhodobo<strong>.<\/strong> Najm\u00e4 na jese\u0148 av zime, kedy sa dni kr\u00e1tia a doch\u00e1dza mi energia a ch\u00fdba slne\u010dn\u00fd svit, po \u0148om, rada siahnem. Netrp\u00edm na jesenn\u00e9 depresie, ale niekedy aj ten spl\u00edn pr\u00edde a pom\u00e1ha mi prekona\u0165 toto obdobie. D\u00f4vodom,<strong> pre m\u0148a, bolo zlep\u0161i\u0165 si kvalitu sp\u00e1nku a nerozkol\u00edsa\u0165 hladinu krvn\u00e9ho cukru, <\/strong>aby som netrpela na hypoglik\u00e9miu <strong>\u00a0a nemala nekontrolovan\u00e9 chute, <\/strong>ako to predt\u00fdm b\u00fdvalo \u010dasto a <strong>vl\u010d\u00ed hlad, ke\u010f som sa nestihla najes\u0165 kv\u00f4li povinnostiam cez de\u0148<\/strong>. Pracujem v odbore v\u00fd\u017eivy s\u00edce cez 25 rokov a viem, \u017ee pravideln\u00e1 a pestr\u00e1 strava je ide\u00e1lna, ale niekedy to jednoducho nevy\u0161lo<strong>. Osobne vn\u00edmam, \u017ee som prestala \u201etl\u00e1ska\u0165\u201c hlavne popoludn\u00ed a aj chute m\u00e1m na uzde:-) a nem\u00e1m ani tak hlad a v\u00e1hu si dr\u017e\u00edm +\/- 1 kg a v\u010faka tomu sa c\u00edtim spokojne vo vn\u00fatri, som v pohode:-) a ten vn\u00fatorn\u00fd pokoj mi za to naozaj stoj\u00ed.<\/strong><\/p>\n<p>&nbsp;<\/p>\n<p><strong>TIP A ODPOR\u00da\u010cANIA pre DETI a \u0160TUDENTY:<\/strong> \u00a0Make U Happy za\u010dala v lete r\u00e1no pi\u0165 aj <strong>moja 13-ro\u010dn\u00e1 dc\u00e9ra. Sama na sebe za\u010dala vidie\u0165 zmeny po p\u00e1r d\u0148och, nemala to\u013eko chute na sladk\u00e9, za\u010dala by\u0165 viac v pokoji, nebola to\u013eko roztr\u017eit\u00e1, viac sa za\u010dala s\u00fastredi\u0165 a ako bonus jej i\u0161la aj telesn\u00e1 v\u00e1ha dole a schudla.<\/strong> <strong>Na za\u010diatku som jej musela doslova \u201enah\u00e1\u0148a\u0165\u201c<\/strong> a prehov\u00e1ra\u0165 a vysvet\u013eova\u0165, <strong>aby si ho r\u00e1no dala.<\/strong> Vlastne ju ch\u00e1pem, <strong>nevedela \u010do v\u0161etko sa m\u00f4\u017ee, relat\u00edvne r\u00fdchlo, zmeni\u0165 k lep\u0161iemu<\/strong>. Ako \u0161tudentka m\u00e1 rana hektick\u00e1 a jednoducho nest\u00edha, tak\u017ee ra\u0148ajky nar\u00fdchlo boli pre \u0148u \u010dasto probl\u00e9m alebo ju vynechali, preto\u017ee nemali na nej u\u017e \u010das. <strong>Rozdiel, medzi t\u00fdm \u010do bolo pred pr\u00e1zdninami a po nich, je ten, \u017ee teraz si o Make U Happy r\u00e1no sama hovor\u00ed, vie, \u017ee to zaberie len min\u00fatku aj s pr\u00edpravou a c\u00edti sa dobre, do \u0161koly ide pokojn\u00e1, m\u00e1 dostatok energie a dok\u00e1\u017ee sa s\u00fastredi\u0165 na v\u00fdu\u010dbu a prestali nekontrolovan\u00e9 chute na sladk\u00e9.<\/strong><\/p>\n<p>&nbsp;<\/p>\n<hr \/>\n<h5 class=\"p1\"><span class=\"s1\"><b>DAROVANIE <\/b><\/span><strong>pre doplnok stravy (Make U Happy GREEN):<\/strong><\/h5>\n<p><span class=\"s2\">1x denne na la\u010dn\u00fd (pr\u00e1zdny) \u017eal\u00fadok <\/span><span class=\"s2\">1 polievkov\u00e1 ly\u017eica (7-8 g) rozpusten\u00e1 vo vla\u017enej vode (250-300 ml).<\/span><span class=\"s1\">Na dosiahnutie maxim\u00e1lneho \u00fa\u010dinku je nutn\u00e9 po\u010dka\u0165 najmenej \u010fal\u0161\u00edch 20-30 min\u00fat pred jedlom (alebo pit\u00edm)\u00a0<\/span>okrem vody). <b>Balenie 250 g (k\u00fara na 30 dn\u00ed).<\/b><\/p>\n<h5 class=\"p1\"><span class=\"s1\"><b>Z\u00c1VER <\/b><\/span><strong>pre doplnok stravy (Make U Happy <\/strong><strong>GREEN<\/strong><strong>):<\/strong><\/h5>\n<p><strong>MAKE U HAPPY GREEN<\/strong> je \u010disto rastlinn\u00fd produkt skladaj\u00faci sa z: amarant, quinoa, mrkva (17 %), chlorella, fenikel (3 %), an\u00edz (1,8 %), palina \u010dernoby\u013e, \u010derven\u00e1 repa (1,4 %), borievky 1 %), rasca kore\u0148ov\u00e1 (1 %), vlo\u010dky zelen\u00e9ho \u010daju, bazalka (1 %), p\u00fapavov\u00e9 listy (0,8 %), koriander (0,6 %), citr\u00f3nov\u00fd balzam (0,6 %), harman\u010dek, bez harman\u010dek, listy (0,4 %), palina estrag\u00f3n (0,4 %), rozmar\u00edn (0,4 %), \u0161alvia (0,4 %), \u017eih\u013eava dvojdom\u00e1 (0,4 %), tymi\u00e1n, m\u00e4ta pieporn\u00e1 (0,4 %), m\u00e4ta pieporn\u00e1 (0,4 %) \u010dierna rasca (0,2 %), klin\u010deky (0,2 %), nov\u00e9 korenie, skorocel (0,2 %), rasca (0,2 %).<\/p>\n<h5 class=\"p1\"><span class=\"s1\"><b>SKLADOVANIE <\/b><\/span><strong>pre doplnok stravy (Make U Happy GREEN):<\/strong><\/h5>\n<p>Uchov\u00e1vajte v suchu pri izbovej teplote. Chr\u00e1\u0148te pred mrazom. Nevystavujte priamemu slne\u010dn\u00e9mu \u017eiareniu. Uchov\u00e1vajte mimo dosahu det\u00ed.<\/p>\n<h5><strong>UPOZORNENIE pre v\u00fd\u017eivov\u00fd doplnok (Make U Happy GREEN):<\/strong><\/h5>\n<p>Nejde o liek a nenahr\u00e1dza pestr\u00fa stravu. Ak ste tehotn\u00e1, doj\u010d\u00edte alebo u\u017e\u00edvate lieky, pora\u010fte sa o u\u017e\u00edvan\u00ed so svoj\u00edm lek\u00e1rom. Nepou\u017e\u00edvajte pri zn\u00e1mej precitlivenosti na niektor\u00fa zlo\u017eku lieku.<\/p>","protected":false},"excerpt":{"rendered":"<h2>Podpora \u013eahkosti, n\u00e1lady a metabolickej rovnov\u00e1hy<\/h2>\n<p><strong>MAKE U HAPPY GREEN<\/strong> je pr\u00edrodn\u00fd doplnok stravy s kombin\u00e1ciou rastlinn\u00fdch extraktov a \u00fa\u010dinn\u00fdch l\u00e1tok, ktor\u00e9 zapadaj\u00fa do <strong>starostlivos\u0165 o psychick\u00fa pohodu, vn\u00fatorn\u00fa rovnov\u00e1hu, udr\u017eanie v\u00e1hy a kontrolu nezdrav\u00fdch chut\u00ed<\/strong>. Zlo\u017eenie je navrhnut\u00e9 na obdobie, kedy sa chcete c\u00edti\u0165 \u013eah\u0161ie \u2013 fyzicky aj ment\u00e1lne \u2013 a z\u00e1rove\u0148 ma\u0165 pod kontrolou ka\u017edodenn\u00fd re\u017eim. Produkt je vhodn\u00fd ako s\u00fa\u010das\u0165 \u017eivotn\u00e9ho \u0161t\u00fdlu zameran\u00e9ho na rovnov\u00e1hu, energiu a pozit\u00edvne naladenie bez extr\u00e9mnych z\u00e1sahov. MAKE U HAPPY GREEN sp\u00e1ja funk\u010dn\u00fd pr\u00edstup s \u013eahkos\u0165ou, ktor\u00e1 d\u00e1va priestor telu aj mysli spolupracova\u0165 prirodzene.<\/p>\n<p><em><strong>MAKE U HAPPY GREEN \u2013 ke\u010f chcete ma\u0165 \u013eah\u0161ie telo a pokojnej\u0161iu hlavu. Za\u010dnite s rovnov\u00e1hou, ktor\u00e1 v\u00e1s podpor\u00ed ka\u017ed\u00fd de\u0148.<\/strong><\/em><\/p>","protected":false},"featured_media":6033,"comment_status":"open","ping_status":"closed","template":"","meta":[],"product_brand":[58],"product_cat":[15,25,23,201,80,78,81,29,31,77,32,33],"product_tag":[],"class_list":{"0":"post-5971","1":"product","2":"type-product","3":"status-publish","4":"has-post-thumbnail","6":"product_brand-for-a-long-life","7":"product_cat-detoxikace","8":"product_cat-hubnuti","9":"product_cat-krasa","10":"product_cat-lymfa","11":"product_cat-prevence","12":"product_cat-psychika","13":"product_cat-regenerace","14":"product_cat-spanek-a-uzkost","15":"product_cat-zdrave-zazivani","16":"product_cat-zdravi-deti","17":"product_cat-zdravi-muze","18":"product_cat-zdravi-zeny","20":"first","21":"instock","22":"purchasable","23":"product-type-simple"},"_links":{"self":[{"href":"https:\/\/www.linie4life.com\/sk\/wp-json\/wp\/v2\/product\/5971","targetHints":{"allow":["GET"]}}],"collection":[{"href":"https:\/\/www.linie4life.com\/sk\/wp-json\/wp\/v2\/product"}],"about":[{"href":"https:\/\/www.linie4life.com\/sk\/wp-json\/wp\/v2\/types\/product"}],"replies":[{"embeddable":true,"href":"https:\/\/www.linie4life.com\/sk\/wp-json\/wp\/v2\/comments?post=5971"}],"version-history":[{"count":8,"href":"https:\/\/www.linie4life.com\/sk\/wp-json\/wp\/v2\/product\/5971\/revisions"}],"predecessor-version":[{"id":17389,"href":"https:\/\/www.linie4life.com\/sk\/wp-json\/wp\/v2\/product\/5971\/revisions\/17389"}],"wp:featuredmedia":[{"embeddable":true,"href":"https:\/\/www.linie4life.com\/sk\/wp-json\/wp\/v2\/media\/6033"}],"wp:attachment":[{"href":"https:\/\/www.linie4life.com\/sk\/wp-json\/wp\/v2\/media?parent=5971"}],"wp:term":[{"taxonomy":"product_brand","embeddable":true,"href":"https:\/\/www.linie4life.com\/sk\/wp-json\/wp\/v2\/product_brand?post=5971"},{"taxonomy":"product_cat","embeddable":true,"href":"https:\/\/www.linie4life.com\/sk\/wp-json\/wp\/v2\/product_cat?post=5971"},{"taxonomy":"product_tag","embeddable":true,"href":"https:\/\/www.linie4life.com\/sk\/wp-json\/wp\/v2\/product_tag?post=5971"}],"curies":[{"name":"wp","href":"https:\/\/api.w.org\/{rel}","templated":true}]}}