{"id":5974,"date":"2025-03-20T16:10:44","date_gmt":"2025-03-20T15:10:44","guid":{"rendered":"https:\/\/www.linie4life.com\/?post_type=product&#038;p=5974"},"modified":"2026-04-14T14:08:47","modified_gmt":"2026-04-14T12:08:47","slug":"prirodny-mineralny-doplnok-mitracell","status":"publish","type":"product","link":"https:\/\/www.linie4life.com\/sk\/obchod\/prirodni-mineralni-doplnek-mitracell\/","title":{"rendered":"MITRACELL 80 miner\u00e1lov z Paraquaye pre energiu a imunitu 60 kaps\u00fal 30 dn\u00ed"},"content":{"rendered":"<h2>Miner\u00e1ly a stopov\u00e9 prvky z Paraquaya<\/h2>\n<p><span style=\"font-weight: 400;\">Kamenn\u00e1 m\u00fa\u010dka <\/span><strong><i>MITRACELL<\/i><\/strong><span style=\"font-weight: 400;\"> je bohat\u00e1 na <\/span><b>miner\u00e1ly a stopov\u00e9 prvky<\/b><span style=\"font-weight: 400;\"> z\u00edskan\u00e9 z jedine\u010dn\u00e9ho kame\u0148a z paraguajskej d\u017eungle. <strong>Miner\u00e1ly s\u00fa d\u00f4le\u017eit\u00e9 pre \u013eudsk\u00e9 telo<\/strong> <\/span><b>a r\u00f4zne \u017eivotn\u00e9 procesy<\/b><span style=\"font-weight: 400;\"> od tvorby kost\u00ed a zubov po norm\u00e1lny tr\u00e1viaci funk\u010dn\u00fd syst\u00e9m, aj Va\u0161e <strong>srdce z\u00edska potrebn\u00fa energiu.<\/strong><\/span><\/p>\n<p><strong>Miner\u00e1ly<\/strong><strong style=\"font-weight: 400;\"> s\u00fa v\u00fd\u017eivou pre bunky<\/strong>, <strong>z<\/strong><b>\u00e1kladn\u00fdm stavebn\u00fdm kame\u0148om pre na\u0161e telo s\u00fa miner\u00e1ly a stopov\u00e9 prvky. <\/b><span style=\"font-weight: 400;\">Pou\u017e\u00edvali ich \u0161amani, <\/span><span style=\"font-weight: 400;\">pr\u00e1ve v Paraguajskej d\u017eungli, <\/span><span style=\"font-weight: 400;\">ako najprirodzenej\u0161\u00ed a najdostupnej\u0161\u00ed sp\u00f4sob priamo z pr\u00edrody, ktor\u00fd objavili pred nieko\u013ek\u00fdmi desiatkami rokov. <\/span><\/p>\n<p><strong>\u013dudsk\u00e9 telo nem\u00f4\u017ee bez miner\u00e1lov dobre fungova\u0165, hoci miner\u00e1ly predstavuj\u00fa iba asi 3% telesnej hmotnosti, \u013eudsk\u00fd organizmus ich nem\u00f4\u017ee \u201evyrobi\u0165\u201c.<\/strong><\/p>\n<p><strong>ODPOR\u00da\u010cANIA: <\/strong>nielen my \u013eudia, ale aj na\u0161e dom\u00e1ce zvieratk\u00e1, kvety, bylinky, kr\u00edky potrebuj\u00fa miner\u00e1ly.<\/p>\n<p class=\"p1\" style=\"text-align: left;\"><span style=\"font-weight: 400;\">Konzult\u00e1ci\u00e1m v oblasti v\u00fd\u017eivy a zdravia sa venujem cez 25 rokov a viem, \u017ee <strong>nemo\u017eno na 100 % dodr\u017ea\u0165 stravu nutri\u010dne vyv\u00e1\u017een\u00fa<\/strong> a preto <strong>sama tieto miner\u00e1ly u\u017e\u00edvam.<\/strong><\/span><\/p>\n<p><span class=\"s1\">Vhodn\u00e9 <strong>pre veg\u00e1nov, vegetari\u00e1nov, pri nezn\u00e1\u0161anlivosti lakt\u00f3zy, histam\u00ednovej intolerancii, alergii na kravsk\u00fa bielkovinu \u2013 kaze\u00edn, pri celiakii, ale aj p\u00f4ste, chudnut\u00ed, v obdob\u00ed zv\u00fd\u0161enej potreby miner\u00e1lov \u2013 civiliza\u010dn\u00e9 ochorenie, stres, zimn\u00e9 obdobie.<\/strong><\/span><\/p>\n<p><span class=\"s1\">Kamenn\u00e1 m\u00fa\u010dka bohat\u00e1 na miner\u00e1ly a stopov\u00e9 prvky z\u00edskan\u00e9 z jedine\u010dn\u00e9ho kame\u0148a Paraguajskej d\u017eungle.<\/span><\/p>\n<p><span class=\"s1\"><strong>Pre na\u0161e telo<\/strong> <strong>je .<\/strong> preto<strong> najlep\u0161ie,<\/strong> proti ur\u010dit\u00fdm chorob\u00e1m, najlep\u0161\u00edm pr\u00edstupom, <b>pravideln\u00e1 konzum\u00e1cia dostato\u010dn\u00e9ho mno\u017estva miner\u00e1lov a potrav\u00edn bohat\u00fdch na antioxidanty <\/b>v na\u0161ej strave.<\/span><\/p>\n<p><strong>Vyv\u00e1\u017een\u00e1 a pestr\u00e1 strava by mala telu poskytn\u00fa\u0165 potrebn\u00e9 \u017eiviny, miner\u00e1ly a stopov\u00e9 prvky. Dne\u0161n\u00fd upon\u00e1h\u013ean\u00fd a stresuj\u00faci sp\u00f4sob \u017eivota n\u00e1m v\u017edy nedovol\u00ed dodr\u017eiava\u0165 z\u00e1sady spr\u00e1vnej v\u00fd\u017eivy, a preto je potrebn\u00e9 <\/strong><b>miner\u00e1ly a stopov\u00e9 prvky dop\u013a\u0148a\u0165<\/b>.<\/p>\n<p>Ve\u013ea <b>civiliza\u010dn\u00fdch chor\u00f4b<\/b> je . <b>sp\u00f4soben\u00e9 nedostato\u010dn\u00fdm mno\u017estvom miner\u00e1lov z potrav\u00edn a \u201eoxida\u010dn\u00fdm stresom\u201d<\/b>, ktor\u00fd je v\u00fdsledkom nerovnov\u00e1hy medzi tvorbou a neutraliz\u00e1ciou vo\u013en\u00fdch radik\u00e1lov. Vo\u013en\u00e9 radik\u00e1ly s\u00fa v tele produkovan\u00e9 ako ved\u013eaj\u0161ie produkty norm\u00e1lneho metabolizmu v d\u00f4sledku expoz\u00edcie \u017eiarenia a niektor\u00fdch l\u00e1tok zne\u010dis\u0165uj\u00facich \u017eivotn\u00e9 prostredie. Vo\u013en\u00e9 radik\u00e1ly s\u00fa vysoko reakt\u00edvne, m\u00f4\u017eu po\u0161kodi\u0165 bunky a podie\u013eaj\u00fa sa na r\u00f4znych chorob\u00e1ch. Vo\u013en\u00e9 radik\u00e1ly s\u00fa obvykle neutralizovan\u00e9 na\u0161\u00edm \u00fa\u010dinn\u00fdm metabolick\u00fdm syst\u00e9mom v tele, ktor\u00fd mus\u00ed zah\u0155\u0148a\u0165: - miner\u00e1ly o ktor\u00fdch ste najsk\u00f4r e\u0161te nikdy nepo\u010duli \u2013 Iridium, Mang\u00e1n, Molybd\u00e9n, B\u00f3r, Sel\u00e9n, Rut\u00e9nium, Rhodium at\u010f. V \u013eudskom tele by bola optim\u00e1lna rovnov\u00e1ha medzi vo\u013en\u00fdmi radik\u00e1lmi a antioxidantmi. V niektor\u00fdch patologick\u00fdch stavoch au kriticky chor\u00fdch pacientov sp\u00f4sobuje oxida\u010dn\u00fd stres a dlhodob\u00fd nedostatok pr\u00edjmu miner\u00e1lov pokles hladiny antioxidantov pod norm\u00e1lnu \u00farove\u0148.<\/p>\n<p>&nbsp;<\/p>\n<p><strong>VEGANI<\/strong><\/p>\n<p>Veg\u00e1nska, alebo pr\u00edsna vegetari\u00e1nska strava nezah\u0155\u0148a v\u0161etky \u017eivo\u010d\u00ed\u0161ne produkty, vr\u00e1tane vajec, mlie\u010dnych v\u00fdrobkov a medu. Jedn\u00fdm z hlavn\u00fdch rozdielov medzi veg\u00e1nskou a typickou vegetari\u00e1nskou stravou je vyl\u00fa\u010denie tak vajec, ako aj mlie\u010dnych v\u00fdrobkov, ako je mlieko, syr, maslo a jogurt. Veg\u00e1ni m\u00f4\u017eu ma\u0165 obzvl\u00e1\u0161\u0165 n\u00edzky pr\u00edjem vitam\u00ednu B a v\u00e1pnika, pokia\u013e nejedia dostatok potrav\u00edn ako je kapusta, listov\u00e1 zelenina, tempeh a tofu (s\u00f3ja). Tento n\u00edzky obsah bielkov\u00edn a v\u00e1pnika sa zvy\u0161uje s ch\u00fdbaj\u00facim mliekom, vajcami a jogurtmi. U vegetari\u00e1nov, ktor\u00ed nespotrebuj\u00fa dostatok listovej zeleniny, ktor\u00e1 je zdrojom hojn\u00e9ho v\u00e1pnika, bola zisten\u00e1 ur\u010dit\u00e1 zhor\u0161en\u00e1 mineraliz\u00e1cia kost\u00ed.<\/p>\n<p><strong> Miner\u00e1ly a stopov\u00e9 prvky m\u00f4\u017eu zabr\u00e1ni\u0165 n\u00edzkemu obsahu denne potrebn\u00fdch l\u00e1tok zo stravy.<\/strong><\/p>\n<p>&nbsp;<\/p>\n<p><strong>VEGETARI\u00c1NI <\/strong><\/p>\n<p>Vegetari\u00e1nstvo je sp\u00f4sob stravovania, pri ktorom sa \u00faplne vyh\u00fdbame konzum\u00e1cii ak\u00e9hoko\u013evek m\u00e4sa (\u010derven\u00e9 m\u00e4so, hydina a morsk\u00e9 plody). M\u00f4\u017ee tie\u017e zah\u0155\u0148a\u0165 zdr\u017eanie sa ved\u013eaj\u0161\u00edch produktov, ako je napr\u00edklad syridlo poch\u00e1dzaj\u00face zo zvierat a \u017eelat\u00edna. Vegetari\u00e1nska strava m\u00e1 obvykle vysok\u00fd obsah karotenoidov, ale relat\u00edvne n\u00edzky obsah omega-3 mastn\u00fdch kysel\u00edn a vitam\u00ednu B12.<\/p>\n<p>V\u00fdhody plyn\u00face z vegetari\u00e1nskej stravy s\u00fa dobre zn\u00e1me a dobre zdokumentovan\u00e9. Je tie\u017e d\u00f4le\u017eit\u00e9 zv\u00e1\u017ei\u0165 mo\u017en\u00e9 nev\u00fdhody stravy. Jednou z mo\u017en\u00fdch nev\u00fdhod vegetari\u00e1nskej stravy je nedostatok bielkov\u00edn. Hlavn\u00fdm d\u00f4vodom je to, \u017ee vegetari\u00e1ni nejedia m\u00e4so, ktor\u00e9 je pr\u00e1ve prim\u00e1rnym zdrojom bielkov\u00edn vo v\u00e4\u010d\u0161ine stravovac\u00edch n\u00e1vykov \u010dloveka. Je pravdepodobn\u00e9, \u017ee vegetari\u00e1ni m\u00f4\u017eu ma\u0165 probl\u00e9my so z\u00edskan\u00edm odpor\u00fa\u010dan\u00e9ho denn\u00e9ho mno\u017estva bielkov\u00edn.<\/p>\n<p><strong>Miner\u00e1ly a stopov\u00e9 prvky m\u00f4\u017eu zabr\u00e1ni\u0165 n\u00edzkemu obsahu denne potrebn\u00fdch l\u00e1tok zo stravy.<\/strong><\/p>\n<p>&nbsp;<\/p>\n<p><strong>LAKT\u00d3ZOV\u00c1 INTOLERANCIA<\/strong><\/p>\n<p>Ak ste osoba, ktor\u00e1 trp\u00ed nezn\u00e1\u0161anlivos\u0165ou lakt\u00f3zy, alebo m\u00e1 zv\u00fd\u0161en\u00fa intoleranciu mlieka, mus\u00edte zmeni\u0165 svoje stravovacie n\u00e1vyky. Je to ve\u013ek\u00e1 zmena pre va\u0161e telo. \u017diadne mlieko, \u017eiadne jogurty, \u017eiadne syry, ani kr\u00e9mov\u00e9 om\u00e1\u010dky. Bohu\u017eia\u013e to ale tie\u017e znamen\u00e1, \u017ee va\u0161e telo nem\u00e1 dostatok v\u00e1pnika a \u010fal\u0161\u00edch nevyhnutne d\u00f4le\u017eit\u00fdch miner\u00e1lov a stopov\u00fdch prvkov.<\/p>\n<p><strong>Miner\u00e1ly a stopov\u00e9 prvky m\u00f4\u017eu zabr\u00e1ni\u0165 n\u00edzkemu obsahu denne potrebn\u00fdch l\u00e1tok zo stravy.<\/strong><\/p>\n<p>&nbsp;<\/p>\n<p><strong>KOSTI A ZUBY<\/strong><\/p>\n<p>Pri rednut\u00ed kost\u00ed, ktor\u00e9 vedie k zv\u00fd\u0161en\u00e9mu riziku zlomen\u00edn sa zni\u017euje hustota miner\u00e1lov v kostiach, zhor\u0161uje sa mikroarchitekt\u00fara kost\u00ed a men\u00ed sa mno\u017estvo a rozmanitos\u0165 prote\u00ednov v kostiach. Aj na\u0161e zuby si treba chr\u00e1ni\u0165 a myslie\u0165 na ne v\u010das. Ur\u010dit\u00fa \u010das\u0165 m\u00f4\u017eeme ovplyvni\u0165 stravou a \u017eivotn\u00fdm \u0161t\u00fdlom vr\u00e1tane cvi\u010denia. S prib\u00fadaj\u00facim vekom odpor\u00fa\u010dam dod\u00e1va\u0165 n\u00e1\u0161mu telu potrebn\u00e9 miner\u00e1ly a stopov\u00e9 prvky, vitam\u00edn D3.<\/p>\n<p>&nbsp;<\/p>\n<p><strong>Na \u010do si d\u00e1va\u0165 pozor pri v\u00fdbere?<\/strong> \u010ci sa s\u00fa 100 % pr\u00edrodn\u00e9, s vysokou vstrebate\u013enos\u0165ou pre \u013eudsk\u00fd organizmus, v chel\u00e1tovej podobe.<\/p>\n<p>&nbsp;<\/p>\n<hr \/>\n<h5 class=\"p5\"><span class=\"s1\"><b>Z\u00c1VER <\/b><\/span><strong><span class=\"s1\">pre doplnok stravy (Mitracell):<\/span><\/strong><\/h5>\n<p><strong>MITRACELL <span class=\"s1\">obsahuje celkom 80 miner\u00e1lov. Ak\u00fdch je t\u00fdch <b>35 najd\u00f4le\u017eitej\u0161\u00edch<\/b>? <\/span><\/strong>Zinok, Chr\u00f3m, Molybd\u00e9n, V\u00e1pnik, \u017delezo, Drasl\u00edk, Oxid kremi\u010dit\u00fd, Sod\u00edk, Fosfor, Mang\u00e1n, Me\u010f, Nikel, Kobalt, B\u00f3r, Hor\u010d\u00edk, Vanad, J\u00f3d, S\u00edra, Sel\u00e9n, L\u00edtium, Rub\u00eddium, C\u00edn, Rut\u00e9nium, R\u00f3dium, Carbon Organic (organick\u00fd uhl\u00edk), Dus\u00edk, Gallium, Lanthan, Samarium, Volfr\u00e1m, Calcium (v\u00e1pnik) z koralov, veg\u00e1nska kapsula.<\/p>\n<p><strong>Odpor\u00fa\u010dam \u010d\u00edta\u0165 odborn\u00e9 publik\u00e1cie, kde sa m\u00f4\u017eete dozvedie\u0165 viac o jednotliv\u00fdch miner\u00e1loch ako napr\u00edklad toto:<\/strong><\/p>\n<p>&nbsp;<\/p>\n<p><span class=\"s1\"><b>1. Zinok<\/b><\/span><\/p>\n<p><span class=\"s1\">Je k\u013e\u00fa\u010dovou s\u00fa\u010das\u0165ou imunitn\u00e9ho syst\u00e9mu a pom\u00e1ha v boji proti infekci\u00e1m.<\/span><\/p>\n<h5><b style=\"color: #666666; font-size: 14px;\">2. Chr\u00f3m<\/b><\/h5>\n<p><span class=\"s1\">Pom\u00e1ha kontrolova\u0165 hladinu gluk\u00f3zy v krvi a premie\u0148a prote\u00edny, uh\u013eohydr\u00e1ty a tuky na energiu. \u010ealej pom\u00e1ha zvy\u0161ova\u0165 svalov\u00fa hmotu a z\u00e1rove\u0148 zni\u017eova\u0165 hmotnos\u0165.<\/span><\/p>\n<p><b>3. Molybd\u00e9n<\/b><\/p>\n<p><span class=\"s1\">Molybd\u00e9n je nevyhnutn\u00fdm miner\u00e1lom na spr\u00e1vne fungovanie enz\u00fdmov a pom\u00e1ha zlep\u0161i\u0165 krvn\u00fd obeh.<\/span><\/p>\n<p><span class=\"s1\"><b>4. V\u00e1pnik<\/b><\/span><\/p>\n<p><span class=\"s1\">V\u00e1pnik tvoria anorganick\u00e9 miner\u00e1ly, nie z kravsk\u00e9ho mlieka. Je najcennej\u0161\u00edm miner\u00e1lom v na\u0161om tele a nach\u00e1dza sa najm\u00e4 v kostiach a zuboch. Prispieva k norm\u00e1lnemu metabolizmu energie, telesnej hmotnosti, funkcii svalov, funkcii nervov\u00e9ho syst\u00e9mu ak funkcii tr\u00e1viaceho enz\u00fdmu. V\u00e1pnik je potrebn\u00fd na udr\u017eanie norm\u00e1lneho stavu kost\u00ed a zubov.<\/span><\/p>\n<p><span class=\"s1\"><b>5. \u017delezo<\/b><\/span><\/p>\n<p><span class=\"s1\">Prispieva k norm\u00e1lnej produkcii \u010derven\u00fdch krviniek a hemoglob\u00ednu, pom\u00e1ha zni\u017eova\u0165 \u00fanavu a vy\u010derpanie a prispieva k norm\u00e1lnemu fungovaniu imunitn\u00e9ho syst\u00e9mu.<\/span><\/p>\n<p><span class=\"s1\"><b>6. Drasl\u00edk<\/b><\/span><\/p>\n<p><span class=\"s1\">Prispieva k norm\u00e1lnemu fungovaniu nervov\u00e9ho syst\u00e9mu, k spr\u00e1vnemu fungovaniu svalov ak udr\u017eovaniu norm\u00e1lneho krvn\u00e9ho tlaku.<\/span><\/p>\n<p><span class=\"s1\"><b>7. Krem\u00edk<\/b><\/span><\/p>\n<p><span class=\"s1\">Je nevyhnutn\u00fd na udr\u017eiavanie siln\u00fdch kost\u00ed. Pom\u00e1ha udr\u017eiava\u0165 prirodzen\u00fa \u017eiaru poko\u017eky, podporuje rast a hustotu vlasov a nechtov, predch\u00e1dza kardiovaskul\u00e1rnym ochoreniam a zni\u017euje riziko alop\u00e9cie (vlasy sa str\u00e1caj\u00fa z niektor\u00fdch alebo zo v\u0161etk\u00fdch \u010dast\u00ed tela).<\/span><\/p>\n<p><span class=\"s1\"><b>8. Sod\u00edk<\/b><\/span><\/p>\n<p><span class=\"s1\">Pom\u00e1ha regulova\u0165 krvn\u00fd tlak, nervov\u00fd prenos, predch\u00e1dza svalov\u00fdm k\u0155\u010dom, udr\u017euje rovnov\u00e1hu hydrat\u00e1cie a spr\u00e1vne pH.<\/span><\/p>\n<p><span class=\"s1\"><b>9. Fosfor<\/b><\/span><\/p>\n<p><span class=\"s1\">A\u017e 80 % telesn\u00e9ho fosforu je ulo\u017een\u00fdch v kostiach a zuboch. Prispieva k norm\u00e1lnemu metabolizmu energie, k spr\u00e1vnej funkcii bunkov\u00fdch membr\u00e1n ak udr\u017eovaniu norm\u00e1lneho stavu kost\u00ed a zubov.<\/span><\/p>\n<p><span class=\"s1\"><b>10. Mang\u00e1n<\/b><\/span><\/p>\n<p><span class=\"s1\">Prispieva k norm\u00e1lnej produkcii spojivov\u00fdch tkan\u00edv ak ochrane buniek pred oxida\u010dn\u00fdm stresom.<\/span><\/p>\n<p><span class=\"s1\"><b>11. Me\u010f<\/b><\/span><\/p>\n<p><span class=\"s1\">Prispieva k norm\u00e1lnej pigment\u00e1cii vlasov a poko\u017eky ak norm\u00e1lnemu prenosu \u017eeleza v krvi.<\/span><\/p>\n<p><span class=\"s1\"><b>12. Nikel<\/b><\/span><\/p>\n<p><span class=\"s1\">Nikel sa nach\u00e1dza v DNA a RNA \u2013 je s\u00fa\u010das\u0165ou ka\u017edej bunky v \u013eudskom tele, pom\u00e1ha rozklada\u0165 gluk\u00f3zu, posil\u0148uje kosti a pom\u00e1ha ur\u00fdchli\u0165 chemick\u00e9 reakcie v na\u0161om tele.<\/span><\/p>\n<p><span class=\"s1\"><b>13. Kobalt<\/b><\/span><\/p>\n<p><span class=\"s1\">Podporuje tvorbu \u010derven\u00fdch krviniek a pom\u00e1ha zni\u017eova\u0165 hladinu homocyste\u00ednu - Homocystein je rizikov\u00fdm faktorom srdcov\u00fdch chor\u00f4b a je spojen\u00fd s n\u00edzkymi hladinami vitam\u00ednov B6, B12 a fol\u00e1tov. Kobalt podporuje norm\u00e1lnu funkciu obli\u010diek a zabra\u0148uje tak r\u00f4znym ochoreniam obli\u010diek \u2013 Ochorenie obli\u010diek sa tie\u017e naz\u00fdva zlyhanie obli\u010diek v kone\u010dnom \u0161t\u00e1diu.<\/span><\/p>\n<p><span class=\"s1\"><b>14. Van\u00e1d<\/b><\/span><\/p>\n<p><span class=\"s1\">Pom\u00e1ha kontrolova\u0165 hladinu cukru v krvi, chr\u00e1ni kosti, pom\u00e1ha zni\u017eova\u0165 krvn\u00fd tlak a zvy\u0161uje svalov\u00fa hmotu.<\/span><\/p>\n<p><span class=\"s1\"><b>15. B\u00f3r<\/b><\/span><\/p>\n<p><span class=\"s1\">Zvy\u0161uje hladinu testoster\u00f3nu, ktor\u00fd je d\u00f4le\u017eit\u00fd na budovanie svalov a na zotavenie svalov po cvi\u010den\u00ed. Pom\u00e1ha udr\u017eiava\u0165 siln\u00e9 kosti, zvy\u0161uje hladinu estrog\u00e9nu a zohr\u00e1va d\u00f4le\u017eit\u00fa \u00falohu pri udr\u017eiavan\u00ed bunkov\u00fdch funkci\u00ed.<\/span><\/p>\n<p><span class=\"s1\"><b>16. Hor\u010d\u00edk<\/b><\/span><\/p>\n<p><span class=\"s1\">Je prospe\u0161n\u00fd na zn\u00ed\u017eenie \u00fanavy a vy\u010derpania. Prispieva k rovnov\u00e1he elektrolytov ak norm\u00e1lnemu metabolizmu energie.<\/span><\/p>\n<p><span class=\"s1\"><b>17. J\u00f3d<\/b><\/span><\/p>\n<p><span class=\"s1\">J\u00f3d prispieva k norm\u00e1lnej produkcii horm\u00f3nov \u0161t\u00edtnej \u017e\u013eazy ak spr\u00e1vnej \u010dinnosti \u0161t\u00edtnej \u017e\u013eazy.<\/span><\/p>\n<p><span class=\"s1\"><b>18. Sel\u00e9n<\/b><\/span><\/p>\n<p><span class=\"s1\">Pom\u00e1ha udr\u017eova\u0165 norm\u00e1lny stav nechtov, spr\u00e1vnu funkciu \u0161t\u00edtnej \u017e\u013eazy a chr\u00e1ni bunky pred oxida\u010dn\u00fdm stresom.<\/span><\/p>\n<p><span class=\"s1\"><b>19. L\u00edtium<\/b><\/span><\/p>\n<p><span class=\"s1\">Prispieva k tvorbe nov\u00fdch kme\u0148ov\u00fdch buniek, podporuje zdravie kost\u00ed a zni\u017euje bolesti hlavy.<\/span><\/p>\n<p><span class=\"s1\"><b>20. S\u00edra<\/b><\/span><\/p>\n<p><span class=\"s1\">S\u00edra je d\u00f4le\u017eit\u00e1 pre tvorbu aminokysel\u00edn, ktor\u00e9 sa pou\u017e\u00edvaj\u00fa na produkciu prote\u00ednov, horm\u00f3nov, tkan\u00edv a enz\u00fdmov. S\u00edra reguluje metabolizmus uh\u013eohydr\u00e1tov a je d\u00f4le\u017eit\u00e1 pre produkciu inzul\u00ednu.<\/span><\/p>\n<p><span class=\"s1\"><b>21. Rub\u00eddium<\/b><\/span><\/p>\n<p><span class=\"s1\">Rub\u00eddium udr\u017euje hormon\u00e1lnu rovnov\u00e1hu, pom\u00e1ha regulova\u0165 a absorbova\u0165 \u017eelezo a tie\u017e pom\u00e1ha pri depresi\u00e1ch.<\/span><\/p>\n<p><span class=\"s1\"><b>22. Rut\u00e9nium<\/b><\/span><\/p>\n<p><span class=\"s1\">Pom\u00e1ha pri detoxik\u00e1cii buniek, zni\u017euje telesn\u00fa v\u00e1hu, posil\u0148uje imunitn\u00fd syst\u00e9m a pom\u00e1ha mozgu lep\u0161ie pracova\u0165.<\/span><\/p>\n<p><span class=\"s1\"><b>23. R\u00f3dium<\/b><\/span><\/p>\n<p><span class=\"s1\">Posil\u0148uje imunitn\u00fd syst\u00e9m, ur\u00fdch\u013euje hojenie v tele, zvy\u0161uje energiu, fyzick\u00fa silu a atletick\u00fd stav.<\/span><\/p>\n<p><span class=\"s1\"><b>24. Striebro<\/b><\/span><\/p>\n<p><span class=\"s1\">Striebro je antibakteri\u00e1lne, protiz\u00e1palov\u00e9, antiv\u00edrusov\u00e9 a posil\u0148uje imunitn\u00fd syst\u00e9m.<\/span><\/p>\n<p><span class=\"s1\"><b>25. C\u00edn<\/b><\/span><\/p>\n<p><span class=\"s1\">C\u00edn zvy\u0161uje energiu, pom\u00e1ha pri depresii, d\u00fdchac\u00edch probl\u00e9moch s astmou, priaznivo ovplyv\u0148uje tr\u00e1venie a funkciu nadobli\u010diek.<\/span><\/p>\n<p><span class=\"s1\"><b>26. Iridium<\/b><\/span><\/p>\n<p><span class=\"s1\">Ir\u00eddium pom\u00e1ha v boji proti vo\u013en\u00fdm radik\u00e1lom, m\u00e1 siln\u00e9 antioxida\u010dn\u00e9 \u00fa\u010dinky, m\u00f4\u017ee zlep\u0161i\u0165 bunkov\u00fd metabolizmus, spoma\u013euje starnutie a regeneruje neurologick\u00e9 tkaniv\u00e1.<\/span><\/p>\n<p><span class=\"s1\"><b>27. Indium<\/b><\/span><\/p>\n<p><span class=\"s1\">Pom\u00e1ha pri tvorbe horm\u00f3nov, podporuje imunitn\u00fd syst\u00e9m, spoma\u013euje starnutie, zvy\u0161uje energiu, zlep\u0161uje krvn\u00fd obeh, pom\u00e1ha pri obezite a pom\u00e1ha pri depresii.<\/span><\/p>\n<p><span class=\"s1\"><b>28. Platina<\/b><\/span><\/p>\n<p><span class=\"s1\">Zlep\u0161uje du\u0161evn\u00e9 schopnosti. Pom\u00e1ha posil\u0148ova\u0165 imunitn\u00fd syst\u00e9m, odstra\u0148ova\u0165 tox\u00edny z tela, zvy\u0161uje du\u0161evn\u00fa bdelos\u0165 a celkov\u00fa energiu. Platina je tie\u017e ve\u013emi d\u00f4le\u017eit\u00e1 pre svalov, nervov a ko\u017ee.<\/span><\/p>\n<p><span class=\"s1\"><b>29. Barium <\/b><\/span><\/p>\n<p><span class=\"s1\">Barium (22 mg v priemernom \u013eudskom tele): Pou\u017e\u00edva sa pre gastrointestin\u00e1lne potreby.<\/span><\/p>\n<p><span class=\"s1\"><b>30. Organick\u00fd uhl\u00edk<\/b><\/span><\/p>\n<p><span class=\"s1\">Uhl\u00edk je z\u00e1kladn\u00fdm stavebn\u00fdm kame\u0148om na tvorbu bielkov\u00edn, uh\u013eohydr\u00e1tov a tukov. Hr\u00e1 z\u00e1sadn\u00fa \u00falohu pri regul\u00e1cii fyziol\u00f3gie tela.<\/span><\/p>\n<p><span class=\"s1\"><b>31. Dus\u00edk<\/b><\/span><\/p>\n<p><span class=\"s1\">Dus\u00edk je nutn\u00fd na produkciu bielkov\u00edn a aminokysel\u00edn.<\/span><\/p>\n<p><span class=\"s1\"><b>32. Gallium<\/b><\/span><\/p>\n<p><span class=\"s1\">G\u00e1lium (0,7 mg v priemernom \u013eudskom tele): G\u00e1lium moduluje ch\u00e9miu mozgu, zni\u017euje v\u00fdskyt rakoviny mozgu a n\u00e1dorov.<\/span><\/p>\n<p><span class=\"s1\"><b>33. Lanthanum<\/b><\/span><\/p>\n<p><span class=\"s1\">Lant\u00e1n (0,8 mg v priemernom \u013eudskom tele): Zvy\u0161uje rast buniek a predl\u017euje \u017eivotnos\u0165.<\/span><\/p>\n<p><span class=\"s1\"><b>34. Sam\u00e1rium<\/b><\/span><\/p>\n<p><span class=\"s1\">Sam\u00e1rium (50 \u03bcg v priemernom \u013eudskom tele): Podporuje norm\u00e1lny rast buniek, predl\u017euje \u017eivot a pom\u00e1ha pri prevencii rakoviny. Nedostatok sam\u00e1ria m\u00f4\u017ee ma\u0165 za n\u00e1sledok stratu sluchu a mu\u017esk\u00fa ple\u0161atos\u0165.<\/span><\/p>\n<p><span class=\"s1\"><b>35. Volfr\u00e1m<\/b><\/span><\/p>\n<p><span class=\"s1\">Volfr\u00e1m (20 \u03bcg v priemernom \u013eudskom tele): Predpoklad\u00e1 sa, \u017ee volfr\u00e1m pou\u017e\u00edva mal\u00e9 mno\u017estvo enz\u00fdmov sp\u00f4sobom podobn\u00fdm molybd\u00e9nu.<\/span><\/p>\n<p>&nbsp;<\/p>\n<p><span class=\"s2\"><b>MITRACELL<\/b> <\/span><span class=\"s1\"><strong>neobsahuje: umel\u00e9 dochucovadl\u00e1 \u010di sladidl\u00e1, konzervanty, cukor, \u0161krob, mlieko, lakt\u00f3zu, s\u00f3ju, vajcia, glutam\u00e1t, p\u0161enicu, dro\u017edie, stear\u00e1t hore\u010dnat\u00fd a NIE JE GENETICKY MODIFIKOVAN\u00dd.<\/strong><\/span><\/p>\n<h5 class=\"p5\"><span class=\"s1\"><b>DAROVANIE <\/b><\/span><strong><span class=\"s1\">pre doplnok stravy (Mitracell):<\/span><\/strong><\/h5>\n<p><span class=\"s1\">1 \u2013 2 kapsule denne zapite dostato\u010dn\u00fdm mno\u017estvom vody, u\u017e\u00edvajte pred jedlom. Balenie: <span class=\"Apple-converted-space\">60<\/span> kaps\u00fal.<\/span><\/p>\n<h5 class=\"p1\"><span class=\"s1\"><b>SKLADOVANIE <\/b><\/span><strong><span class=\"s1\">pre doplnok stravy (Mitracell):<\/span><\/strong><\/h5>\n<p>Uchov\u00e1vajte v suchu pri izbovej teplote. Chr\u00e1\u0148te pred mrazom. Nevystavujte priamemu slne\u010dn\u00e9mu \u017eiareniu. Uchov\u00e1vajte mimo dosahu det\u00ed.<\/p>\n<h5><strong>UPOZORNENIE\u00a0<span class=\"s1\">pre doplnok stravy (Mitracell):<\/span><\/strong><\/h5>\n<p>Nejde o liek a nenahr\u00e1dza pestr\u00fa stravu. Ak ste tehotn\u00e1, doj\u010d\u00edte alebo u\u017e\u00edvate lieky, pora\u010fte sa o u\u017e\u00edvan\u00ed so svoj\u00edm lek\u00e1rom. Nepou\u017e\u00edvajte pri zn\u00e1mej precitlivenosti na niektor\u00fa zlo\u017eku lieku.<\/p>","protected":false},"excerpt":{"rendered":"<h2>Miner\u00e1lna podpora bunkovej rovnov\u00e1hy a vitality organizmu<\/h2>\n<p><strong>MITRACELL<\/strong> je pr\u00edrodn\u00fd miner\u00e1lny doplnok z miner\u00e1lov z paraguajskej d\u017eungle navrhnut\u00fd <strong>pre podporu bunkovej rovnov\u00e1hy, vitality a spr\u00e1vneho fungovania z\u00e1kladn\u00fdch procesov<\/strong> v tele. Obsahuje<strong> cielen\u00fa kombin\u00e1ciu miner\u00e1lnych l\u00e1tok<\/strong>, ktor\u00e9 sa podie\u013eaj\u00fa na <strong>energetickom metabolizme, nervovej \u010dinnosti a celkovej stabilite<\/strong> organizmu. Produkt zapad\u00e1 do ka\u017edodennej starostlivosti najm\u00e4 pri zv\u00fd\u0161enej fyzickej \u010di psychickej z\u00e1\u0165a\u017ei, \u00fanave alebo dlhodobom strese. V\u010faka jednoduch\u00e9mu a \u010dist\u00e9mu zlo\u017eeniu je MITRACELL vhodn\u00fd na dlhodob\u00e9 u\u017e\u00edvanie ako pevn\u00fd z\u00e1klad miner\u00e1lnej rovnov\u00e1hy \u2013 bez ch\u00e9mie a balastu plnidiel, s d\u00f4razom na funk\u010dnos\u0165 a kontinuitu.<\/p>\n<p><em><strong>MITRACELL \u2013 pevn\u00fd miner\u00e1lny z\u00e1klad na ka\u017ed\u00fd de\u0148. Podporte telo tam, kde za\u010d\u00edna rovnov\u00e1ha \u2013 v bunk\u00e1ch.<\/strong><\/em><\/p>","protected":false},"featured_media":6030,"comment_status":"open","ping_status":"closed","template":"","meta":[],"product_brand":[58],"product_cat":[15,27,25,26,23,201,79,78,81,29,30,77,32,33],"product_tag":[],"class_list":{"0":"post-5974","1":"product","2":"type-product","3":"status-publish","4":"has-post-thumbnail","6":"product_brand-for-a-long-life","7":"product_cat-detoxikace","8":"product_cat-dlouhovekost","9":"product_cat-hubnuti","10":"product_cat-imunita","11":"product_cat-krasa","12":"product_cat-lymfa","13":"product_cat-ocista-jater","14":"product_cat-psychika","15":"product_cat-regenerace","16":"product_cat-spanek-a-uzkost","17":"product_cat-zdrave-srdce","18":"product_cat-zdravi-deti","19":"product_cat-zdravi-muze","20":"product_cat-zdravi-zeny","22":"first","23":"instock","24":"taxable","25":"shipping-taxable","26":"purchasable","27":"product-type-simple"},"_links":{"self":[{"href":"https:\/\/www.linie4life.com\/sk\/wp-json\/wp\/v2\/product\/5974","targetHints":{"allow":["GET"]}}],"collection":[{"href":"https:\/\/www.linie4life.com\/sk\/wp-json\/wp\/v2\/product"}],"about":[{"href":"https:\/\/www.linie4life.com\/sk\/wp-json\/wp\/v2\/types\/product"}],"replies":[{"embeddable":true,"href":"https:\/\/www.linie4life.com\/sk\/wp-json\/wp\/v2\/comments?post=5974"}],"version-history":[{"count":10,"href":"https:\/\/www.linie4life.com\/sk\/wp-json\/wp\/v2\/product\/5974\/revisions"}],"predecessor-version":[{"id":17391,"href":"https:\/\/www.linie4life.com\/sk\/wp-json\/wp\/v2\/product\/5974\/revisions\/17391"}],"wp:featuredmedia":[{"embeddable":true,"href":"https:\/\/www.linie4life.com\/sk\/wp-json\/wp\/v2\/media\/6030"}],"wp:attachment":[{"href":"https:\/\/www.linie4life.com\/sk\/wp-json\/wp\/v2\/media?parent=5974"}],"wp:term":[{"taxonomy":"product_brand","embeddable":true,"href":"https:\/\/www.linie4life.com\/sk\/wp-json\/wp\/v2\/product_brand?post=5974"},{"taxonomy":"product_cat","embeddable":true,"href":"https:\/\/www.linie4life.com\/sk\/wp-json\/wp\/v2\/product_cat?post=5974"},{"taxonomy":"product_tag","embeddable":true,"href":"https:\/\/www.linie4life.com\/sk\/wp-json\/wp\/v2\/product_tag?post=5974"}],"curies":[{"name":"wp","href":"https:\/\/api.w.org\/{rel}","templated":true}]}}