{"id":5976,"date":"2025-03-20T16:10:44","date_gmt":"2025-03-20T15:10:44","guid":{"rendered":"https:\/\/www.linie4life.com\/?post_type=product&#038;p=5976"},"modified":"2026-05-03T07:34:41","modified_gmt":"2026-05-03T05:34:41","slug":"pelvictool-prirodne-riesenie-pri-uniku-moci","status":"publish","type":"product","link":"https:\/\/www.linie4life.com\/sk\/obchod\/pelvictool-prirodni-reseni-pri-uniku-moci\/","title":{"rendered":"PELVICTOOL podpora gynekologick\u00fdch a urologick\u00fdch probl\u00e9mov 120 kaps\u00fal na 30 dn\u00ed"},"content":{"rendered":"<p><strong>PELVICTOOL je pr\u00edrodn\u00fd doplnok stravy vytvoren\u00fd ako vn\u00fatorn\u00e1 podpora int\u00edmnej oblasti<\/strong>. Kombinuje tradi\u010dn\u00e9 bylinn\u00e9 zlo\u017eky, betagluk\u00e1ny a probiotick\u00e9 kult\u00fary, ktor\u00e9 s\u00fa zn\u00e1me svojou rolou pri <strong>udr\u017eiavanie norm\u00e1lnej funkcie mo\u010dov\u00fdch ciest, rovnov\u00e1hy organizmu a celkov\u00e9ho komfortu<\/strong>.<\/p>\n<p><strong>V\u010faka svojmu zlo\u017eeniu m\u00f4\u017ee by\u0165 vhodnou vo\u013ebou:<\/strong><\/p>\n<ul>\n<li>pri zn\u00ed\u017eenom komforte mo\u010dov\u00e9ho mech\u00fara a mo\u010dov\u00fdch ciest<\/li>\n<li>v obdobiach zv\u00fd\u0161enej citlivosti int\u00edmnej oblasti<\/li>\n<li>pri pocite oslabenia panvov\u00e9ho dna<\/li>\n<li>pri dlhodobom strese a nap\u00e4t\u00ed, ktor\u00e9 sa \u010dasto odr\u00e1\u017ea pr\u00e1ve \u201edole\u201c<\/li>\n<\/ul>\n<h2>S\u00favislosti oslabenia panvov\u00e9ho dna a komfortu \u017eeny<\/h2>\n<p>Dajte \u0161ancu rovnako ako ja \u00a0<strong>PELVICTOOL a v\u00fdsledok sa \u010doskoro dostav\u00ed. <\/strong>PELVICTOOL<strong> <span style=\"font-weight: 400;\">m\u00f4\u017eem osobne odporu\u010di\u0165 z vlastnej sk\u00fasenosti.<\/span><\/strong><\/p>\n<p>Vedeli ste, \u017ee aj <strong>\u00fanik mo\u010du, inkontinencia, tr\u00e1pia \u017eeny v \u010d\u00edm \u010falej ni\u017e\u0161om veku<\/strong>. Tento probl\u00e9m <strong>b\u00fdva spojen\u00fd \u010dasto s ochabnut\u00fdmi svalmi panvov\u00e9ho dna<\/strong>. <strong>PELVICTOOL<\/strong> <strong>(pr\u00edrodn\u00fd doplnok stravy)<\/strong> m\u00f4\u017ee by\u0165 dobr\u00e1 vo\u013eba, svoj\u00edm zlo\u017een\u00edm m\u00f4\u017ee podpori\u0165 gynekologick\u00e9 a urologick\u00e9 z\u00e1le\u017eitosti. \u00danik mo\u010du m\u00f4\u017ee by\u0165 spojen\u00fd aj s ve\u013ek\u00fdm stresom, nap\u00e4t\u00edm, kedy doch\u00e1dza k \u010dastej\u0161iemu mo\u010deniu alebo aj k situ\u00e1cii, ke\u010f na toaletu nestihnete ani d\u00f4js\u0165 a m\u00f4\u017ee sa u v\u00e1s rozvin\u00fa\u0165 tzv. syndr\u00f3m hyperakt\u00edvneho mo\u010dov\u00e9ho mech\u00fara. A treba h\u013eada\u0165 aj s\u00favislos\u0165 medzi inkontinenciou a psychikou. Psychosomatika dok\u00e1\u017ee ve\u013emi pom\u00f4c\u0165 alebo naopak ve\u013emi ubl\u00ed\u017ei\u0165 n\u00e1\u0161mu fyzick\u00e9mu telu.<\/p>\n<p>Ako takmer ka\u017ed\u00e1 \u017eena, aj ja, rie\u0161im sama svoje zdravie, aby som sa c\u00edtila dobre. Bohu\u017eia\u013e, <strong>niekedy sta\u010d\u00ed m\u00e1lo<\/strong>, <strong>sadn\u00fa\u0165 si na studen\u00fa lavi\u010dku, necha\u0165 si v hor\u00facich letn\u00fdch d\u0148och na sebe mokr\u00e9 plavky, necha\u0165 si pusten\u00fa klimatiz\u00e1ciu a probl\u00e9m je na svete.<\/strong> Tie\u017e aj zmena partnera m\u00f4\u017ee \u010dasto sp\u00f4sobi\u0165 probl\u00e9my a na gynekol\u00f3giu za\u010dnete chodi\u0165 \u010dastej\u0161ie a opakovane. <strong>M\u00e1te za sebou mno\u017estvo pokusov a omylov a dookola h\u013ead\u00e1te rie\u0161enie?<\/strong>\u00a0<strong>Esenci\u00e1lnymi olejmi po\u010dn\u00fac, v\u00fdplachmi, mas\u0165ami, zav\u00e1dzac\u00edmi kapsulami, probiotick\u00fdmi tamp\u00f3nmi a \u0161peci\u00e1lnymi g\u00e9lmi na int\u00edmnu hygienu kon\u010diac, bohu\u017eia\u013e, bez v\u00fdsledku \u010dasto<\/strong>. Niektor\u00e9 \u201echytr\u00e9\u201c rady si pre\u010d\u00edtate na internete, in\u00e9 porad\u00ed kamar\u00e1tka, m\u00e1te za sebou nieko\u013eko ne\u00faspe\u0161n\u00fdch pokusov so zav\u00e1dzan\u00edm \u201e\u010dohosi\u201c priamo do po\u0161vy, \u010do m\u00e1 pom\u00f4c\u0165 a vo fin\u00e1le navy\u0161e periete bielize\u0148 ka\u017ed\u00fd de\u0148, preto\u017ee v\u00e4\u010d\u0161ina toho nepom\u00e1ha?<\/p>\n<p>Osobne <strong>odpor\u00fa\u010dam \u017een\u00e1m posil\u0148ova\u0165 panvov\u00e9 dno<\/strong>. Existuje mnoho cvikov a zaberie p\u00e1r min\u00fatok denne, ale je potrebn\u00e9 ich robi\u0165 denne a dlhodobo. <strong>Sk\u00faste napr\u00edklad toto<\/strong>: \u013eahnite si uvo\u013enene na podlo\u017eku na zem, nohy mierne pokr\u010dte. Pri n\u00e1dychu stiahnite zviera\u010da mo\u010dovej trubice aj kone\u010dn\u00edka ako keby sa v\u00e1m ve\u013emi chcelo vypr\u00e1zdni\u0165 a pri v\u00fddychu vtiahnite brucho dovn\u00fatra. Vydr\u017ete 2 \u2013 3 sekundy a povo\u013ete. Vykon\u00e1vajte toto <b>cvi\u010denie<\/b> 10 kr\u00e1t denne, po dvoch t\u00fd\u017ed\u0148och m\u00f4\u017eete zv\u00fd\u0161i\u0165 na 20 kr\u00e1t denne.<\/p>\n<p>&nbsp;<\/p>\n<hr \/>\n<h5 class=\"p1\"><span class=\"s1\"><b>DAROVANIE <\/b><\/span><span class=\"s1\"><b>pre doplnok stravy (Pelvictool):\u00a0<\/b><\/span><\/h5>\n<p><span class=\"s1\">Pred jedlom <strong>(r\u00e1no a ve\u010der) v\u017edy 2 kapsule<\/strong>, tj.<strong> 4 kapsule\/de\u0148<\/strong> (b<\/span><span class=\"s1\">alenie 120 kaps\u00fal)<\/span><\/p>\n<h5 class=\"p1\"><span class=\"s1\"><b>Z\u00c1VER <\/b><\/span><span class=\"s1\"><b>pre doplnok stravy (Pelvictool):<\/b><\/span><\/h5>\n<p><span class=\"s1\">T\u00fa\u017eobn\u00edk brestov\u00fd (Filipendula ulmaria), ru\u017ea \u0161\u00edpkov\u00e1 (Rosa canina), prasli\u010dka (Equisetum arvense), Beta-gluk\u00e1n 1,3 a 1,6 z lie\u010div\u00fdch h\u00fab, PROVEOTIKA (veg\u00e1nske probiotik\u00e1), Lactobacillus bulgaricus, Bifidobactecu long thermophilus, Lactobacillus: acidophilus, rhamnosus, fermentum, helveticus.<\/span><\/p>\n<p>&nbsp;<\/p>\n<div class=\"page\" title=\"Page 13\">\n<div class=\"layoutArea\">\n<div class=\"column\">\n<p><strong>T\u00fa\u017eobn\u00edk brestov\u00fd podporuje:<\/strong><\/p>\n<ul>\n<li>\u2013 \u201enorm\u00e1lny stav k\u013abov\u201c<\/li>\n<li>\u2013 \u201evylu\u010dovanie vody z organizmu\u201c<\/li>\n<li>\u2013 \u201enorm\u00e1lna funkcia mo\u010dov\u00fdch ciest \u2013 obli\u010dky\u201c<\/li>\n<li>\u2013 \u201enorm\u00e1lna funkcia d\u00fdchacieho syst\u00e9mu\u201c<\/li>\n<li>\u2013 \u201evylu\u010dovanie mo\u010du\u201c<\/li>\n<li>\u2013 \u201eosvie\u017eenie tela, prirodzen\u00e1 obranyschopnos\u0165\u201c<\/li>\n<li>\u2013 \u201edu\u0161evn\u00e9 zdravie\/relax\u00e1cia \u2013 sp\u00e1nok\u201c<\/li>\n<li>\u2013 \u201enorm\u00e1lne \u010dinnosti srdca, hladina cholesterolu v krvi\u201c<\/li>\n<li>\u2013 \u201enorm\u00e1lny stav poko\u017eky a tkan\u00edv\u201c<\/li>\n<\/ul>\n<p>&nbsp;<\/p>\n<\/div>\n<div class=\"column\">\n<p><strong>Ru\u017ea \u0161\u00edpkov\u00e1 podporuje:<\/strong><\/p>\n<ul>\n<li>\u2013 \u201ement\u00e1lne zdravie \u2013 relax\u00e1cia\u201c<\/li>\n<li>\u2013 \u201etonizuj\u00face telo a myse\u013e\u201c<\/li>\n<li>\u2013 \u201enorm\u00e1lny stav organizmu\u201c<\/li>\n<li>\u2013 \u201eantioxidant\u201c<\/li>\n<li>\u2013 \u201enorm\u00e1lna \u010dinnos\u0165 mo\u010dov\u00e9ho mech\u00fara a obli\u010diek\u201c<\/li>\n<li>\u2013 \u201enorm\u00e1lne tr\u00e1venie\u201c<\/li>\n<li>\u2013 \u201eprirodzen\u00e1 obranyschopnos\u0165 \u2013 imunitn\u00fd syst\u00e9m\u201c<\/li>\n<li>\u2013 \u201enorm\u00e1lna funkcia d\u00fdchacieho syst\u00e9mu\u201c<\/li>\n<li>\u2013 \u201eobeh \u2013 \u0165a\u017ek\u00e9 nohy\u201c<\/li>\n<\/ul>\n<p>&nbsp;<\/p>\n<div class=\"page\" title=\"Page 13\">\n<div class=\"layoutArea\">\n<div class=\"column\">\n<p><strong>Prasli\u010dka podporuje:<\/strong><\/p>\n<ul>\n<li style=\"list-style-type: none;\">\n<ul>\n<li>\u2013 \u201eantioxidant\u201c<\/li>\n<li>\u2013 \u201ek\u013aby \u2013 flexibilita\u201c<\/li>\n<li>\u2013 \u201enervov\u00e1 rovnov\u00e1ha \u2013 upokojenie \u2013 relax\u00e1cia\u201c<\/li>\n<li>\u2013 \u201enorm\u00e1lna funkcia prostaty\u201c<\/li>\n<li>\u2013 \u201enorm\u00e1lna funkcia mo\u010dov\u00fdch ciest a obli\u010diek\u201c<\/li>\n<li>\u2013 \u201enorm\u00e1lna \u010dinnos\u0165 pe\u010dene \u2013 choler\u00e1za \u2013 pre\u010distenie\u201c<\/li>\n<li>\u2013 \u201enorm\u00e1lny stav poko\u017eky, vlasov a nechtov\u201c<\/li>\n<li>\u2013 \u201enorm\u00e1lny stav kost\u00ed a k\u013abov\u201c<\/li>\n<li>\u2013 \u201eosvie\u017eenie tela, zdrav\u00e9 d\u00fdchanie, odolnos\u0165\u201c<\/li>\n<li>\u2013 \u201eriedenie\u201c<\/li>\n<li>\u2013 \u201evylu\u010dovanie\u201c<\/li>\n<li>\u2013 \u201enorm\u00e1lna \u010dinnos\u0165 kardiovaskul\u00e1rneho syst\u00e9mu \u2013 pru\u017enos\u0165\u201c<\/li>\n<\/ul>\n<\/li>\n<\/ul>\n<p>&nbsp;<\/p>\n<ul>\n<li style=\"list-style-type: none;\"><strong>Beta-gluk\u00e1ny<\/strong>: \u201e\u03b2-gluk\u00e1ny prispievaj\u00fa k udr\u017eaniu norm\u00e1lnej hladiny cholesterolu v krvi\u201c<\/li>\n<\/ul>\n<\/div>\n<\/div>\n<\/div>\n<p>&nbsp;<\/p>\n<\/div>\n<\/div>\n<\/div>\n<p><strong><span class=\"s1\">Neobsahuje umel\u00e9 pr\u00edchuti ani sladidl\u00e1, konzerva\u010dn\u00e9 l\u00e1tky, cukor, \u0161krob, mlieko, lakt\u00f3zu, s\u00f3ju, vajcia, glutam\u00e1t, p\u0161enicu, dro\u017edie, stearan hore\u010dnat\u00fd a je bez GMO.<\/span><\/strong><\/p>\n<p>&nbsp;<\/p>\n<h5 class=\"p1\"><span class=\"s1\"><b>SKLADOVANIE <\/b><\/span><span class=\"s1\"><b>pre doplnok stravy (Pelvictool):<\/b><\/span><\/h5>\n<p>Uchov\u00e1vajte v suchu pri izbovej teplote. Chr\u00e1\u0148te pred mrazom. Nevystavujte priamemu slne\u010dn\u00e9mu \u017eiareniu. Uchov\u00e1vajte mimo dosahu det\u00ed.<\/p>\n<h5><strong>UPOZORNENIE <\/strong><span class=\"s1\"><b>pre doplnok stravy (Pelvictool):<\/b><\/span><\/h5>\n<p>Nejde o liek a nenahr\u00e1dza pestr\u00fa stravu. Ak ste tehotn\u00e1, doj\u010d\u00edte alebo u\u017e\u00edvate lieky, pora\u010fte sa o u\u017e\u00edvan\u00ed so svoj\u00edm lek\u00e1rom. Nepou\u017e\u00edvajte pri zn\u00e1mej precitlivenosti na niektor\u00fa zlo\u017eku lieku.<\/p>","protected":false},"excerpt":{"rendered":"<h2>Prirodzen\u00e1 podpora panvov\u00e9ho dna a mo\u010dov\u00fdch ciest<\/h2>\n<p><strong>PELVICTOOL<\/strong> je . <strong>prirodzen\u00e1 podpora panvov\u00e9ho dna<\/strong> navrhnut\u00e1 pre \u017eeny, ktor\u00e9 chc\u00fa znovu z\u00edska\u0165 istotu v ka\u017edodenn\u00fdch situ\u00e1ci\u00e1ch. Premyslen\u00e1 kombin\u00e1cia akt\u00edvnych l\u00e1tok podporuje norm\u00e1lnu funkciu svalov panvov\u00e9ho dna a mo\u010dov\u00fdch ciest a zapad\u00e1 do dlhodobej starostlivosti o telo. Je vhodn\u00e1 pri oslaben\u00ed po p\u00f4rode, s prib\u00fadaj\u00facim vekom alebo pri zv\u00fd\u0161enej fyzickej \u010di psychickej z\u00e1\u0165a\u017ei.<\/p>\n<p><strong>PELVICTOOL<\/strong> je 100% pr\u00edrodn\u00fd doplnok stravy ur\u010den\u00fd <strong>na podporu zdravia mo\u010dov\u00fdch ciest, vagin\u00e1lnej rovnov\u00e1hy a panvov\u00e9ho dna<\/strong>. Je vhodn\u00fd <strong>pri zn\u00ed\u017eenom komforte mo\u010dov\u00e9ho mech\u00fara, zv\u00fd\u0161enej citlivosti int\u00edmnej oblasti<\/strong> aj v obdobiach, <strong>kedy telo reaguje na stres, hormon\u00e1lne zmeny alebo dlhodob\u00fa z\u00e1\u0165a\u017e<\/strong>.<\/p>\n<p><em><strong>PELVICTOOL \u2013 opora tam, kde z\u00e1le\u017e\u00ed na pohodl\u00ed, kontrole a pokoji v pohybe.<\/strong><\/em><\/p>","protected":false},"featured_media":6023,"comment_status":"open","ping_status":"closed","template":"","meta":[],"product_brand":[58],"product_cat":[23,80,33],"product_tag":[],"class_list":{"0":"post-5976","1":"product","2":"type-product","3":"status-publish","4":"has-post-thumbnail","6":"product_brand-for-a-long-life","7":"product_cat-krasa","8":"product_cat-prevence","9":"product_cat-zdravi-zeny","11":"first","12":"instock","13":"purchasable","14":"product-type-simple"},"_links":{"self":[{"href":"https:\/\/www.linie4life.com\/sk\/wp-json\/wp\/v2\/product\/5976","targetHints":{"allow":["GET"]}}],"collection":[{"href":"https:\/\/www.linie4life.com\/sk\/wp-json\/wp\/v2\/product"}],"about":[{"href":"https:\/\/www.linie4life.com\/sk\/wp-json\/wp\/v2\/types\/product"}],"replies":[{"embeddable":true,"href":"https:\/\/www.linie4life.com\/sk\/wp-json\/wp\/v2\/comments?post=5976"}],"version-history":[{"count":10,"href":"https:\/\/www.linie4life.com\/sk\/wp-json\/wp\/v2\/product\/5976\/revisions"}],"predecessor-version":[{"id":17393,"href":"https:\/\/www.linie4life.com\/sk\/wp-json\/wp\/v2\/product\/5976\/revisions\/17393"}],"wp:featuredmedia":[{"embeddable":true,"href":"https:\/\/www.linie4life.com\/sk\/wp-json\/wp\/v2\/media\/6023"}],"wp:attachment":[{"href":"https:\/\/www.linie4life.com\/sk\/wp-json\/wp\/v2\/media?parent=5976"}],"wp:term":[{"taxonomy":"product_brand","embeddable":true,"href":"https:\/\/www.linie4life.com\/sk\/wp-json\/wp\/v2\/product_brand?post=5976"},{"taxonomy":"product_cat","embeddable":true,"href":"https:\/\/www.linie4life.com\/sk\/wp-json\/wp\/v2\/product_cat?post=5976"},{"taxonomy":"product_tag","embeddable":true,"href":"https:\/\/www.linie4life.com\/sk\/wp-json\/wp\/v2\/product_tag?post=5976"}],"curies":[{"name":"wp","href":"https:\/\/api.w.org\/{rel}","templated":true}]}}