{"id":5977,"date":"2025-03-20T16:10:44","date_gmt":"2025-03-20T15:10:44","guid":{"rendered":"https:\/\/www.linie4life.com\/?post_type=product&#038;p=5977"},"modified":"2026-05-04T19:54:40","modified_gmt":"2026-05-04T17:54:40","slug":"carpagel-prirodny-gel-na-bolest-klbu","status":"publish","type":"product","link":"https:\/\/www.linie4life.com\/sk\/obchod\/carpagel-prirodni-gel-na-bolest-kloubu\/","title":{"rendered":"CARPAGEL pr\u00edrodn\u00fd \u0161irokospektr\u00e1lny g\u00e9l, r\u00fdchly \u00fa\u010dinok 200 ml"},"content":{"rendered":"<div class=\"gmail_default\">\n<p><span style=\"font-weight: 400;\"><em><strong>CARPAGEL<\/strong><\/em>je . <strong>pr\u00edrodn\u00fd, protiz\u00e1palov\u00fd,<\/strong><strong>\u0161irokospektr\u00e1lny g\u00e9l s r\u00fdchlou \u00fa\u013eavou \u00a0<\/strong>s vysok\u00fdm obsahom bylinn\u00fdch extraktov, esenci\u00e1lnych olejov a extraktov z peloidov, vhodn\u00fd nielen po <strong>fyzickej n\u00e1mahe, na regener\u00e1ciu<\/strong> pohybov\u00e9ho apar\u00e1tu a vy sa m\u00f4\u017eete op\u00e4\u0165 venova\u0165 svojim aktivit\u00e1m. Z\u00e1rove\u0148, m\u00f4\u017ee pom\u00f4c\u0165, <strong>zmierni\u0165 bolesti chrbta, ramena, kolen\u00e1, bedier, mal\u00fdch k\u013abov, <\/strong><strong>aj by\u0165 n\u00e1pomocn\u00fd pri syndr\u00f3me karp\u00e1lnych tunelov.<\/strong><\/span><\/p>\n<p>Pou\u017e\u00edva sa <strong>na \u00fa\u013eavu od bolesti<\/strong>,<strong> tlmenie z\u00e1palu<\/strong> a <strong>zmiernenie opuchov pri r\u00f4znych bolestiv\u00fdch stavoch<\/strong>, ako s\u00fa napr\u00edklad poranenia svalov a k\u013abov, bolesti chrbta, alebo degenerat\u00edvne ochorenia k\u013abov.<\/p>\n<p><span style=\"font-weight: 400;\">Pr\u00edrodn\u00e1 podpora na <\/span><b>r\u00fdchlej\u0161iu regener\u00e1ciu,<\/b><span style=\"font-weight: 400;\"><strong> natiahnut\u00e9ho miesta,<\/strong><strong>sp\u00f4soben\u00e9ho<\/strong> v\u00e4\u010d\u0161ou n\u00e1mahou, z\u00e1\u0165a\u017eou (nielen fyzickou pr\u00e1cou, ale preva\u017ene <strong>dlhotrvaj\u00facim zdravotn\u00fdm probl\u00e9mom sp\u00f4soben\u00e9ho pr\u00e1ve z\u00e1palmi<\/strong> v tele).<\/span><\/p>\n<p><strong>CARPAGEL r\u00fdchla \u00fa\u013eava a regener\u00e1cia k\u013abov a svalov po\u010das p\u00e1r okamihov.<\/strong> Pr\u00edrodn\u00e1 podpora na zmiernenie a odstr\u00e1nenie bolesti chrbta, ramena, kolen\u00e1, bedier, mal\u00fdch k\u013abov vr\u00e1tane syndr\u00f3mu karp\u00e1lnych tunelov. Pr\u00ed\u010din, ktor\u00e9 za\u0165a\u017euj\u00fa n\u00e1\u0161 pohybov\u00fd apar\u00e1t m\u00f4\u017ee by\u0165 mnoho (<strong>z\u00e1paly v tele po\u010dn\u00fac, <\/strong><strong>dlhodob\u00e9 pre\u0165a\u017eovanie, sedav\u00fd sp\u00f4sob zamestnania, zl\u00e9 dr\u017eanie tela as t\u00fdm spojen\u00e1 z\u00e1\u0165a\u017e na pohybov\u00fd apar\u00e1t), <\/strong>ale aj nadmern\u00e1<strong>fyzick\u00e1 z\u00e1\u0165a\u017e <\/strong>(natrhnutie \u010di natiahnutie svalov, v\u00e4zov)<strong>.<\/strong> Pr\u00ed\u010dinou m\u00f4\u017ee by\u0165 tie\u017e<strong>stres<\/strong>, Pri ktorom telo produkuje horm\u00f3ny, ktor\u00e9 zvy\u0161uj\u00fa nap\u00e4tie vo svaloch, prich\u00e1dza stuhnutos\u0165 niektor\u00fdch \u010dast\u00ed tela a nem\u00f4\u017eeme sa plne s\u00fastredi\u0165 na svoje aktivity a pr\u00e1cu.<\/p>\n<h5><strong><span class=\"s1\">CARPAGEL <\/span><\/strong><span class=\"s1\">odpor\u00fa\u010dam u\u017e\u00edva\u0165 z\u00e1rove\u0148 s proteolytick\u00fdmi enz\u00fdmami SERRAPETP\u00c1ZA<\/span><strong><span class=\"s1\">, ktor\u00e9 m\u00f4\u017eu podpori\u0165, <\/span><\/strong><span class=\"s1\">v kombin\u00e1cii s CARPAGELOM<\/span><strong><span class=\"s1\">, aj r\u00fdchlej\u0161\u00ed n\u00e1vrat k be\u017en\u00fdm aktivit\u00e1m.<\/span><\/strong><\/h5>\n<p>&nbsp;<\/p>\n<\/div>\n<hr \/>\n<div>\n<h5 class=\"p1\"><span class=\"s1\"><b>DAROVANIE <\/b><\/span><span class=\"s1\"><b>(pre CARPAGEL):<\/b><\/span><\/h5>\n<\/div>\n<div class=\"gmail_default\"><span class=\"gmail-s1\"><strong>Balenie<\/strong>: 200 ml g\u00e9lu \/cestovn\u00e1 verzia 60 ml\/, ktor\u00fd odpor\u00fa\u010dame d\u00f4kladne vmas\u00edrova\u0165, v pr\u00edpade ak\u00fatnej potreby, a\u017e 4-6x denne, ale je mo\u017en\u00e9 pou\u017ei\u0165 aj pred alebo po fyzickej z\u00e1\u0165a\u017ei. V\u010faka r\u00fdchlej\u0161ej vstrebate\u013enosti, m\u00f4\u017ee g\u00e9l, podpori\u0165 r\u00fdchlej\u0161iu \u00fa\u013eavu od bolesti a z\u00e1rove\u0148 podpori\u0165 aj r\u00fdchlej\u0161iu regener\u00e1ciu.<\/span><\/div>\n<p><span class=\"s1\">Nanesieme na unaven\u00e9 \u010di bo\u013eav\u00e9 miesta a z\u013eahka vmas\u00edrujeme smerom k srdcu pre u\u013eah\u010denie odtoku krvi.<\/span><\/p>\n<p><span class=\"s1\">V kombin\u00e1cii s elektropr\u00edstrojmi (r\u00e1zov\u00e1 vlna, magnetoterapia, m\u00f4\u017ee v\u00fdrazne podpori\u0165 \u00fa\u010dinnos\u0165 pr\u00edstrojov). Aplikujte pred a po terapii.<\/span><\/p>\n<h5 class=\"p1\"><span class=\"s1\"><b>Z\u00c1VER <\/b><\/span><span class=\"s1\"><b>(pre CARPAGEL):<\/b><\/span><\/h5>\n<p><span class=\"s1\">Aqua, Herbs ext. (Aesculus hippocastanum, Anthyllis vulneraria, Arnika montana, Calendula officinalis, Filipendula ulmaria, Fucus vesiculosus, Hypericum perforatum), Mentol, Camphor, Peat Extract, Carbomer, Thymus vulgaris Oil, Mentha piperita Oil<\/span><\/p>\n<h5 class=\"p1\"><span class=\"s1\"><b>SKLADOVANIE <\/b><\/span><span class=\"s1\"><b>(pre CARPAGEL):<\/b><\/span><\/h5>\n<p>Uchov\u00e1vajte v suchu pri izbovej teplote. Chr\u00e1\u0148te pred mrazom. Nevystavujte priamemu slne\u010dn\u00e9mu \u017eiareniu. Uchov\u00e1vajte mimo dosahu det\u00ed.<\/p>\n<h5 class=\"p4\"><span class=\"s1\"><b>UPOZORNENIE (pre CARPAGEL):<\/b><\/span><\/h5>\n<p><span class=\"s1\">G\u00e9l je ur\u010den\u00fd iba na vonkaj\u0161ie pou\u017eitie. <\/span><span class=\"s1\">Nepou\u017e\u00edva\u0165 na sliznice, poranen\u00fa poko\u017eku alebo v bl\u00edzkosti o\u010d\u00ed! \u00a0<\/span><span class=\"s1\">Po aplik\u00e1cii si d\u00f4kladne umyte ruky. <\/span><span class=\"s1\">O\u0161etren\u00e9 miesto nevystavujte priamemu slne\u010dn\u00e9mu \u017eiareniu. <\/span><span class=\"s1\">Po ka\u017edom pou\u017eit\u00ed pr\u00edpravok starostlivo uzavrite. Odli\u0161n\u00e9 sfarbenie pr\u00edpravku je d\u00f4sledok pr\u00edtomnosti pr\u00edrodn\u00fdch extraktov. Nepou\u017e\u00edva\u0165 pre deti do 3 rokov. Ak ste tehotn\u00e1, doj\u010d\u00edte alebo u\u017e\u00edvate lieky, pora\u010fte sa o u\u017e\u00edvan\u00ed so svoj\u00edm lek\u00e1rom. Nejde o liek. Nepou\u017e\u00edvajte pri zn\u00e1mej precitlivenosti na niektor\u00fa zlo\u017eku lieku.<\/span><\/p>\n<p><strong><span class=\"s1\">V\u00fdrobok neobsahuje umel\u00e9 farbiv\u00e1 ani parfumy.<\/span><\/strong><\/p>","protected":false},"excerpt":{"rendered":"<h2>Lok\u00e1lna podpora k\u013abov\u00e9ho a svalov\u00e9ho komfortu<\/h2>\n<p>CARPAGEL je pr\u00edrodn\u00fd g\u00e9l ur\u010den\u00fd <strong>na lok\u00e1lnu starostlivos\u0165 o k\u013aby, svaly a nam\u00e1han\u00e9 partie tela<\/strong>. Obsahuje starostlivo vybran\u00e9 rastlinn\u00e9 extrakty a \u00fa\u010dinn\u00e9 l\u00e1tky, ako je <strong>harpago (\u010dertov paz\u00far<\/strong>) a \u010fal\u0161ie bylinn\u00e9 zlo\u017eky, ktor\u00e9 s\u00fa tradi\u010dne vyu\u017e\u00edvan\u00e9 pri starostlivosti o pohybov\u00fd apar\u00e1t. G\u00e9l sa \u013eahko vstreb\u00e1va, pr\u00edjemne chlad\u00ed a zapad\u00e1 do ka\u017edodennej rutiny <strong>pri fyzickej z\u00e1\u0165a\u017ei, \u0161porte<\/strong> alebo <strong>dlhodobom pre\u0165a\u017een\u00ed k\u013abov a svalov<\/strong>.<\/p>\n<p><em><strong>CARPAGEL - \u00fa\u013eava v pohybe, ktor\u00fa ocen\u00edte ka\u017ed\u00fd de\u0148. Doprajte k\u013abom a svalom starostlivos\u0165 tam, kde ju potrebuj\u00fa najviac.<\/strong><\/em><\/p>","protected":false},"featured_media":12912,"comment_status":"open","ping_status":"closed","template":"","meta":[],"product_brand":[58],"product_cat":[28,81,32,33],"product_tag":[],"class_list":{"0":"post-5977","1":"product","2":"type-product","3":"status-publish","4":"has-post-thumbnail","6":"product_brand-for-a-long-life","7":"product_cat-pohyb","8":"product_cat-regenerace","9":"product_cat-zdravi-muze","10":"product_cat-zdravi-zeny","12":"first","13":"instock","14":"purchasable","15":"product-type-simple"},"_links":{"self":[{"href":"https:\/\/www.linie4life.com\/sk\/wp-json\/wp\/v2\/product\/5977","targetHints":{"allow":["GET"]}}],"collection":[{"href":"https:\/\/www.linie4life.com\/sk\/wp-json\/wp\/v2\/product"}],"about":[{"href":"https:\/\/www.linie4life.com\/sk\/wp-json\/wp\/v2\/types\/product"}],"replies":[{"embeddable":true,"href":"https:\/\/www.linie4life.com\/sk\/wp-json\/wp\/v2\/comments?post=5977"}],"version-history":[{"count":10,"href":"https:\/\/www.linie4life.com\/sk\/wp-json\/wp\/v2\/product\/5977\/revisions"}],"predecessor-version":[{"id":17394,"href":"https:\/\/www.linie4life.com\/sk\/wp-json\/wp\/v2\/product\/5977\/revisions\/17394"}],"wp:featuredmedia":[{"embeddable":true,"href":"https:\/\/www.linie4life.com\/sk\/wp-json\/wp\/v2\/media\/12912"}],"wp:attachment":[{"href":"https:\/\/www.linie4life.com\/sk\/wp-json\/wp\/v2\/media?parent=5977"}],"wp:term":[{"taxonomy":"product_brand","embeddable":true,"href":"https:\/\/www.linie4life.com\/sk\/wp-json\/wp\/v2\/product_brand?post=5977"},{"taxonomy":"product_cat","embeddable":true,"href":"https:\/\/www.linie4life.com\/sk\/wp-json\/wp\/v2\/product_cat?post=5977"},{"taxonomy":"product_tag","embeddable":true,"href":"https:\/\/www.linie4life.com\/sk\/wp-json\/wp\/v2\/product_tag?post=5977"}],"curies":[{"name":"wp","href":"https:\/\/api.w.org\/{rel}","templated":true}]}}