{"id":5978,"date":"2025-03-20T16:10:44","date_gmt":"2025-03-20T15:10:44","guid":{"rendered":"https:\/\/www.linie4life.com\/?post_type=product&#038;p=5978"},"modified":"2026-04-28T15:14:41","modified_gmt":"2026-04-28T13:14:41","slug":"dialess-prirodna-pomoc-pri-kolisani-cukru-v-krvi","status":"publish","type":"product","link":"https:\/\/www.linie4life.com\/sk\/obchod\/dialess-prirodni-pomoc-pri-kolisani-cukru-v-krvi\/","title":{"rendered":"DIALESS optimaliz\u00e1cia hladiny gluk\u00f3zy diabetes 120 kaps\u00fal na 30 dn\u00ed"},"content":{"rendered":"<p><strong><i>DIALESS <\/i><\/strong><span style=\"font-weight: 400;\">vhodn\u00e1 podpora optimaliz\u00e1cie hladiny krvn\u00e9ho cukru (gluk\u00f3zy) pre diabetikov a na \u00fapravu telesnej hmotnosti. <\/span>kombin\u00e1ciu extraktov, pr\u00edrodn\u00fdch l\u00e1tok,<b> m\u00f4\u017ee <\/b><b>pozit\u00edvne napom\u00e1ha\u0165 k zn\u00ed\u017eeniu hladiny krvn\u00e9ho cukru <\/b>(gluk\u00f3zy) <b>vr\u00e1tane dlhodob\u00e9ho cukru <\/b>(glykovan\u00e9ho hemoglob\u00ednu).<\/p>\n<p class=\"p1\" style=\"text-align: left;\"><i><span style=\"font-weight: 400;\"><strong>DIALESS <\/strong><\/span><\/i><span style=\"font-weight: 400;\">m\u00f4\u017ee tie\u017e prispie\u0165 k <\/span><b>lep\u0161iu funkciu tr\u00e1viaceho traktu<\/b><span style=\"font-weight: 400;\">\u00a0tak, aby bola <\/span><b>zachovan\u00e1 optim\u00e1lna telesn\u00e1 v\u00e1ha<\/b><span style=\"font-weight: 400;\"> za pou\u017eitia iba pr\u00edrodn\u00fdch zlo\u017eiek.<\/span><\/p>\n<h2>Metabolizmu gluk\u00f3zy v s\u00favislostiach<\/h2>\n<p><strong>Kvalitu \u017eivota ovplyv\u0148uje rad faktorov, <\/strong>ktor\u00e9 sa m\u00f4\u017eu dlhodobo premieta\u0165 do ka\u017edodennej pohody a celkovej vitality. Pokia\u013e v tele nie je rovnov\u00e1ha a metabolick\u00e9 procesy neprebiehaj\u00fa optim\u00e1lne, m\u00f4\u017ee sa to postupne prejavi\u0165 zn\u00ed\u017eenou energiou, komfortom i odolnos\u0165ou organizmu<strong>.<\/strong>\u00a0<strong>Nedoch\u00e1dza k dostato\u010dnej premene cukrov<\/strong> a <strong>doch\u00e1dza k poruche spracovania bielkov\u00edn, tukov, miner\u00e1lnych l\u00e1tok a vody, <\/strong>preto\u017ee <strong>telo nem\u00f4\u017ee efekt\u00edvne vyu\u017e\u00edva\u0165 gluk\u00f3zu z potravy ako zdroj energie kv\u00f4li probl\u00e9mom s horm\u00f3nom naz\u00fdvan\u00fdm inzul\u00edn<\/strong>. Inzul\u00edn je horm\u00f3n produkovan\u00fd beta bunkami v Langerhansov\u00fdch ostrov\u010dekoch pankreasom, ktor\u00fd <strong>reguluje hladinu cukru v krvi<\/strong> t\u00fdm, \u017ee <strong>umo\u017e\u0148uje gluk\u00f3ze z potravy vst\u00fapi\u0165 do buniek, kde je vyu\u017e\u00edvan\u00e1 ako zdroj energie.<\/strong><\/p>\n<p>&nbsp;<\/p>\n<p><strong>HLAVN\u00c9 FUNKCIE INZUL\u00cdNU ZAHRNUJE:<\/strong><\/p>\n<ol>\n<li><strong>Regul\u00e1cia hladiny cukru v krvi<\/strong>: Inzul\u00edn pom\u00e1ha zni\u017eova\u0165 hladinu gluk\u00f3zy v krvi t\u00fdm, \u017ee umo\u017e\u0148uje bunk\u00e1m tela prij\u00edma\u0165 gluk\u00f3zu a vyu\u017e\u00edva\u0165 ju ako zdroj energie. Ke\u010f jeme potravu obsahuj\u00facu cukry alebo sacharidy, hladina cukru v krvi st\u00fapa. Inzul\u00edn je uvo\u013e\u0148ovan\u00fd do krvi v reakcii na zv\u00fd\u0161en\u00fa hladinu cukru a pom\u00e1ha gluk\u00f3ze vst\u00fapi\u0165 do buniek.<\/li>\n<li><strong>Ukladanie energie<\/strong>: Inzul\u00edn tie\u017e podporuje ukladanie nadbyto\u010dnej gluk\u00f3zy do pe\u010de\u0148ov\u00fdch a svalov\u00fdch buniek vo forme glykog\u00e9nu. Toto glykog\u00e9nov\u00e9 ukladanie sl\u00fa\u017ei ako z\u00e1sob\u00e1re\u0148 energie, ktor\u00fa telo m\u00f4\u017ee vyu\u017ei\u0165, ke\u010f je to potrebn\u00e9.<\/li>\n<li><strong>Inhib\u00edcia uvo\u013e\u0148ovania gluk\u00f3zy z pe\u010dene<\/strong>: Inzul\u00edn potl\u00e1\u010da uvo\u013e\u0148ovanie gluk\u00f3zy z pe\u010dene do krvn\u00e9ho obehu. T\u00fdm sa zabr\u00e1ni pr\u00edli\u0161n\u00e9mu zv\u00fd\u0161eniu hladiny cukru v krvi po jedle.<\/li>\n<li><strong>Podpora rastu buniek<\/strong>: Inzul\u00edn m\u00e1 vplyv na rast a v\u00fdvoj buniek, najm\u00e4 po\u010das detstva a adolescencie.<\/li>\n<\/ol>\n<p>&nbsp;<\/p>\n<p>Zamera\u0165 sa m\u00f4\u017eeme na <strong>rad pr\u00edznakov, ktor\u00e9 m\u00f4\u017eu signalizova\u0165, <\/strong>\u017ee by bolo vhodn\u00e9<strong>, da\u0165 tomu v\u00e4\u010d\u0161iu pozornos\u0165 sami.<\/strong> M\u00f4\u017ee to by\u0165 <strong>nadmern\u00fd sm\u00e4d, \u010dast\u00e9 mo\u010denie, \u00fanava, pocit vy\u010derpania, v\u00e4\u010d\u0161\u00ed hlad, chudnutie, pomal\u00e9 hojenie r\u00e1n, zmeny vo viden\u00ed, zl\u00e9 hojenie r\u00e1n, plesne na noh\u00e1ch<\/strong>. Pr\u00edznaky sa <strong>postupne objavuj\u00fa<\/strong> v priebehu aj nieko\u013ek\u00fdch rokov. A <strong>m\u00f4\u017eeme upravi\u0165 \u017eivotn\u00fd \u0161t\u00fdl, stravu, zaradi\u0165 viac pohybu<\/strong>. Alebo si domov <strong>zaobstara\u0165 glukomer<\/strong> a <strong>za\u010da\u0165 si mera\u0165 hladinu krvn\u00e9ho cukru, <\/strong>teda glyk\u00e9miu a sna\u017ei\u0165 sa <strong>zn\u00ed\u017ei\u0165 dopady a komplik\u00e1cie<\/strong>, <strong>ktor\u00e9 zv\u00fd\u0161en\u00e1 hladina krvn\u00e9ho cukru m\u00f4\u017ee sp\u00f4sobi\u0165.<\/strong><\/p>\n<p><strong>O ak\u00e9 dopady sa m\u00f4\u017ee jedna\u0165,<\/strong> sa sami, m\u00f4\u017eete do\u010d\u00edta\u0165 viac detailov na internete alebo odborn\u00fdch publik\u00e1ci\u00e1ch.<\/p>\n<p>&nbsp;<\/p>\n<hr \/>\n<h5 class=\"p1\"><span class=\"s1\"><b>DAROVANIE <\/b><\/span><strong>(pre doplnok stravy DIALESS):<\/strong><\/h5>\n<p><span class=\"s2\">4 kapsule denne: 2 kapsule ihne\u010f po obede <\/span><span class=\"s2\">a 2 kapsule ihne\u010f po ve\u010deri. <strong>B<\/strong><\/span><b>alenie obsahuje: <\/b>120 veg\u00e1nskych kaps\u00fal pre 30-d\u0148ov\u00e9 u\u017e\u00edvanie.<br \/>\n<b><\/b><\/p>\n<h5 class=\"p1\"><span class=\"s1\"><b>Z\u00c1VER <\/b><\/span><strong>(pre doplnok stravy DIALESS):<\/strong><\/h5>\n<p>Vitam\u00edny E a C, v\u00e1pnik, Alisma Orientalis, Cornus officinalis, Atractylis macrocephala. <span class=\"s1\"><b>DIALESS <\/b>(pr\u00edrodn\u00fd doplnok stravy) neobsahuje umel\u00e9 pr\u00edchuti alebo sladidl\u00e1, konzervanty, cukor, \u0161krob, mlieko, lakt\u00f3zu, s\u00f3ju, vajcia, glutam\u00e1t, p\u0161enicu, dro\u017edie, stear\u00e1t hore\u010dnat\u00fd a NIE JE GENETICKY MODIFIKOVAN\u00dd.\u00a0<\/span><\/p>\n<p>Alisma Orientalis je vodn\u00e1 rastlina vyskytuj\u00faca sa na celom svete. Je \u00faspe\u0161ne pou\u017e\u00edvan\u00e1 v tradi\u010dnej \u010d\u00ednskej medic\u00edne. Odborn\u00e9 \u0161t\u00fadie z roku 2006 testovali nieko\u013eko rastl\u00edn a ich vplyv na gluk\u00f3zu, metabolizmus tukov. V\u00fdsledky pouk\u00e1zali na Alizmu ako jednu z naj\u00fa\u010dinnej\u0161\u00edch. T\u00e1to rastlina vedie k zv\u00fd\u0161enej bunkovej citlivosti inzul\u00ednu podobn\u00fdm sp\u00f4sobom ako niektor\u00e9 be\u017ene pou\u017e\u00edvan\u00e9 lieky.<\/p>\n<p>Cornus officinalis je zn\u00e1my ako bylinn\u00e1 rastlina s preuk\u00e1zate\u013en\u00fdm vplyvom na diabetes, preto\u017ee pom\u00e1ha zvy\u0161ova\u0165 produkciu inzul\u00ednu, chr\u00e1ni inzul\u00ednu &quot;bunkovej stavite\u013ea&quot; a zni\u017euje \u0161kody obli\u010diek, ktor\u00e9 s\u00fa ve\u013emi typick\u00e9 a ve\u013emi \u010dast\u00e9 pre diabetikov.<\/p>\n<p>Atractylis macrocephala je tradi\u010dn\u00e1 bylinn\u00e1 rastlina ukazuj\u00faca pozit\u00edvny vplyv na ochranu pe\u010dene, prestavbu a rast pe\u010de\u0148ov\u00fdch buniek, podporuje peristaltiku, zni\u017euje hladinu gluk\u00f3zy v krvi a m\u00e1 siln\u00e9 antibakteri\u00e1lne \u00fa\u010dinky.   V\u010faka modernej state-of-the-art technol\u00f3gii sme schopn\u00ed vyrobi\u0165 extrakt a akt\u00edvne l\u00e1tky z bylinn\u00fdch rastl\u00edn, ktor\u00e9 pozit\u00edvne ovplyv\u0148uj\u00fa vysok\u00fa hladinu gluk\u00f3zy v krvi a pom\u00e1haj\u00fa ju stabilizova\u0165.<\/p>\n<h5 class=\"p1\"><span class=\"s1\"><b>SKLADOVANIE <\/b><\/span><strong>(pre doplnok stravy DIALESS):<\/strong><\/h5>\n<p>Uchov\u00e1vajte v suchu pri izbovej teplote. Chr\u00e1\u0148te pred mrazom. Nevystavujte priamemu slne\u010dn\u00e9mu \u017eiareniu. Uchov\u00e1vajte mimo dosahu det\u00ed.<\/p>\n<h5><strong>UPOZORNENIE (pre doplnok stravy DIALESS):<\/strong><\/h5>\n<p>Nejde o liek a nenahr\u00e1dza pestr\u00fa stravu. Ak ste tehotn\u00e1, doj\u010d\u00edte alebo u\u017e\u00edvate lieky, pora\u010fte sa o u\u017e\u00edvan\u00ed so svoj\u00edm lek\u00e1rom. Nepou\u017e\u00edvajte pri zn\u00e1mej precitlivenosti na niektor\u00fa zlo\u017eku lieku. <span class=\"s1\">Odpor\u00fa\u010dame si pravidelne kontrolova\u0165 hladinu cukru v krvi.<\/span><\/p>","protected":false},"excerpt":{"rendered":"<h2>Podpora metabolickej rovnov\u00e1hy a krvn\u00e9ho cukru s cielen\u00fdmi \u00fa\u010dinn\u00fdmi l\u00e1tkami<\/h2>\n<p>DIALESS je premyslen\u00e1 kombin\u00e1cia \u00fa\u010dinn\u00fdch l\u00e1tok (<strong>vitam\u00edny, miner\u00e1ly, \u0161pecifick\u00e9 byliny<\/strong>) ur\u010den\u00e1 na podporu prirodzenej <strong>metabolickej rovnov\u00e1hy<\/strong> organizmu so \u0161peci\u00e1lnym zameran\u00edm na <strong>metabolizmus cukrov <\/strong>a podporu kontroly<strong> hmotnosti<\/strong>. Zapad\u00e1 do starostlivosti o <strong>stabilitu energetick\u00e9ho hospod\u00e1renia tela a hladiny krvn\u00e9ho cukru<\/strong>, najm\u00e4 v obdobiach zv\u00fd\u0161enej z\u00e1\u0165a\u017ee, nepravideln\u00e9ho re\u017eimu alebo dlhodob\u00e9ho stresu. Produkt je vhodn\u00fd pre t\u00fdch, ktor\u00ed chc\u00fa pracova\u0165 s telom prevent\u00edvne aj aktu\u00e1lne. \u010cist\u00e9 a cielen\u00e9 zlo\u017eenie podporuje dlhodob\u00fd komfort a vn\u00fatorn\u00fa rovnov\u00e1hu.<\/p>\n<p><em><strong>DIALESS \u2013 ke\u010f chcete ma\u0165 metabolick\u00fa rovnov\u00e1hu, svoju v\u00e1hu a hladinu gluk\u00f3zy pod kontrolou. Podporte telo m\u00fadro a pr\u00edrodne.<\/strong><\/em><\/p>","protected":false},"featured_media":6036,"comment_status":"open","ping_status":"closed","template":"","meta":[],"product_brand":[58],"product_cat":[25,80,31,32,33],"product_tag":[],"class_list":{"0":"post-5978","1":"product","2":"type-product","3":"status-publish","4":"has-post-thumbnail","6":"product_brand-for-a-long-life","7":"product_cat-hubnuti","8":"product_cat-prevence","9":"product_cat-zdrave-zazivani","10":"product_cat-zdravi-muze","11":"product_cat-zdravi-zeny","13":"first","14":"instock","15":"purchasable","16":"product-type-simple"},"_links":{"self":[{"href":"https:\/\/www.linie4life.com\/sk\/wp-json\/wp\/v2\/product\/5978","targetHints":{"allow":["GET"]}}],"collection":[{"href":"https:\/\/www.linie4life.com\/sk\/wp-json\/wp\/v2\/product"}],"about":[{"href":"https:\/\/www.linie4life.com\/sk\/wp-json\/wp\/v2\/types\/product"}],"replies":[{"embeddable":true,"href":"https:\/\/www.linie4life.com\/sk\/wp-json\/wp\/v2\/comments?post=5978"}],"version-history":[{"count":10,"href":"https:\/\/www.linie4life.com\/sk\/wp-json\/wp\/v2\/product\/5978\/revisions"}],"predecessor-version":[{"id":17395,"href":"https:\/\/www.linie4life.com\/sk\/wp-json\/wp\/v2\/product\/5978\/revisions\/17395"}],"wp:featuredmedia":[{"embeddable":true,"href":"https:\/\/www.linie4life.com\/sk\/wp-json\/wp\/v2\/media\/6036"}],"wp:attachment":[{"href":"https:\/\/www.linie4life.com\/sk\/wp-json\/wp\/v2\/media?parent=5978"}],"wp:term":[{"taxonomy":"product_brand","embeddable":true,"href":"https:\/\/www.linie4life.com\/sk\/wp-json\/wp\/v2\/product_brand?post=5978"},{"taxonomy":"product_cat","embeddable":true,"href":"https:\/\/www.linie4life.com\/sk\/wp-json\/wp\/v2\/product_cat?post=5978"},{"taxonomy":"product_tag","embeddable":true,"href":"https:\/\/www.linie4life.com\/sk\/wp-json\/wp\/v2\/product_tag?post=5978"}],"curies":[{"name":"wp","href":"https:\/\/api.w.org\/{rel}","templated":true}]}}