{"id":5979,"date":"2025-03-20T16:10:44","date_gmt":"2025-03-20T15:10:44","guid":{"rendered":"https:\/\/www.linie4life.com\/?post_type=product&#038;p=5979"},"modified":"2026-05-05T10:19:49","modified_gmt":"2026-05-05T08:19:49","slug":"gouttool-prirodny-doplnok-na-klby","status":"publish","type":"product","link":"https:\/\/www.linie4life.com\/sk\/obchod\/gouttool-prirodni-doplnek-na-klouby\/","title":{"rendered":"GOUTTOOL dna k\u013aby lymfa opuchy urologick\u00e9 probl\u00e9my 120 kaps\u00fal na 30 dn\u00ed"},"content":{"rendered":"<p><span class=\"s1\">Pre zl\u00e9 odb\u00faravanie pur\u00ednov m\u00f4\u017eeme ma\u0165 aj <strong>genetick\u00fa predispoz\u00edciu<\/strong>. Nie je to ale jedin\u00fd rizikov\u00fd faktor. \u010eal\u0161\u00edm je samozrejme aj zl\u00e1 \u017eivotospr\u00e1va a <strong>konzum\u00e1cia nevhodn\u00fdch potrav\u00edn s vy\u0161\u0161\u00edm obsahom pur\u00ednov maj\u00faci vplyv na zvy\u0161ovanie hladiny kyseliny mo\u010dovej a dnu.<\/strong> \u00dalohu tie\u017e hr\u00e1 obezita.\u00a0<\/span><\/p>\n<p>&nbsp;<\/p>\n<p><strong><span class=\"s1\"> Pur\u00edny verzus kyselina mo\u010dov\u00e1?<\/span><\/strong><\/p>\n<p><strong>Puriny<\/strong> s\u00fa <strong>chemick\u00e9 zl\u00fa\u010deniny<\/strong> obsiahnut\u00e9 v niektor\u00fdch potravin\u00e1ch. Na\u0161e telo si s nimi be\u017ene dok\u00e1\u017ee <strong>poradi\u0165 samo a str\u00e1vi\u0165 ich<\/strong>. Pokia\u013e je ich ale ve\u013ea, telo ich str\u00e1vi\u0165 nedok\u00e1\u017ee av d\u00f4sledku toho sa \u00a0<strong>zvy\u0161uje hladina kyseliny mo\u010dovej<\/strong>\u00a0v krvi.<\/p>\n<p><strong>Kyselina mo\u010dov\u00e1<\/strong> je odpadov\u00e1 l\u00e1tka, ktor\u00e1 sa uvo\u013e\u0148uje pr\u00e1ve pri tr\u00e1ven\u00ed pur\u00ednov. Z tela sa vylu\u010duje prostredn\u00edctvom obli\u010diek. Jej \u010das\u0165 zost\u00e1va v na\u0161om organizme ako <strong>antioxidant<\/strong> a chr\u00e1ni n\u00e1s pred kysl\u00edkov\u00fdmi radik\u00e1lmi. Jej dlhodobo zv\u00fd\u0161en\u00e1 hladina je v\u0161ak zle. A ako zist\u00edte, \u010di m\u00e1te kyselinu mo\u010dov\u00fa v norme?<\/p>\n<p><strong>Ke\u010f telo nest\u00edha odv\u00e1dza\u0165 prebytok<\/strong><\/p>\n<p>Schopnos\u0165 odb\u00farava\u0165 pur\u00edny nie je u v\u0161etk\u00fdch rovnak\u00e1 \u2013 u niekoho zohr\u00e1va \u00falohu genetika, u in\u00e9ho dlhodob\u00fd \u017eivotn\u00fd \u0161t\u00fdl. Nadbytok potrav\u00edn bohat\u00fdch na pur\u00edny, jednostrann\u00fd jed\u00e1lni\u010dek alebo vy\u0161\u0161ia telesn\u00e1 hmotnos\u0165 m\u00f4\u017eu vies\u0165 k tomu, \u017ee sa v tele <strong>za\u010dn\u00fa hromadi\u0165 l\u00e1tky, ktor\u00e9 u\u017e organizmus nedok\u00e1\u017ee efekt\u00edvne spracova\u0165<\/strong>.<\/p>\n<p><strong>Pur\u00edny a kyselina mo\u010dov\u00e1<\/strong><\/p>\n<p>Puriny s\u00fa prirodzenou s\u00fa\u010das\u0165ou niektor\u00fdch potrav\u00edn a telo si s nimi be\u017ene porad\u00ed. Pokia\u013e je ich ale dlhodobo pr\u00edli\u0161, vznik\u00e1 <strong>prebytok kyseliny mo\u010dovej<\/strong> \u2013 odpadov\u00e9 l\u00e1tky, ktor\u00e9 sa maj\u00fa odv\u00e1dza\u0165 obli\u010dkami. Mal\u00e9 mno\u017estvo je pre telo prirodzen\u00e9, ale pri pre\u0165a\u017een\u00ed sa m\u00f4\u017ee prejavi\u0165 <strong>opuchy, stuhnutos\u0165ou, diskomfortom v k\u013aboch alebo pocitom \u201e\u0165a\u017ek\u00e9ho\u201c tela<\/strong>.<\/p>\n<p><strong>Ako spozna\u0165, \u017ee rovnov\u00e1ha nie je ide\u00e1lna?<\/strong><\/p>\n<p>Napoveda\u0165 m\u00f4\u017eu sign\u00e1ly tela aj <strong>jednoduch\u00e9 laborat\u00f3rne vy\u0161etrenie<\/strong>, ktor\u00e9 je s\u00fa\u010das\u0165ou prevent\u00edvnych prehliadok alebo je mo\u017en\u00e9 ho absolvova\u0165 samostatne. \u010c\u00edm sk\u00f4r sa telu u\u013eav\u00ed a dostane podporu, t\u00fdm lep\u0161ie sa mu vracia \u013eahkos\u0165 a funk\u010dn\u00e1 rovnov\u00e1ha.<\/p>\n<p>&nbsp;<\/p>\n<hr \/>\n<h5 class=\"p1\"><span class=\"s1\"><b>DAROVANIE <\/b><\/span><span class=\"s1\"><b>pre doplnok stravy (Gouttool):<\/b><\/span><\/h5>\n<p><span class=\"s3\">4 kapsule - 2 r\u00e1no a 2 ve\u010der, u\u017e\u00edvajte pred jedlom, <\/span><span class=\"s3\">120 veg\u00e1nskych kaps\u00fal<\/span><\/p>\n<h5 class=\"p1\"><span class=\"s1\"><b>Z\u00c1VER <\/b><\/span><span class=\"s1\"><b>pre doplnok stravy (Gouttool):<\/b><\/span><\/h5>\n<p>V\u0155es (Heather), Prasli\u010dka ro\u013en\u00e1 (Equisetum arvense), T\u00fa\u017eobn\u00edk brestov\u00fd (Filipendula ulmaria), Ru\u017ea psia (Rosa Canina), pr\u00edrodn\u00fd komplex betagluk\u00e1nov z medicin\u00e1lnych h\u00fab, triterp\u00e9nov, pr\u00edrodn\u00e9 kry\u0161talick\u00e9 aminokyseliny Piperin, Grifolinacid.<\/p>\n<p><strong><span class=\"s1\">Neobsahuje umel\u00e9 pr\u00edchuti ani sladidl\u00e1, konzerva\u010dn\u00e9 l\u00e1tky, cukor, \u0161krob, mlieko, lakt\u00f3zu, s\u00f3ju, vajcia, glutam\u00e1t, p\u0161enicu, dro\u017edie, stearan hore\u010dnat\u00fd a je bez GMO.<\/span><\/strong><\/p>\n<p><strong>Vres podporuje:<\/strong><\/p>\n<div class=\"layoutArea\">\n<div class=\"column\">\n<ul>\n<li>\u2013 \u201enorm\u00e1lna funkcia mo\u010dov\u00fdch ciest \u2013 obli\u010dky\u201c<\/li>\n<li>\u2013 \u201erelax\u00e1cia\u201c<\/li>\n<\/ul>\n<p>&nbsp;<\/p>\n<\/div>\n<\/div>\n<div class=\"page\" title=\"Page 13\">\n<div class=\"layoutArea\">\n<div class=\"column\">\n<p><strong>T\u00fa\u017eobn\u00edk brestov\u00fd podporuje:<\/strong><\/p>\n<ul>\n<li>\u2013 \u201enorm\u00e1lny stav k\u013abov\u201c<\/li>\n<li>\u2013 \u201evylu\u010dovanie vody z organizmu\u201c<\/li>\n<li>\u2013 \u201enorm\u00e1lna funkcia mo\u010dov\u00fdch ciest \u2013 obli\u010dky\u201c<\/li>\n<li>\u2013 \u201enorm\u00e1lna funkcia d\u00fdchacieho syst\u00e9mu\u201c<\/li>\n<li>\u2013 \u201evylu\u010dovanie mo\u010du\u201c<\/li>\n<li>\u2013 \u201eosvie\u017eenie tela, prirodzen\u00e1 obranyschopnos\u0165\u201c<\/li>\n<li>\u2013 \u201edu\u0161evn\u00e9 zdravie\/relax\u00e1cia \u2013 sp\u00e1nok\u201c<\/li>\n<li>\u2013 \u201enorm\u00e1lne \u010dinnosti srdca, hladina cholesterolu v krvi\u201c<\/li>\n<li>\u2013 \u201enorm\u00e1lny stav poko\u017eky a tkan\u00edv\u201c<\/li>\n<\/ul>\n<p>&nbsp;<\/p>\n<\/div>\n<div class=\"column\">\n<div class=\"page\" title=\"Page 13\">\n<div class=\"layoutArea\">\n<div class=\"column\">\n<p><strong>Prasli\u010dka podporuje:<\/strong><\/p>\n<ul>\n<li style=\"list-style-type: none;\">\n<ul>\n<li>\u2013 \u201eantioxidant\u201c<\/li>\n<li>\u2013 \u201ek\u013aby \u2013 flexibilita\u201c<\/li>\n<li>\u2013 \u201enervov\u00e1 rovnov\u00e1ha \u2013 upokojenie \u2013 relax\u00e1cia\u201c<\/li>\n<li>\u2013 \u201enorm\u00e1lna funkcia prostaty\u201c<\/li>\n<li>\u2013 \u201enorm\u00e1lna funkcia mo\u010dov\u00fdch ciest a obli\u010diek\u201c<\/li>\n<li>\u2013 \u201enorm\u00e1lna \u010dinnos\u0165 pe\u010dene \u2013 choler\u00e1za \u2013 pre\u010distenie\u201c<\/li>\n<li>\u2013 \u201enorm\u00e1lny stav poko\u017eky, vlasov a nechtov\u201c<\/li>\n<li>\u2013 \u201enorm\u00e1lny stav kost\u00ed a k\u013abov\u201c<\/li>\n<li>\u2013 \u201eosvie\u017eenie tela, zdrav\u00e9 d\u00fdchanie, odolnos\u0165\u201c<\/li>\n<li>\u2013 \u201eriedenie\u201c<\/li>\n<li>\u2013 \u201evylu\u010dovanie\u201c<\/li>\n<li>\u2013 \u201enorm\u00e1lna \u010dinnos\u0165 kardiovaskul\u00e1rneho syst\u00e9mu \u2013 pru\u017enos\u0165\u201c<\/li>\n<\/ul>\n<\/li>\n<\/ul>\n<p>&nbsp;<\/p>\n<div class=\"page\" title=\"Page 14\">\n<div class=\"layoutArea\">\n<div class=\"column\">\n<div class=\"page\" title=\"Page 14\">\n<div class=\"layoutArea\">\n<div class=\"column\"><strong>Betagluk\u00e1ny: \u201e<\/strong>\u03b2-gluk\u00e1ny prispievaj\u00fa k udr\u017eaniu norm\u00e1lnej hladiny cholesterolu v krvi\u201c.<\/div>\n<div><\/div>\n<\/div>\n<\/div>\n<\/div>\n<\/div>\n<\/div>\n<p><span class=\"s1\"><b>SKLADOVANIE <\/b><\/span><span class=\"s1\"><b>pre doplnok stravy (Gouttool):<\/b><\/span><\/p>\n<\/div>\n<\/div>\n<\/div>\n<\/div>\n<\/div>\n<\/div>\n<p>Uchov\u00e1vajte v suchu pri izbovej teplote. Chr\u00e1\u0148te pred mrazom. Nevystavujte priamemu slne\u010dn\u00e9mu \u017eiareniu. Uchov\u00e1vajte mimo dosahu det\u00ed.<\/p>\n<h5><strong>UPOZORNENIE <\/strong><span class=\"s1\"><b>pre doplnok stravy (Gouttool):<\/b><\/span><\/h5>\n<p>Nejde o liek a nenahr\u00e1dza pestr\u00fa stravu. Ak ste tehotn\u00e1, doj\u010d\u00edte alebo u\u017e\u00edvate lieky, pora\u010fte sa o u\u017e\u00edvan\u00ed so svoj\u00edm lek\u00e1rom. Nepou\u017e\u00edvajte pri zn\u00e1mej precitlivenosti na niektor\u00fa zlo\u017eku lieku.<\/p>","protected":false},"excerpt":{"rendered":"<h2>Cielen\u00e1 podpora k\u013abov\u00e9ho komfortu a lymfy<\/h2>\n<p><i><span style=\"font-weight: 400;\"><strong>GOUTTOOL<\/strong> <\/span><\/i><span style=\"font-weight: 400;\">je . <\/span><b>komplex byl\u00edn, betagluk\u00e1nov, triterp\u00e9nov a probiot\u00edk.\u00a0<\/b><strong>Pom\u00e1ha stara\u0165 o k\u013aby, chrupavky a cel\u00fd pohybov\u00fd apar\u00e1t<\/strong>, najm\u00e4 <strong>v obdobiach, kedy sa objavuje opuch, pocit \u0165a\u017ek\u00fdch n\u00f4h alebo zn\u00ed\u017een\u00e1 pohyblivos\u0165.<\/strong> Je <strong>vhodn\u00fdm doplnkom<\/strong> i <strong>pri zv\u00fd\u0161en\u00fdch hodnot\u00e1ch kyseliny mo\u010dovej<\/strong> a pur\u00ednov, ke\u010f telo potrebuje jemn\u00fa, ale systematick\u00fa podporu.<\/p>\n<p><strong>Ocenia ho tie\u017e <\/strong>t\u00ed, <strong>kto rie\u0161i komfort mo\u010dov\u00e9ho mech\u00fara a mo\u010dov\u00fdch ciest, vr\u00e1tane citlivosti, \u010dast\u00e9ho n\u00fatenia<\/strong> alebo zn\u00ed\u017een\u00e9 kontroly. Podporuje rovnov\u00e1hu vn\u00fatorn\u00e9ho prostredia, <strong>pom\u00e1ha telu zbavova\u0165 sa prebyto\u010dn\u00fdch tekut\u00edn<\/strong> a t\u00fdm <strong>prirodzene u\u013eavuje od opuchov n\u00f4h i cel\u00e9ho tela.\u00a0<\/strong><strong>V\u010faka podpore lymfatick\u00e9ho syst\u00e9mu a plynul\u00e9ho toku lymfy m\u00f4\u017ee by\u0165 cenn\u00fdm pomocn\u00edkom pri o\u010distn\u00fdch re\u017eimoch a \u00faprave hmotnosti<\/strong> \u2013 najm\u00e4 ak je s\u00fa\u010das\u0165ou \u0161ir\u0161ej starostlivosti, napr\u00edklad v spojen\u00ed s lymfatickou mas\u00e1\u017eou.<\/p>\n<p>Zlo\u017eenie je navrhnut\u00e9 na podporu k\u013abov\u00e9ho komfortu a vn\u00fatornej rovnov\u00e1hy, najm\u00e4 pri dlhodobej fyzickej z\u00e1\u0165a\u017ei, sedavom zamestnan\u00ed alebo s prib\u00fadaj\u00facim vekom.<\/p>\n<p><em><strong>GOUTTOOL \u2013 komfort pre k\u013aby, chrupavky, m\u00e4kk\u00e9 tkaniv\u00e1, opuchy, lymfu, na ktor\u00fd sa m\u00f4\u017eete spo\u013eahn\u00fa\u0165.<\/strong><\/em><\/p>","protected":false},"featured_media":6039,"comment_status":"open","ping_status":"closed","template":"","meta":[],"product_brand":[58],"product_cat":[15,25,201,28,32,33],"product_tag":[],"class_list":{"0":"post-5979","1":"product","2":"type-product","3":"status-publish","4":"has-post-thumbnail","6":"product_brand-for-a-long-life","7":"product_cat-detoxikace","8":"product_cat-hubnuti","9":"product_cat-lymfa","10":"product_cat-pohyb","11":"product_cat-zdravi-muze","12":"product_cat-zdravi-zeny","14":"first","15":"instock","16":"purchasable","17":"product-type-simple"},"_links":{"self":[{"href":"https:\/\/www.linie4life.com\/sk\/wp-json\/wp\/v2\/product\/5979","targetHints":{"allow":["GET"]}}],"collection":[{"href":"https:\/\/www.linie4life.com\/sk\/wp-json\/wp\/v2\/product"}],"about":[{"href":"https:\/\/www.linie4life.com\/sk\/wp-json\/wp\/v2\/types\/product"}],"replies":[{"embeddable":true,"href":"https:\/\/www.linie4life.com\/sk\/wp-json\/wp\/v2\/comments?post=5979"}],"version-history":[{"count":10,"href":"https:\/\/www.linie4life.com\/sk\/wp-json\/wp\/v2\/product\/5979\/revisions"}],"predecessor-version":[{"id":17585,"href":"https:\/\/www.linie4life.com\/sk\/wp-json\/wp\/v2\/product\/5979\/revisions\/17585"}],"wp:featuredmedia":[{"embeddable":true,"href":"https:\/\/www.linie4life.com\/sk\/wp-json\/wp\/v2\/media\/6039"}],"wp:attachment":[{"href":"https:\/\/www.linie4life.com\/sk\/wp-json\/wp\/v2\/media?parent=5979"}],"wp:term":[{"taxonomy":"product_brand","embeddable":true,"href":"https:\/\/www.linie4life.com\/sk\/wp-json\/wp\/v2\/product_brand?post=5979"},{"taxonomy":"product_cat","embeddable":true,"href":"https:\/\/www.linie4life.com\/sk\/wp-json\/wp\/v2\/product_cat?post=5979"},{"taxonomy":"product_tag","embeddable":true,"href":"https:\/\/www.linie4life.com\/sk\/wp-json\/wp\/v2\/product_tag?post=5979"}],"curies":[{"name":"wp","href":"https:\/\/api.w.org\/{rel}","templated":true}]}}