{"id":5980,"date":"2025-03-20T16:10:45","date_gmt":"2025-03-20T15:10:45","guid":{"rendered":"https:\/\/www.linie4life.com\/?post_type=product&#038;p=5980"},"modified":"2026-04-12T17:05:35","modified_gmt":"2026-04-12T15:05:35","slug":"immuboo-podpora-imunity-a-tvorba-protilatiek","status":"publish","type":"product","link":"https:\/\/www.linie4life.com\/sk\/obchod\/immuboo-podpora-imunity-a-tvorba-protilatek\/","title":{"rendered":"IMMUBOO bunkov\u00e1 imunita a protil\u00e1tky 120 kaps\u00fal na 30 dn\u00ed"},"content":{"rendered":"<div class=\"flex-1 overflow-hidden\">\n<div class=\"react-scroll-to-bottom--css-tibiu-79elbk h-full dark:bg-gray-800\">\n<div class=\"react-scroll-to-bottom--css-tibiu-1n7m0yu\">\n<div class=\"flex flex-col text-sm dark:bg-gray-800\">\n<div class=\"group w-full text-token-text-primary border-b border-black\/10 dark:border-gray-900\/50 bg-gray-50 dark:bg-[#444654]\" data-testid=\"conversation-turn-55\">\n<div class=\"p-4 justify-center text-base md:gap-6 md:py-6 m-auto\">\n<div class=\"flex flex-1 gap-4 text-base mx-auto md:gap-6 md:max-w-2xl lg:max-w-[38rem] xl:max-w-3xl }\">\n<div class=\"relative flex w-[calc(100%-50px)] flex-col gap-1 md:gap-3 lg:w-[calc(100%-115px)]\">\n<div class=\"flex flex-grow flex-col gap-3 max-w-full\">\n<div class=\"min-h-[20px] flex flex-col items-start gap-3 overflow-x-auto whitespace-pre-wrap break-words\">\n<div class=\"markdown prose w-full break-words dark:prose-invert light\">\n<p><strong>IMMUBOO <\/strong>100% p\u0159\u00edrodn\u00ed bez p\u0159idan\u00e9 chemie, nez\u00e1visle testov\u00e1no na Universit\u011b v Louisville, panem doktorem V\u00e1clavem V\u011btvi\u010dkou, PhD<strong>.\u00a0<\/strong><\/p>\n<p><span class=\"s1\"><b>1) potvrzen n\u00e1r\u016fst protil\u00e1tek o 200 &#8211; 300 % <\/b>(jeho efekt byl testov\u00e1n v americk\u00fdch nez\u00e1visl\u00fdch laborato\u0159\u00edch)<b><br \/>\n2) imunostimula\u010dn\u00ed\u00a0aktivita bun\u011b\u010dn\u00e9 imunity <\/b>(fagocytoza)<b> byla potvrzena \u2013 n\u00e1r\u016fst 30 &#8211; 40 %<br \/>\n3) n\u00e1r\u016fst tvorby kmenov\u00fdch bun\u011bk o 5 &#8211; 10 %\u00a0<\/b><\/span><\/p>\n<p><span style=\"font-weight: 400;\">P\u0159\u00edrodn\u00ed slo\u017eky obsa\u017een\u00e9 v<strong> IMMUBOO<\/strong> jsou vyr\u00e1b\u011bny v maxim\u00e1ln\u00ed mo\u017en\u00e9 dostupn\u00e9 <\/span><b>p\u0159irozen\u00e9 biologick\u00e9 form\u011b<\/b><span style=\"font-weight: 400;\"> pro, co nej\u00fa\u010dinn\u011bj\u0161\u00ed, vst\u0159eb\u00e1n\u00ed do lidsk\u00e9ho organismu. Tyto slo\u017eky mohou podpo\u0159it <\/span><b>zv\u00fd\u0161it t\u011blu vlastn\u00ed imunitu a n\u00e1r\u016fst protil\u00e1tek <\/b><span style=\"font-weight: 400;\">p\u0159irozen\u00fdm zp\u016fsobem a mohou p\u0159irozen\u011b p\u016fsobit i na n\u00e1r\u016fst kmenov\u00fdch bun\u011bk a podpo\u0159it obranu organismu p\u0159ed civiliza\u010dn\u00edmi nemocemi.<\/span><\/p>\n<p><strong>Bun\u011b\u010dn\u00e1 imunita je jedn\u00edm z dvou hlavn\u00edch druh\u016f imunitn\u00edho syst\u00e9mu v t\u011ble<\/strong> <strong>(druh\u00fdm je humor\u00e1ln\u00ed imunita).<\/strong> Bun\u011b\u010dn\u00e1 imunita se specializuje na obranu t\u011bla p\u0159ed infekcemi a rakovinou pomoc\u00ed r\u016fzn\u00fdch druh\u016f imunitn\u00edch bun\u011bk. Tyto bu\u0148ky jsou schopny rozpoznat a zni\u010dit patogenn\u00ed mikroorganismy, infikovan\u00e9 bu\u0148ky a abnormality, jako jsou n\u00e1dory. <strong>N\u011bkter\u00e9 z hlavn\u00edch slo\u017eek bun\u011b\u010dn\u00e9 imunity zahrnuj\u00ed:<\/strong><\/p>\n<p>&nbsp;<\/p>\n<ol>\n<li><strong>T-lymfocyty (T-bu\u0148ky)<\/strong>: T-lymfocyty jsou jedn\u00edm z hlavn\u00edch typ\u016f bun\u011b\u010dn\u00e9 imunity. Existuj\u00ed r\u016fzn\u00e9 podtypy T-lymfocyt\u016f, v\u010detn\u011b pomocn\u00fdch T-bun\u011bk (CD4+), cytotoxick\u00fdch T-bun\u011bk (CD8+), a regula\u010dn\u00edch T-bun\u011bk. T-lymfocyty hraj\u00ed kl\u00ed\u010dovou roli v rozpozn\u00e1v\u00e1n\u00ed a ni\u010den\u00ed infikovan\u00fdch bun\u011bk nebo n\u00e1dorov\u00fdch bun\u011bk.<\/li>\n<li><strong>Makrof\u00e1gy<\/strong>: Makrof\u00e1gy jsou fagocytuj\u00edc\u00ed bu\u0148ky, co\u017e znamen\u00e1, \u017ee jsou schopny poz\u0159\u00edt a tr\u00e1vit ciz\u00ed \u010d\u00e1stice a patogeny. Makrof\u00e1gy hraj\u00ed d\u016fle\u017eitou roli v imunitn\u00edm syst\u00e9mu t\u00edm, \u017ee &#8222;pozoruj\u00ed&#8220; prost\u0159ed\u00ed t\u011bla na p\u0159\u00edtomnost patogenn\u00edch mikroorganism\u016f a zprost\u0159edkov\u00e1vaj\u00ed imunitn\u00ed odpov\u011b\u010f.<\/li>\n<li><strong>NK bu\u0148ky (bun\u011b\u010dn\u00e9 bu\u0148ky zab\u00edje\u010di)<\/strong>: NK bu\u0148ky jsou specializovan\u00fdmi lymfocyty, kter\u00e9 se zam\u011b\u0159uj\u00ed na n\u00e1dorov\u00e9 bu\u0148ky a bu\u0148ky infikovan\u00e9 viry. Jsou schopny rozpoznat abnorm\u00e1ln\u00ed bu\u0148ky a zni\u010dit je.<\/li>\n<li><strong>Neutrofily a eozinofily<\/strong>: Tyto jsou typy b\u00edl\u00fdch krvinek, kter\u00e9 hraj\u00ed roli v obran\u011b proti bakteri\u00e1ln\u00edm a parazit\u00e1rn\u00edm infekc\u00edm. Neutrofily jsou obvykle prvn\u00edmi bu\u0148kami, kter\u00e9 migruj\u00ed k infikovan\u00e9 oblasti a za\u010dnou pohlcovat a ni\u010dit patogeny.<\/li>\n<li><strong>Dendritick\u00e9 bu\u0148ky<\/strong>: Dendritick\u00e9 bu\u0148ky maj\u00ed schopnost prezentovat \u010d\u00e1stice patogenu T-lymfocyt\u016fm, co\u017e je d\u016fle\u017eit\u00e9 pro aktivaci specifick\u00e9 imunitn\u00ed odpov\u011bdi.<\/li>\n<\/ol>\n<p>&nbsp;<\/p>\n<p>Bun\u011b\u010dn\u00e1 imunita hraje roli v rychl\u00e9 reakci na infekce a patologick\u00e9 zm\u011bny v t\u011ble. T-lymfocyty jsou schopny rozpozn\u00e1vat specifick\u00e9 antigenn\u00ed struktury na povrchu patogen\u016f a ciz\u00edch bun\u011bk a vyvolat c\u00edlenou imunitn\u00ed odpov\u011b\u010f. T\u00edmto zp\u016fsobem pom\u00e1h\u00e1 bun\u011b\u010dn\u00e1 imunita kontrolovat infekce a zabra\u0148uje r\u016fstu n\u00e1dorov\u00fdch bun\u011bk.<\/p>\n<p>&nbsp;<\/p>\n<p><strong> Spole\u010dn\u011b s humor\u00e1ln\u00ed imunitou, kter\u00e1 zahrnuje produkci protil\u00e1tek, tvo\u0159\u00ed bun\u011b\u010dn\u00e1 imunita z\u00e1kladn\u00ed slo\u017eku celkov\u00e9ho imunitn\u00edho syst\u00e9mu, kter\u00fd chr\u00e1n\u00ed t\u011blo p\u0159ed r\u016fzn\u00fdmi nemocemi a infekcemi.<\/strong><\/p>\n<p>&nbsp;<\/p>\n<\/div>\n<\/div>\n<\/div>\n<p class=\"flex justify-between lg:block\">\n<\/div>\n<\/div>\n<\/div>\n<\/div>\n<div class=\"p-4 justify-center text-base md:gap-6 md:py-6 m-auto\">\n<div class=\"flex flex-1 gap-4 text-base mx-auto md:gap-6 md:max-w-2xl lg:max-w-[38rem] xl:max-w-3xl }\">\n<div class=\"flex-shrink-0 flex flex-col relative items-end\">\n<div>\n<div class=\"relative p-1 rounded-sm h-9 w-9 text-white flex items-center justify-center\"><\/div>\n<\/div>\n<div class=\"text-xs flex items-center justify-center gap-1 absolute left-0 top-2 -ml-4 -translate-x-full invisible\"><strong>Humor\u00e1ln\u00ed imunita je jedn\u00edm z kl\u00ed\u010dov\u00fdch aspekt\u016f adaptivn\u00edho imunitn\u00edho syst\u00e9mu, kter\u00fd chr\u00e1n\u00ed t\u011blo p\u0159ed infekcemi.<\/strong> Tato \u010d\u00e1st imunitn\u00edho syst\u00e9mu se specializuje na obranu t\u011bla pomoc\u00ed protil\u00e1tek, kter\u00e9 jsou tak\u00e9 naz\u00fdv\u00e1ny imunoglobuliny (Ig). <strong>Humor\u00e1ln\u00ed imunita m\u00e1 n\u011bkolik hlavn\u00edch funkc\u00ed:<\/strong><\/div>\n<div><\/div>\n<\/div>\n<div class=\"relative flex w-[calc(100%-50px)] flex-col gap-1 md:gap-3 lg:w-[calc(100%-115px)]\">\n<div class=\"flex flex-grow flex-col gap-3 max-w-full\">\n<div class=\"min-h-[20px] flex flex-col items-start gap-3 overflow-x-auto whitespace-pre-wrap break-words\">\n<div class=\"markdown prose w-full break-words dark:prose-invert light\">\n<p>&nbsp;<\/p>\n<div class=\"relative flex w-[calc(100%-50px)] flex-col gap-1 md:gap-3 lg:w-[calc(100%-115px)]\">\n<div class=\"flex flex-grow flex-col gap-3 max-w-full\">\n<div class=\"min-h-[20px] flex flex-col items-start gap-3 overflow-x-auto whitespace-pre-wrap break-words\">\n<div class=\"markdown prose w-full break-words dark:prose-invert light\">\n<ol>\n<li><strong>Produkce protil\u00e1tek<\/strong>: B-lymfocyty jsou imunitn\u00ed bu\u0148ky, kter\u00e9 hraj\u00ed kl\u00ed\u010dovou roli v humor\u00e1ln\u00ed imunit\u011b. Po kontaktu s patogenem (nap\u0159\u00edklad bakteri\u00ed nebo virem) se B-lymfocyty diferencuj\u00ed na plasmatick\u00e9 bu\u0148ky, kter\u00e9 produkuj\u00ed protil\u00e1tky specifick\u00e9 pro dan\u00fd patogen. Tyto protil\u00e1tky jsou schopny rozpozn\u00e1vat a v\u00e1zat se na antigeny (ciz\u00ed l\u00e1tky) na povrchu patogenu.<\/li>\n<li><strong>Neutralizace patogen\u016f<\/strong>: Protil\u00e1tky jsou schopny v\u00e1zat se na patogeny a blokovat jejich schopnost vniknout do bun\u011bk t\u011bla. To m\u016f\u017ee zabr\u00e1nit infekci.<\/li>\n<li><strong>Aktivace komplementov\u00e9ho syst\u00e9mu<\/strong>: Protil\u00e1tky mohou aktivovat komplementov\u00fd syst\u00e9m, co\u017e je skupina protein\u016f v plazm\u011b krve, kter\u00e1 pom\u00e1h\u00e1 ni\u010dit patogeny. Aktivace komplementu m\u016f\u017ee zp\u016fsobit po\u0161kozen\u00ed bu\u0148ek nebo rozpad patogen\u016f.<\/li>\n<li><strong>Opsonizace<\/strong>: Protil\u00e1tky mohou opsonizovat (ozna\u010dit) patogeny pro fagocyty, jako jsou makrof\u00e1gy a neutrofily. T\u00edm se zvy\u0161uje schopnost fagocyt\u016f poz\u0159\u00edt a zni\u010dit patogeny.<\/li>\n<li><strong>Pam\u011b\u0165ov\u00e1 imunita<\/strong>: Po infekci nebo o\u010dkov\u00e1n\u00ed z\u016fst\u00e1vaj\u00ed pam\u011b\u0165ov\u00e9 B-lymfocyty v t\u011ble. Pokud se t\u011blo pozd\u011bji setk\u00e1 se stejn\u00fdm patogenem, pam\u011b\u0165ov\u00e9 B-lymfocyty rychle produkuj\u00ed protil\u00e1tky, co\u017e umo\u017e\u0148uje rychlou a efektivn\u00ed obranu proti opakovan\u00e9 infekci.<\/li>\n<\/ol>\n<p>&nbsp;<\/p>\n<\/div>\n<\/div>\n<\/div>\n<\/div>\n<p>Humor\u00e1ln\u00ed imunita je d\u016fle\u017eitou slo\u017ekou imunitn\u00edho syst\u00e9mu, zejm\u00e9na v boji proti infek\u010dn\u00edm nemocem zp\u016fsoben\u00fdm bakteriemi, viry a n\u011bkter\u00fdmi parazity. Protil\u00e1tky jsou specifick\u00e9 pro r\u016fzn\u00e9 patogeny, co\u017e umo\u017e\u0148uje imunitn\u00edmu syst\u00e9mu p\u0159izp\u016fsobit svou reakci na konkr\u00e9tn\u00ed hrozbu. Krom\u011b toho je humor\u00e1ln\u00ed imunita z\u00e1kladn\u00ed sou\u010d\u00e1st\u00ed ochrany po o\u010dkov\u00e1n\u00ed, kdy t\u011blo vytv\u00e1\u0159\u00ed protil\u00e1tky proti oslaben\u00fdm nebo mrtv\u00fdm patogen\u016fm, \u010d\u00edm\u017e vytv\u00e1\u0159\u00ed imunitn\u00ed pam\u011b\u0165 a zvy\u0161uje odolnost proti budouc\u00edm infekc\u00edm.<\/p>\n<\/div>\n<\/div>\n<\/div>\n<div class=\"flex justify-between lg:block\"><\/div>\n<\/div>\n<\/div>\n<\/div>\n<\/div>\n<\/div>\n<\/div>\n<\/div>\n<form class=\"stretch mx-2 flex flex-row gap-3 last:mb-2 md:mx-4 md:last:mb-6 lg:mx-auto lg:max-w-2xl xl:max-w-3xl\">\n<div class=\"h-full flex ml-1 md:w-full md:m-auto md:mb-4 gap-0 md:gap-2 justify-center\"><\/div>\n<\/form>\n<p>&nbsp;<\/p>\n<form class=\"stretch mx-2 flex flex-row gap-3 last:mb-2 md:mx-4 md:last:mb-6 lg:mx-auto lg:max-w-2xl xl:max-w-3xl\">\n<h5><strong>IMMUBOO <span style=\"color: #666666; font-size: 14px;\">byl nez\u00e1visle testov\u00e1n na Universit\u011b v Louisville<\/span><span style=\"color: #666666; font-size: 14px;\">, panem doktorem V\u00e1clavem V\u011btvi\u010dkou, PhD.<\/span><\/strong><\/h5>\n<\/form>\n<p class=\"p1\"><span class=\"s1\"><b>1) potvrzen n\u00e1r\u016fst protil\u00e1tek o 200 &#8211; 300 % <\/b>(jeho efekt byl testov\u00e1n v\u00a0americk\u00fdch i evropsk\u00fdch nez\u00e1visl\u00fdch laborato\u0159\u00edch)<b><br \/>\n2) imunostimula\u010dn\u00ed aktivita bun\u011b\u010dn\u00e9 imunity (fagocytoza) byla potvrzena \u2013 n\u00e1r\u016fst 30 &#8211; 40 %<br \/>\n3) n\u00e1r\u016fst tvorby kmenov\u00fdch bun\u011bk o 5 &#8211; 10 %\u00a0<\/b><\/span><\/p>\n<p>&nbsp;<\/p>\n<p class=\"p9\"><span class=\"s1\"><b>SLO\u017dEN\u00cd <\/b><\/span><strong>(pro dopln\u011bk stravy IMMUBOO):<\/strong><\/p>\n<p><span class=\"s1\">Ob<\/span><span class=\"s1\">sahuje 100% p\u0159\u00edrodn\u00ed dvojit\u00e9 extrakty z hub <\/span><span class=\"s1\">obsahuj\u00edc\u00ed betaglukany 1,3 a 1,6, kyselinu grifolinovou, triterpeny, krystalick\u00e9 aminokyseliny a\u00a0pr\u00e1\u0161ek z hn\u011bd\u00e9ho\u00a0<\/span><span class=\"s1\">ko\u0159ene MACA, PROVEOTICS (vegansk\u00e1 probiotika), kter\u00e9 kombinuj\u00ed jejich \u00fa\u010dinky a mohou p\u0159isp\u011bt v synergii ke zlep\u0161en\u00ed funkce imunitn\u00edho syst\u00e9mu a metabolismu.<\/span><\/p>\n<p>Vegansk\u00e1 probiotika, denn\u00ed d\u00e1vka obsahuje 12 kmen\u016f a 12 miliard CFU.<\/p>\n<p>Lactobacillus: paracasei, acidophilus, rhamnosus, bulgaricus, fermentum, helveticus, plantarum, casei, reuteri, Bifidobacterium longum, Streptococcus thermophilus, Saccharomyces boulardii s patentovanou sm\u011bs\u00ed speci\u00e1ln\u00ed micel\u00e1rn\u00ed PREbiotick\u00e9 vl\u00e1kniny z medicin\u00e1ln\u00edch hub a lyofilizovan\u00e9ho pr\u00e1\u0161ku z manioku jedl\u00e9ho<\/p>\n<p><span class=\"s1\">Neobsahuje um\u011bl\u00e1 dochucovadla \u010di sladidla, konzervanty, cukr, \u0161krob, ml\u00e9ko, lakt\u00f3zu, s\u00f3ju, vejce, glutam\u00e1t, p\u0161enici, dro\u017ed\u00ed, stear\u00e1t ho\u0159e\u010dnat\u00fd a NEN\u00cd GENETICKY MODIFIKOVAN\u00dd.<\/span><\/p>\n<p>&nbsp;<\/p>\n<p class=\"p1\"><span class=\"s1\"><b>SKLADOV\u00c1N\u00cd <\/b><\/span><strong>(pro dopln\u011bk stravy IMMUBOO):<\/strong><\/p>\n<p class=\"p1\">Uchov\u00e1vejte v suchu p\u0159i pokojov\u00e9 teplot\u011b. Chra\u0148te p\u0159ed mrazem. Nevystavujte p\u0159\u00edm\u00e9mu slune\u010dn\u00edmu z\u00e1\u0159en\u00ed. Skladujte mimo dosah d\u011bt\u00ed.<\/p>\n<p class=\"p9\"><span class=\"s1\"><b>D\u00c1VKOV\u00c1N\u00cd <\/b><\/span><strong>(pro dopln\u011bk stravy IMMUBOO):<\/strong><\/p>\n<p class=\"p9\"><span class=\"s1\">4 kapsle\/den (2 kapsle r\u00e1no, 2 kapsle ve\u010der) zapijte dostate\u010dn\u00fdm mno\u017estv\u00ed vody, u\u017e\u00edvejte p\u0159ed j\u00eddlem (<\/span><span class=\"s2\">120 vegansk\u00fdch kapsl\u00ed)<\/span><\/p>\n<p><strong>UPOZORN\u011aN\u00cd (pro dopln\u011bk stravy IMMUBOO):<\/strong><\/p>\n<p>Pokud jste t\u011bhotn\u00e1, koj\u00edte nebo u\u017e\u00edv\u00e1te l\u00e9ky, pora\u010fte se o u\u017e\u00edv\u00e1n\u00ed se sv\u00fdm l\u00e9ka\u0159em. Nepou\u017e\u00edvejte p\u0159i zn\u00e1m\u00e9 p\u0159ecitliv\u011blosti na n\u011bkterou slo\u017eku p\u0159\u00edpravku.<\/p>\n<p>&nbsp;<\/p>\n<h6><strong>Legislativa EU n\u00e1m neumo\u017e\u0148uje uv\u00e1d\u011bt detailn\u00ed informace ohledn\u011b \u00fa\u010dinnosti bylin a bylinn\u00fdch produkt\u016f. Faktem je, \u017ee je lid\u00e9 vyu\u017e\u00edvaj\u00ed po tis\u00edcilet\u00ed, kdy hledaj\u00ed pomoc d\u00edky p\u0159\u00edrod\u011b. Mus\u00edme dodr\u017eovat toto na\u0159\u00edzen\u00ed EU, jeliko\u017e se nejedn\u00e1 o farmaceuticky registrovan\u00fd l\u00e9k. D\u011bkujeme za pochopen\u00ed.\u00a0<\/strong><\/h6>\n<h6><strong>Z tohoto d\u016fvodu doporu\u010duji \u010d\u00edst si \u010dl\u00e1nky na internetu, ti\u0161t\u011bn\u00e9 publikace pro v\u00edce informac\u00ed.<\/strong><\/h6>\n<h6><strong>R\u00e1da V\u00e1m pomohu zodpov\u011bd\u011bt Va\u0161e dotazy na: info@linie4life.com<\/strong><\/h6>\n<p>&nbsp;<\/p>\n<p><strong>Linie4life &#8211; Va\u0161e \u017eivotn\u00ed cesta &#8211; v\u0161e pro hubnut\u00ed, zdrav\u00ed a zpomalen\u00ed st\u00e1rnut\u00ed.<\/strong><\/p>\n","protected":false},"excerpt":{"rendered":"<h2>Cielen\u00e1 podpora prirodzenej obranyschopnosti organizmu<\/h2>\n<p><strong>IMMUBOO<\/strong> je premyslen\u00e1 epigenetick\u00e1 kombin\u00e1cia pr\u00edrodn\u00fdch l\u00e1tok ako s\u00fa<strong> beta-gluk\u00e1ny z h\u00fab, maca a probiotika<\/strong>, navrhnut\u00e1 pre ultim\u00e1tne<strong>\u00a0podporu prirodzen\u00fdch obrann\u00fdch mechanizmov<\/strong> tela. Zapad\u00e1 do starostlivosti o posil\u0148ovanie <strong>imunitn\u00e9ho syst\u00e9mu na bunkovej \u00farovni<\/strong>, najm\u00e4 v obdobiach zv\u00fd\u0161enej z\u00e1\u0165a\u017ee, stresu alebo sez\u00f3nnych v\u00fdkyvov. Produkt je vhodn\u00fd na dlhodob\u00e9 u\u017e\u00edvanie ako s\u00fa\u010das\u0165 prevent\u00edvneho pr\u00edstupu k zdraviu a vitalite. \u010cist\u00e9 zlo\u017eenie bez zbyto\u010dnej ch\u00e9mie ocenia t\u00ed, ktor\u00ed chc\u00fa telu dopria\u0165 <strong>pr\u00edrodn\u00fd booster<\/strong> (ur\u00fdch\u013eova\u010d) imunity.<\/p>\n<p><em><strong>IMMUBOO \u2013 ke\u010f chcete da\u0165 telu priestor br\u00e1ni\u0165 sa prirodzene. Podporte svoju obranyschopnos\u0165 m\u00fadro a r\u00fdchlo.<\/strong><\/em><\/p>","protected":false},"featured_media":6042,"comment_status":"open","ping_status":"closed","template":"","meta":[],"product_brand":[58],"product_cat":[15,26,80,78,29,77,32,33],"product_tag":[],"class_list":{"0":"post-5980","1":"product","2":"type-product","3":"status-publish","4":"has-post-thumbnail","6":"product_brand-for-a-long-life","7":"product_cat-detoxikace","8":"product_cat-imunita","9":"product_cat-prevence","10":"product_cat-psychika","11":"product_cat-spanek-a-uzkost","12":"product_cat-zdravi-deti","13":"product_cat-zdravi-muze","14":"product_cat-zdravi-zeny","16":"first","17":"instock","18":"taxable","19":"shipping-taxable","20":"purchasable","21":"product-type-simple"},"_links":{"self":[{"href":"https:\/\/www.linie4life.com\/sk\/wp-json\/wp\/v2\/product\/5980","targetHints":{"allow":["GET"]}}],"collection":[{"href":"https:\/\/www.linie4life.com\/sk\/wp-json\/wp\/v2\/product"}],"about":[{"href":"https:\/\/www.linie4life.com\/sk\/wp-json\/wp\/v2\/types\/product"}],"replies":[{"embeddable":true,"href":"https:\/\/www.linie4life.com\/sk\/wp-json\/wp\/v2\/comments?post=5980"}],"version-history":[{"count":10,"href":"https:\/\/www.linie4life.com\/sk\/wp-json\/wp\/v2\/product\/5980\/revisions"}],"predecessor-version":[{"id":16532,"href":"https:\/\/www.linie4life.com\/sk\/wp-json\/wp\/v2\/product\/5980\/revisions\/16532"}],"wp:featuredmedia":[{"embeddable":true,"href":"https:\/\/www.linie4life.com\/sk\/wp-json\/wp\/v2\/media\/6042"}],"wp:attachment":[{"href":"https:\/\/www.linie4life.com\/sk\/wp-json\/wp\/v2\/media?parent=5980"}],"wp:term":[{"taxonomy":"product_brand","embeddable":true,"href":"https:\/\/www.linie4life.com\/sk\/wp-json\/wp\/v2\/product_brand?post=5980"},{"taxonomy":"product_cat","embeddable":true,"href":"https:\/\/www.linie4life.com\/sk\/wp-json\/wp\/v2\/product_cat?post=5980"},{"taxonomy":"product_tag","embeddable":true,"href":"https:\/\/www.linie4life.com\/sk\/wp-json\/wp\/v2\/product_tag?post=5980"}],"curies":[{"name":"wp","href":"https:\/\/api.w.org\/{rel}","templated":true}]}}