{"id":5988,"date":"2025-03-20T16:10:45","date_gmt":"2025-03-20T15:10:45","guid":{"rendered":"https:\/\/www.linie4life.com\/?post_type=product&#038;p=5988"},"modified":"2026-04-16T10:15:53","modified_gmt":"2026-04-16T08:15:53","slug":"darcekovy-voucher-v-hodnote-10000-kc","status":"publish","type":"product","link":"https:\/\/www.linie4life.com\/sk\/obchod\/darkovy-voucher-v-hodnote-10000-kc\/","title":{"rendered":"DAR\u010cEKOV\u00dd POUKAZ v hodnote 10000 CZK"},"content":{"rendered":"<p><strong>Pote\u0161te svojich bl\u00edzkych dar\u010dekov\u00fdm voucherom a mo\u017enos\u0165ou konzult\u00e1cie zadarmo,<\/strong> v\u010faka ktor\u00e9mu si m\u00f4\u017eu vybra\u0165 <strong>dar\u010dek pod\u013ea svojich potrieb<\/strong> a z\u00edska\u0165, nielen,<strong> cenn\u00e9 rady<\/strong>, ktor\u00e9 im pom\u00f4\u017eu <strong>dosiahnu\u0165 vysn\u00edvan\u00fa v\u00e1hu, lep\u0161iu kvalitu \u017eivota<\/strong> alebo jednoducho len <strong>\u201ec\u00edti\u0165 sa lep\u0161ie\u201c v\u010faka spolo\u010dnej konzult\u00e1cii navy\u0161e zadarmo. <\/strong><\/p>\n<p>Pracujem nieko\u013eko rokov ako profesion\u00e1lny kou\u010d, m\u00f4\u017eeme sa spolo\u010dne zamera\u0165 na t\u00e9my t\u00fdkaj\u00face sa v\u00e1\u0161ho osobn\u00e9ho, pracovn\u00e9ho \u017eivota, aby ste na\u0161li vn\u00fatorn\u00fd pokoj a vyrie\u0161ili veci, ktor\u00e9 v\u00e1s aktu\u00e1lne tr\u00e1pia a na\u0161li v sebe silu a odhodlanie ich zmeni\u0165 alebo sa pobavi\u0165 o tom \u010do jes\u0165, aby ste z\u00edskali svoju vysn\u00edvan\u00fa v\u00e1hu. <strong>V odbore sa pohybujem cez 25 rokov a svoje sk\u00fasenosti v\u00e1m rada odovzd\u00e1m.<\/strong><\/p>\n<p>Existuje mnoho mo\u017enost\u00ed, ako ozdravi\u0165, omladi\u0165, skr\u00e1tka podpori\u0165 v\u00e1\u0161 organizmus a ako r\u00fdchlo dosiahnu\u0165 po\u017eadovan\u00e9 v\u00fdsledky, len treba vedie\u0165, ako na to a pr\u00e1ve preto v\u00e1m pon\u00fakam mo\u017enos\u0165 <strong><a href=\"https:\/\/www.linie4life.com\/sk\/konzultacia\/?wmc-currency=EUR\">osobn\u00e9 on-line konzult\u00e1cie<\/a> ZADARMO<\/strong>, Kde v\u0161etko individu\u00e1lne preberieme a spolo\u010dne nastav\u00edme na mieru va\u0161im potreb\u00e1m.<\/p>\n<p>\u010ci u\u017e ide o existuj\u00face a pretrv\u00e1vaj\u00face probl\u00e9my, ktor\u00e9 v\u00e1m znepr\u00edjem\u0148uj\u00fa ka\u017edodenn\u00fd \u017eivot alebo prevent\u00edvne. Skr\u00e1tka, <strong>v\u010faka na\u0161ej spolo\u010dnej konzult\u00e1cii, si porovn\u00e1te my\u0161lienky a sami n\u00e1jdete rie\u0161enie. Ja v\u00e1m pod\u00e1m len pomocn\u00fa ruku, v\u0161etko je vo vn\u00fatri v\u00e1s a sta\u010d\u00ed urobi\u0165 prv\u00fd krok, n\u00e1js\u0165 v sebe odvahu a veci za\u010da\u0165 rie\u0161i\u0165 a za\u010da\u0165 \u017ei\u0165 \u017eivot pod\u013ea svojich prian\u00ed.<\/strong><\/p>\n<p>&nbsp;<\/p>","protected":false},"excerpt":{"rendered":"<p>Neviete alebo v\u00e1hate \u010do da\u0165 va\u0161im bl\u00edzkym k narodenin\u00e1m, na Vianoce alebo k v\u00fdro\u010diu? Pote\u0161te obdarovan\u00e9ho <b>dar\u010dekov\u00fdm voucherom,<\/b> v\u010faka ktor\u00e9mu si sami vyber\u00fa, <b>pod\u013ea svojho priania<\/b>.<\/p>\n<p>Obdarovan\u00fd samozrejme m\u00f4\u017ee vyu\u017ei\u0165 aj <b>osobn\u00e9 online konzult\u00e1cie zadarmo<\/b>, Kde spolo\u010dne zvol\u00edme najvhodnej\u0161\u00ed pl\u00e1n.<\/p>\n<p><strong>Voucher (poukaz) bude doru\u010den\u00fd na vami zadan\u00fd e-mail najnesk\u00f4r do 24 hod\u00edn od prip\u00edsania platby.<\/strong><\/p>\n<p>&nbsp;<\/p>","protected":false},"featured_media":6094,"comment_status":"open","ping_status":"closed","template":"","meta":[],"product_brand":[195],"product_cat":[283],"product_tag":[71],"class_list":{"0":"post-5988","1":"product","2":"type-product","3":"status-publish","4":"has-post-thumbnail","6":"product_brand-linie4life","7":"product_cat-darkove-poukazy","8":"product_tag-online","10":"first","11":"instock","12":"purchasable","13":"product-type-simple"},"_links":{"self":[{"href":"https:\/\/www.linie4life.com\/sk\/wp-json\/wp\/v2\/product\/5988","targetHints":{"allow":["GET"]}}],"collection":[{"href":"https:\/\/www.linie4life.com\/sk\/wp-json\/wp\/v2\/product"}],"about":[{"href":"https:\/\/www.linie4life.com\/sk\/wp-json\/wp\/v2\/types\/product"}],"replies":[{"embeddable":true,"href":"https:\/\/www.linie4life.com\/sk\/wp-json\/wp\/v2\/comments?post=5988"}],"version-history":[{"count":3,"href":"https:\/\/www.linie4life.com\/sk\/wp-json\/wp\/v2\/product\/5988\/revisions"}],"predecessor-version":[{"id":6709,"href":"https:\/\/www.linie4life.com\/sk\/wp-json\/wp\/v2\/product\/5988\/revisions\/6709"}],"wp:featuredmedia":[{"embeddable":true,"href":"https:\/\/www.linie4life.com\/sk\/wp-json\/wp\/v2\/media\/6094"}],"wp:attachment":[{"href":"https:\/\/www.linie4life.com\/sk\/wp-json\/wp\/v2\/media?parent=5988"}],"wp:term":[{"taxonomy":"product_brand","embeddable":true,"href":"https:\/\/www.linie4life.com\/sk\/wp-json\/wp\/v2\/product_brand?post=5988"},{"taxonomy":"product_cat","embeddable":true,"href":"https:\/\/www.linie4life.com\/sk\/wp-json\/wp\/v2\/product_cat?post=5988"},{"taxonomy":"product_tag","embeddable":true,"href":"https:\/\/www.linie4life.com\/sk\/wp-json\/wp\/v2\/product_tag?post=5988"}],"curies":[{"name":"wp","href":"https:\/\/api.w.org\/{rel}","templated":true}]}}