{"id":6139,"date":"2025-03-20T16:12:13","date_gmt":"2025-03-20T15:12:13","guid":{"rendered":"https:\/\/www.linie4life.com\/?post_type=product&#038;p=6139"},"modified":"2026-05-03T18:06:09","modified_gmt":"2026-05-03T16:06:09","slug":"sunshine-vitamin-d3-v-spreji-2000-iu","status":"publish","type":"product","link":"https:\/\/www.linie4life.com\/sk\/obchod\/sunshine-vitamin-d3-ve-spreji-2000-iu\/","title":{"rendered":"SUNSHINE vitam\u00edn D3 spray 2000 IU pomaran\u010d pr\u00edchu\u0165 50 ml 120 dn\u00ed"},"content":{"rendered":"<h2>V\u00fd\u017eivov\u00fd doplnok SUNSHINE vitam\u00edn D3 \u2013 pr\u00edrodn\u00fd vitam\u00ednov\u00fd sprej s pomaran\u010dovou pr\u00edchu\u0165ou<\/h2>\n<p>Hlavn\u00e9 v\u00fdhody tohto <b>FLLmikro<\/b><b><sup>TM<\/sup><\/b> spray vitam\u00ednu D3 zaru\u010duj\u00fa najvy\u0161\u0161iu biologick\u00fa dostupnos\u0165 vitam\u00ednu D ako ostatn\u00e9 formy pr\u00edjmu vitam\u00ednu D, ako s\u00fa tablety, kapsule, kvapky alebo in\u00e9 spray formy bez mikroemulzie a preto vitam\u00edn D3 SUNSHINE m\u00e1me v tejto forme.<\/p>\n<p><strong>V dvojito zaslepenom randomizovanom placebom kontrolovanom klinickom teste<\/strong> In vivo bolo preuk\u00e1zan\u00e9, \u017ee pr\u00edrodn\u00fd vitam\u00ednov\u00fd sprej <strong>SUNSHINE D3 zv\u00fd\u0161il hladiny vitam\u00ednu D<\/strong> u u\u017e\u00edvate\u013eov <strong>v priemere o 123 % oproti p\u00f4vodnej hladine po\u010das 30 dn\u00ed od za\u010diatku testu.<\/strong><\/p>\n<p>Je to <strong>pr\u00edrodn\u00fd, NON-GMO <\/strong>pokro\u010dil\u00e1 <strong>podpora zdrav\u00e9ho starnutia.<\/strong><\/p>\n<p><strong><em>Vitam\u00edn D3 SUNSHINE<\/em><\/strong>, v tvare mikrokvapky, sa dost\u00e1va do kapil\u00e1r \u00fastnej sliznice a do krvi.\u00a0<strong>\u00da\u010dinn\u00e1 l\u00e1tka je okam\u017eite absorbovan\u00e1 pomocou obehov\u00e9ho syst\u00e9mu, ktor\u00fd sa \u0161\u00edri po celom tele. Gastrointestin\u00e1lny trakt nie je zapojen\u00fd do procesu, <\/strong>\u010do \u010dasto s\u0165a\u017euje \u00fapln\u00e9 vstrebanie vitam\u00ednu.<strong> Mikroemulzn\u00e1 forma vitam\u00ednu presved\u010divo zaru\u010duje maxim\u00e1lnu \u00fa\u010dinnos\u0165 vstreb\u00e1vania vitam\u00ednu v tele, a\u017e 95% oproti vitam\u00ednu D3 v kapsul\u00e1ch alebo kvapk\u00e1ch.\u00a0<\/strong><\/p>\n<p><strong>V\u0161eobecne m\u00f4\u017eeme poveda\u0165, \u017ee vitam\u00edn D,<\/strong> nielen\u017ee <strong>sa podie\u013ea na v\u00fdvoji zdrav\u00fdch kost\u00ed a zubov<\/strong>, ale tie\u017e <strong>m\u00f4\u017ee chr\u00e1ni\u0165 telo pred mnoh\u00fdmi chorobami od chr\u00edpky, cez depresiu a\u017e po cukrovku. Dlhodob\u00fd nedostatok vitam\u00ednu D tie\u017e zvy\u0161uje riziko osteopor\u00f3zy a infekci\u00ed d\u00fdchac\u00edch ciest. <\/strong>P\u00f4sob\u00ed aj na norm\u00e1lnu \u010dinnos\u0165 svalov, imunitu a proces bunkov\u00e9ho delenia.<\/p>\n<p><strong>Vitam\u00edn D zohr\u00e1va d\u00f4le\u017eit\u00fa \u00falohu hr\u00e1 v absorpcii v\u00e1pnika a fosforu a mineraliz\u00e1cii kost\u00ed<\/strong>. V posledn\u00fdch rokoch boli pozorovan\u00e9 zauj\u00edmav\u00e9 v\u00fdsledky t\u00fdkaj\u00face sa <strong>kardiovaskul\u00e1rneho zdravia, imunomodul\u00e1cie, obezity a cukrovky<\/strong>.<\/p>\n<p>Vitam\u00edn D pr\u00edtomn\u00fd v ur\u010dit\u00fdch potravin\u00e1ch a syntetizovan\u00fd v na\u0161om tele p\u00f4soben\u00edm slne\u010dn\u00e9ho \u017eiarenia, je nevyhnutnou \u017eivinou pre \u013eudsk\u00e9 zdravie.<\/p>\n<p>&nbsp;<\/p>\n<hr \/>\n<h5 class=\"p3\"><span class=\"s1\"><b>DAROVANIE <\/b><\/span><strong>pre doplnok stravy (Sunshine D3 vitam\u00edn):<\/strong><\/h5>\n<p class=\"p3\"><span class=\"s1\">1 strek denne (2000 IU) na 120 dn\u00ed odpor\u00fa\u010dan\u00e1 denn\u00e1 d\u00e1vka. V pr\u00edpade zv\u00fd\u0161enej potreby (jese\u0148 a zimn\u00e9 mesiace, pri strese, strate energie, \u00fanave, vy\u010derpan\u00ed, oslaben\u00ed organizmu, odpor\u00fa\u010dame denn\u00fa d\u00e1vku nav\u00fd\u0161i\u0165 na 2-6 strekov denne).<\/span><\/p>\n<p class=\"p3\"><span class=\"s1\">Deti od 3-15 rokov: 1 strek denne.\u00a0<\/span><\/p>\n<h5 class=\"p3\"><span class=\"s1\"><b>Z\u00c1VER <\/b><\/span><strong>pre doplnok stravy (Sunshine D3 vitam\u00edn):<\/strong><\/h5>\n<p>Pr\u00edrodn\u00fd vitam\u00edn D3 obohaten\u00fd o pomaran\u010dov\u00fa pr\u00edchu\u0165 a pr\u00edrodn\u00e9 sladidlo xylitol, ktor\u00e9 podporuje zdravie \u00fastnej dutiny a zubov. Akt\u00edvnou zlo\u017ekou SUNSHINE D3 je lanol\u00edn.<\/p>\n<p>Certifikovan\u00fd v\u00fdrobok PlaySure Play Sure-Doping. Kosher vyroben\u00e9 a zabalen\u00e9 v s\u00falade so \u017eidovsk\u00fdmi z\u00e1konmi Kosher pre v\u00fd\u017eivu.<\/p>\n<h5 class=\"p1\"><span class=\"s1\"><b>SKLADOVANIE <\/b><\/span><strong>pre doplnok stravy (Sunshine D3 vitam\u00edn):<\/strong><\/h5>\n<p class=\"p1\">Uchov\u00e1vajte v suchu pri izbovej teplote. Chr\u00e1\u0148te pred mrazom. Nevystavujte priamemu slne\u010dn\u00e9mu \u017eiareniu. Uchov\u00e1vajte mimo dosahu det\u00ed.<\/p>\n<h5><strong>UPOZORNENIE pre doplnok stravy (Sunshine D3 vitam\u00edn):<\/strong><\/h5>\n<p>Nejde o liek a nenahr\u00e1dza pestr\u00fa stravu. Ak ste tehotn\u00e1, doj\u010d\u00edte alebo u\u017e\u00edvate lieky, pora\u010fte sa o u\u017e\u00edvan\u00ed so svoj\u00edm lek\u00e1rom. Nepou\u017e\u00edvajte pri zn\u00e1mej precitlivenosti na niektor\u00fa zlo\u017eku lieku.<\/p>","protected":false},"excerpt":{"rendered":"<h2>Vitam\u00edn D3 v spreji pre ka\u017edodenn\u00fa podporu imunity a vitality<\/h2>\n<p><strong>SUNSHINE Vitam\u00edn D3<\/strong> v spreji poskytuje 2<strong>000 IU vitam\u00ednu D3 v dobre vstrebate\u013enej forme<\/strong>, Ktor\u00e1 zapad\u00e1 do ka\u017edodennej starostlivosti oi<strong>munitn\u00fd syst\u00e9m, svaly a celkov\u00fa vitalitu<\/strong> organizmu. Vitam\u00edn D je k\u013e\u00fa\u010dov\u00fd najm\u00e4 v obdobiach s obmedzen\u00fdm slne\u010dn\u00fdm \u017eiaren\u00edm, pri vy\u0161\u0161ej fyzickej \u010di psychickej z\u00e1\u0165a\u017ei alebo u os\u00f4b s nepravideln\u00fdm pobytom vonku. Praktick\u00e1 sprejov\u00e1 forma umo\u017e\u0148uje <strong>\u013eahk\u00e9 a presn\u00e9 d\u00e1vkovanie<\/strong> bez za\u0165a\u017eenia tr\u00e1venia. \u010cist\u00e9 zlo\u017eenie bez zbyto\u010dn\u00fdch pr\u00edmes\u00ed rob\u00ed zo SUNSHINE jednoduch\u00fd, ale funk\u010dn\u00fd z\u00e1klad dlhodobej starostlivosti o zdravie.<\/p>\n<p><em><strong>SUNSHINE D3 \u2013 denn\u00e1 d\u00e1vka svetla, aj ke\u010f slnko ch\u00fdba. Doprajte telu vitam\u00edn D m\u00fadro a jednoducho.<\/strong><\/em><\/p>","protected":false},"featured_media":6168,"comment_status":"open","ping_status":"closed","template":"","meta":[],"product_brand":[58],"product_cat":[27,25,26,23,81,29,30,32,33],"product_tag":[64,72,65,66,67,68,73,69,70],"class_list":{"0":"post-6139","1":"product","2":"type-product","3":"status-publish","4":"has-post-thumbnail","6":"product_brand-for-a-long-life","7":"product_cat-dlouhovekost","8":"product_cat-hubnuti","9":"product_cat-imunita","10":"product_cat-krasa","11":"product_cat-regenerace","12":"product_cat-spanek-a-uzkost","13":"product_cat-zdrave-srdce","14":"product_cat-zdravi-muze","15":"product_cat-zdravi-zeny","16":"product_tag-hubnuti","17":"product_tag-imunita","18":"product_tag-lek","19":"product_tag-medicina","20":"product_tag-priroda","21":"product_tag-prirodni","22":"product_tag-vitamin","23":"product_tag-zdravi","24":"product_tag-zdravy","26":"first","27":"instock","28":"purchasable","29":"product-type-simple"},"_links":{"self":[{"href":"https:\/\/www.linie4life.com\/sk\/wp-json\/wp\/v2\/product\/6139","targetHints":{"allow":["GET"]}}],"collection":[{"href":"https:\/\/www.linie4life.com\/sk\/wp-json\/wp\/v2\/product"}],"about":[{"href":"https:\/\/www.linie4life.com\/sk\/wp-json\/wp\/v2\/types\/product"}],"replies":[{"embeddable":true,"href":"https:\/\/www.linie4life.com\/sk\/wp-json\/wp\/v2\/comments?post=6139"}],"version-history":[{"count":10,"href":"https:\/\/www.linie4life.com\/sk\/wp-json\/wp\/v2\/product\/6139\/revisions"}],"predecessor-version":[{"id":17368,"href":"https:\/\/www.linie4life.com\/sk\/wp-json\/wp\/v2\/product\/6139\/revisions\/17368"}],"wp:featuredmedia":[{"embeddable":true,"href":"https:\/\/www.linie4life.com\/sk\/wp-json\/wp\/v2\/media\/6168"}],"wp:attachment":[{"href":"https:\/\/www.linie4life.com\/sk\/wp-json\/wp\/v2\/media?parent=6139"}],"wp:term":[{"taxonomy":"product_brand","embeddable":true,"href":"https:\/\/www.linie4life.com\/sk\/wp-json\/wp\/v2\/product_brand?post=6139"},{"taxonomy":"product_cat","embeddable":true,"href":"https:\/\/www.linie4life.com\/sk\/wp-json\/wp\/v2\/product_cat?post=6139"},{"taxonomy":"product_tag","embeddable":true,"href":"https:\/\/www.linie4life.com\/sk\/wp-json\/wp\/v2\/product_tag?post=6139"}],"curies":[{"name":"wp","href":"https:\/\/api.w.org\/{rel}","templated":true}]}}