{"id":6142,"date":"2025-03-20T16:12:13","date_gmt":"2025-03-20T15:12:13","guid":{"rendered":"https:\/\/www.linie4life.com\/?post_type=product&#038;p=6142"},"modified":"2026-04-12T13:23:41","modified_gmt":"2026-04-12T11:23:41","slug":"prirodne-antibiotikum-sirokospektralne","status":"publish","type":"product","link":"https:\/\/www.linie4life.com\/sk\/obchod\/prirodni-antibiotikum-sirokospektralni\/","title":{"rendered":"GARLIMAXX pr\u00edrodn\u00e9 antibiotikum a antiparazitikum 60 kaps\u00fal 30 dn\u00ed"},"content":{"rendered":"<div class=\"flex-1 overflow-hidden\">\n<div class=\"react-scroll-to-bottom--css-tibiu-79elbk h-full dark:bg-gray-800\">\n<div class=\"react-scroll-to-bottom--css-tibiu-1n7m0yu\">\n<div class=\"flex flex-col text-sm dark:bg-gray-800\">\n<div class=\"group w-full text-token-text-primary border-b border-black\/10 dark:border-gray-900\/50 bg-gray-50 dark:bg-[#444654]\" data-testid=\"conversation-turn-27\">\n<div class=\"p-4 justify-center text-base md:gap-6 md:py-6 m-auto\">\n<div class=\"flex flex-1 gap-4 text-base mx-auto md:gap-6 md:max-w-2xl lg:max-w-[38rem] xl:max-w-3xl }\">\n<div class=\"relative flex w-[calc(100%-50px)] flex-col gap-1 md:gap-3 lg:w-[calc(100%-115px)]\">\n<div class=\"flex flex-grow flex-col gap-3 max-w-full\">\n<div class=\"min-h-[20px] flex flex-col items-start gap-3 overflow-x-auto whitespace-pre-wrap break-words\">\n<div class=\"markdown prose w-full break-words dark:prose-invert light\">\n<p>GARLIMAXX (24 % extrakt allicinu, 400 mg allicinov\u00e9ho extraktu z \u010desneku v denn\u00ed d\u00e1vce, 24 gram\u016f allicinov\u00e9ho extraktu\/balen\u00cd). D\u00edky nejmodern\u011bj\u0161\u00ed technologii p\u0159in\u00e1\u0161\u00edme extrahovan\u00e9 cel\u00e9 hl\u00e1vky \u010desneku v denn\u00ed d\u00e1vce &#8211; sta\u010d\u00ed 2 tobolky denn\u011b.<\/p>\n<p>Allicinov\u00fd extrakt je vyu\u017e\u00edv\u00e1n po stalet\u00ed. Ji\u017e na\u0161i p\u0159edkov\u00e9 znali p\u0159ednosti p\u0159\u00edrody a vyu\u017e\u00edvali p\u0159\u00edrodn\u00ed zdroje ke sv\u00e9mu prosp\u011bchu.<\/p>\n<h3><span class=\"s1\">\u0160irokospektr\u00e1ln\u00ed, \u00fa\u010dinn\u00e1 a siln\u00e1 podpora z p\u0159\u00edrody<\/span><\/h3>\n<p><span class=\"s1\">Na\u0161e t\u011blo, neust\u00e1le, ka\u017ed\u00fd den, sv\u00e1d\u00ed boj a harmonizuje svou odolnost.<\/span><\/p>\n<p><b><strong>Doporu\u010duji zaj\u00edmat se, jak\u00fd produkt si kupujete, aby byl bez chemick\u00fdch plnidel, kter\u00e1 t\u011blu naopak \u0161kod\u00ed a<\/strong><\/b><strong>\u00a0<\/strong><strong>100% p\u0159\u00edrodn\u00ed a \u010d\u00edst etiketu, kde je uvedena s\u00edla, \u00fa\u010dinnost a nekupovat produkty podle gram\u00e1\u017ee, kter\u00e1 nevypov\u00edd\u00e1 o \u00fa\u010dinn\u00e9 l\u00e1tce a s\u00edle extraktu.<\/strong><\/p>\n<p>\u0158ada v\u00fdrobc\u016f pou\u017e\u00edv\u00e1 na etiket\u011b nic ne\u0159\u00edkaj\u00edc\u00ed ozna\u010den\u00ed. Neuv\u00e1d\u00ed mno\u017estv\u00ed \u00fa\u010dinn\u00e9 l\u00e1tky za den a u\u017e ne v cel\u00e9m balen\u00ed, proto\u017ee ve skute\u010dnosti obsahuje sn\u00ed\u017een\u00e9 mno\u017estv\u00ed \u00fa\u010dinn\u00e9 l\u00e1tky.<strong>\u00a0Uv\u00e1d\u00ed jen hmotnost, ta je <\/strong><strong>matouc\u00ed, neuv\u00e1d\u00ed s\u00edlu a \u00fa\u010dinnost.<\/strong>llicin obsa\u017een\u00fd v syrov\u00e9m \u010desneku m\u00e1 imunitn\u00ed stimula\u010dn\u00ed vlastnosti, kter\u00e9 mohou podpo\u0159it obranyschopnost t\u011bla. Pravideln\u00e1 konzumace \u010desneku ve strav\u011b, m\u016f\u017ee pomoci, co\u017e je zvl\u00e1\u0161t\u011b d\u016fle\u017eit\u00e9 v zimn\u00edch m\u011bs\u00edc\u00edch. <strong>Celoro\u010dn\u011b kontakt s lidmi v uzav\u0159en\u00fdch prostor\u00e1ch, klimatizace, to v\u0161e m\u016f\u017ee sn\u00ed\u017eit na\u0161i imunitn\u00ed reakci.<\/strong> Obecn\u011b lze \u0159\u00edci, \u017ee pravideln\u00e1 konzumace \u010desneku ve strav\u011b, m\u016f\u017ee poskytnout, n\u011bkter\u00e9 v\u00fdhody, v\u010detn\u011b jeho allicinov\u00fdch vlastnost\u00ed. Je t\u0159eba poznamenat, \u017ee nadm\u011brn\u00e1 konzumace \u010desneku m\u016f\u017ee v\u00e9st k za\u017e\u00edvac\u00edm pot\u00ed\u017e\u00edm a nep\u0159\u00edjemn\u00e9mu dechu.<\/p>\n<p>&nbsp;<\/p>\n<h3>CO JE TO ALLICIN<\/h3>\n<p>Allicin <strong>je organick\u00e1 slou\u010denina obsa\u017een\u00e1 v \u010desneku <\/strong>(Allium sativum) a n\u011bkter\u00fdch dal\u0161\u00edch \u010dlenovc\u00edch rodu Allium, jako je cibule<strong>. <\/strong>Allicin byl poprv\u00e9 izolov\u00e1n a identifikov\u00e1n v roce 1944 britsk\u00fdm chemikem Chesterem J. Cavallittem<strong>.<\/strong> Od objeven\u00ed Allicinu bylo provedeno mnoho v\u00fdzkum\u016f, kter\u00e9 zkoumaly jeho biologick\u00e9 \u00fa\u010dinky a potenci\u00e1ln\u00ed mo\u017en\u00e9 vyu\u017eit\u00ed.<strong>\u00a0Allicin je v\u0161ak pom\u011brn\u011b nestabiln\u00ed slou\u010denina<\/strong>, kter\u00e1 se <strong>rychle rozkl\u00e1d\u00e1 po roz\u0159ez\u00e1n\u00ed nebo drt\u011bn\u00ed \u010derstv\u00e9ho \u010desneku, vystaven\u00ed vysok\u00fdm teplot\u00e1m nebo v dlouh\u00e9m skladov\u00e1n\u00ed. Proto je d\u016fle\u017eit\u00e9, aby byl \u010desnek spot\u0159ebov\u00e1n v co nej\u010derstv\u011bj\u0161\u00edm stavu, pokud chcete vyu\u017e\u00edt jeho allicinov\u00fdch vlastnost\u00ed.<\/strong><\/p>\n<\/div>\n<\/div>\n<\/div>\n<\/div>\n<\/div>\n<\/div>\n<\/div>\n<\/div>\n<\/div>\n<\/div>\n<\/div>\n<p>&nbsp;<\/p>\n<h5><\/h5>\n<h5 class=\"p3\"><span class=\"s1\"><b>D\u00c1VKOV\u00c1N\u00cd <\/b><\/span><strong>(pro dopln\u011bk stravy GARLIMAXX 24 % extrakt Allicinu, <\/strong><strong>400 mg allicinov\u00e9ho extraktu z \u010desneku v denn\u00ed d\u00e1vce, 24 gram\u016f allicinov\u00e9ho extraktu<\/strong><b>\/balen\u00cd):<\/b><\/h5>\n<p class=\"p3\"><span class=\"s1\">2 kapsle denn\u011b (1 r\u00e1no a 1 ve\u010der p\u0159ed j\u00eddlem) (d\u011bti 1 kapsle\/den) <\/span><\/p>\n<p class=\"p3\"><span class=\"s1\"><b>Balen\u00ed: <\/b>60 vegansk\u00fdch kapsl\u00ed<strong>\u00a0(enterosolventn\u00ed kapsle, rozpustn\u00e9 a\u017e ve st\u0159ev\u011b).<\/strong><\/span><\/p>\n<h5><\/h5>\n<h5 class=\"p3\"><span class=\"s1\"><b>SLO\u017dEN\u00cd <\/b><\/span><strong>(pro dopln\u011bk stravy GARLIMAXX 24 % extrakt Allicinu, <\/strong><strong>400 mg allicinov\u00e9ho extraktu z \u010desneku v denn\u00ed d\u00e1vce, 24 gram\u016f allicinov\u00e9ho extraktu<\/strong><b>\/balen\u00cd):<\/b><\/h5>\n<p class=\"p3\"><span class=\"s1\">Alicin (400 mg allicinov\u00e9ho extraktu z \u010desneku v denn\u00ed d\u00e1vce, <\/span>24 gram\u016f allicinov\u00e9ho extraktu\/balen\u00cd +\/- 5 %), <span class=\"s1\">ajoene, thiosulfin\u00e1ty, flavonoidy, fenolov\u00e9 kyseliny, prebiotika. <\/span>Ostatn\u00ed ingredience: vegansk\u00e1 kapsle. <em><strong>BEZ CHEMICK\u00ddCH PLNIDEL, 100 % P\u0158\u00cdRODN\u00cd.<\/strong><\/em><\/p>\n<h5><strong style=\"color: #666666; font-size: 14px;\">GARLIMAXX<\/strong><span style=\"color: #666666; font-size: 14px;\"> neobsahuje um\u011bl\u00e9 p\u0159\u00edchuti nebo sladidla, konzerva\u010dn\u00ed l\u00e1tky, cukr, \u0161krob, ml\u00e9ko, lakt\u00f3zu, s\u00f3ju, vejce, glutam\u00e1t, p\u0161enici, dro\u017ed\u00ed, stear\u00e1t ho\u0159e\u010dnat\u00fd a NEN\u00cd GENETICKY MODIFIKOVAN\u00dd. <strong>P\u0159\u00edrodn\u00ed, NON-GMO.<\/strong><\/span><\/h5>\n<h4><\/h4>\n<h5 class=\"p1\"><span class=\"s1\"><b>SKLADOV\u00c1N\u00cd <\/b><\/span><strong>(pro dopln\u011bk stravy GARLIMAXX 24 % extrakt Allicinu, <\/strong><strong>400 mg allicinov\u00e9ho extraktu z \u010desneku v denn\u00ed d\u00e1vce, 24 gram\u016f allicinov\u00e9ho extraktu<\/strong><b>\/balen\u00cd):<\/b><\/h5>\n<p class=\"p1\">Uchov\u00e1vejte v suchu p\u0159i pokojov\u00e9 teplot\u011b. Chra\u0148te p\u0159ed mrazem. Nevystavujte p\u0159\u00edm\u00e9mu slune\u010dn\u00edmu z\u00e1\u0159en\u00ed. Skladujte mimo dosah d\u011bt\u00ed.<\/p>\n<h5><\/h5>\n<h5><strong>UPOZORN\u011aN\u00cd (pro dopln\u011bk stravy GARLIMAXX 24 % extrakt Allicinu, <\/strong><strong>400 mg allicinov\u00e9ho extraktu z \u010desneku v denn\u00ed d\u00e1vce, 24 gram\u016f allicinov\u00e9ho extraktu<\/strong><b>\/balen\u00cd):<\/b><\/h5>\n<p>Nejde o l\u00e9k a nenahrazuje pestrou stravu. Pokud jste t\u011bhotn\u00e1, koj\u00edte nebo u\u017e\u00edv\u00e1te l\u00e9ky, pora\u010fte se o u\u017e\u00edv\u00e1n\u00ed se sv\u00fdm l\u00e9ka\u0159em. Nepou\u017e\u00edvejte p\u0159i zn\u00e1m\u00e9 p\u0159ecitliv\u011blosti na n\u011bkterou slo\u017eku p\u0159\u00edpravku a nekombinujte s l\u00e9ky na \u0159ed\u011bn\u00ed krve.<\/p>\n","protected":false},"excerpt":{"rendered":"<h2>Sila pr\u00edrody a cesnaku, ke\u010f chcete kona\u0165 v\u010das<\/h2>\n<p>GARLIMAXX je pr\u00edrodn\u00e1 \u0161irokospektr\u00e1lna podpora, ktor\u00e1 stavia na kombin\u00e1cii rastlinn\u00fdch l\u00e1tok, ktor\u00e9 patria medzi najre\u0161pektovanej\u0161ie pr\u00edrodn\u00e9 obrann\u00e9 zlo\u017eky. Je navrhnut\u00e1 pre chv\u00edle, kedy telo \u010del\u00ed zv\u00fd\u0161enej z\u00e1\u0165a\u017ei a potrebuje siln\u00fa, ale prirodzen\u00fa obranyschopnos\u0165. Podporuje prirodzen\u00e9 ochrann\u00e9 mechanizmy organizmu a pom\u00e1ha udr\u017ea\u0165 vn\u00fatorn\u00fa rovnov\u00e1hu bez chemick\u00fdch z\u00e1sahov. Ide\u00e1lna ako s\u00fa\u010das\u0165 predch\u00e1dzania, sez\u00f3nnej podpory alebo vtedy, ke\u010f nechcete \u010daka\u0165, k\u00fdm sa telo zharmonizuje samo.<\/p>\n<p><em><strong>GARLIMAXX \u2013 Cielen\u00e1 sila pr\u00edrody s 24 % extraktu allic\u00ednu, <\/strong><strong>400 mg allic\u00ednov\u00e9ho extraktu z cesnaku v dennej d\u00e1vke, 24 gramov allic\u00ednov\u00e9ho extraktu v jednom <\/strong><b>balenie.<\/b><\/em><\/p>","protected":false},"featured_media":6176,"comment_status":"open","ping_status":"closed","template":"","meta":[],"product_brand":[58],"product_cat":[15,27,26,79,29,31,30,77,32,33],"product_tag":[],"class_list":{"0":"post-6142","1":"product","2":"type-product","3":"status-publish","4":"has-post-thumbnail","6":"product_brand-for-a-long-life","7":"product_cat-detoxikace","8":"product_cat-dlouhovekost","9":"product_cat-imunita","10":"product_cat-ocista-jater","11":"product_cat-spanek-a-uzkost","12":"product_cat-zdrave-zazivani","13":"product_cat-zdrave-srdce","14":"product_cat-zdravi-deti","15":"product_cat-zdravi-muze","16":"product_cat-zdravi-zeny","18":"first","19":"instock","20":"taxable","21":"shipping-taxable","22":"purchasable","23":"product-type-simple"},"_links":{"self":[{"href":"https:\/\/www.linie4life.com\/sk\/wp-json\/wp\/v2\/product\/6142","targetHints":{"allow":["GET"]}}],"collection":[{"href":"https:\/\/www.linie4life.com\/sk\/wp-json\/wp\/v2\/product"}],"about":[{"href":"https:\/\/www.linie4life.com\/sk\/wp-json\/wp\/v2\/types\/product"}],"replies":[{"embeddable":true,"href":"https:\/\/www.linie4life.com\/sk\/wp-json\/wp\/v2\/comments?post=6142"}],"version-history":[{"count":9,"href":"https:\/\/www.linie4life.com\/sk\/wp-json\/wp\/v2\/product\/6142\/revisions"}],"predecessor-version":[{"id":17381,"href":"https:\/\/www.linie4life.com\/sk\/wp-json\/wp\/v2\/product\/6142\/revisions\/17381"}],"wp:featuredmedia":[{"embeddable":true,"href":"https:\/\/www.linie4life.com\/sk\/wp-json\/wp\/v2\/media\/6176"}],"wp:attachment":[{"href":"https:\/\/www.linie4life.com\/sk\/wp-json\/wp\/v2\/media?parent=6142"}],"wp:term":[{"taxonomy":"product_brand","embeddable":true,"href":"https:\/\/www.linie4life.com\/sk\/wp-json\/wp\/v2\/product_brand?post=6142"},{"taxonomy":"product_cat","embeddable":true,"href":"https:\/\/www.linie4life.com\/sk\/wp-json\/wp\/v2\/product_cat?post=6142"},{"taxonomy":"product_tag","embeddable":true,"href":"https:\/\/www.linie4life.com\/sk\/wp-json\/wp\/v2\/product_tag?post=6142"}],"curies":[{"name":"wp","href":"https:\/\/api.w.org\/{rel}","templated":true}]}}