{"id":6190,"date":"2025-03-20T16:12:34","date_gmt":"2025-03-20T15:12:34","guid":{"rendered":"https:\/\/www.linie4life.com\/?post_type=product&#038;p=6190"},"modified":"2026-05-05T10:19:49","modified_gmt":"2026-05-05T08:19:49","slug":"digestiff-prirodne-enzymy-na-travenie","status":"publish","type":"product","link":"https:\/\/www.linie4life.com\/sk\/obchod\/digestiff-prirodni-enzymy-na-traveni\/","title":{"rendered":"DIGESTIFF siln\u00e9 a \u00fa\u010dinn\u00e9 tr\u00e1viace enz\u00fdmy pre r\u00fdchle spa\u013eovanie 60 kaps\u00fal 30 dn\u00ed"},"content":{"rendered":"<h2 class=\"p1\">\u00a0Pr\u00edrodn\u00e9 enz\u00fdmy na tr\u00e1venie na podporu tr\u00e1venia, za\u017e\u00edvania a spa\u013eovania<\/h2>\n<p>Hlavn\u00e9<strong> d\u00f4vod, pre\u010do DIGESTIFF u\u017e\u00edva\u0165<\/strong> je . <strong>celkov\u00e9 pohodlie spojen\u00e9 s tr\u00e1ven\u00edm, ale aj s\u00fdtos\u0165ou, plnos\u0165ou, vetrami, za\u017e\u00edvan\u00edm. <\/strong>Obsahuj\u00fa <strong>zmes starostlivo vybran\u00fdch enz\u00fdmov<\/strong>\u017ee<strong> p\u00f4sob\u00ed na rad biochemick\u00fdch procesov v organizme,<\/strong> pr\u00e1ve v synergii. <strong>Sila a \u00fa\u010dinnos\u0165 DIGESTIFF je mnohon\u00e1sobne vy\u0161\u0161ia, silnej\u0161ia a \u00fa\u010dinnej\u0161ia ako be\u017ene dostupn\u00e9 tr\u00e1viace enz\u00fdmy na trhu a spo\u010d\u00edva<\/strong><strong>\u00a0len<\/strong> v <strong>UNIK\u00c1TNE ZMESI S VYSOKOU \u00da\u010cINNOS\u0164OU<\/strong>: bromela\u00edn (2400 GDU\/g) 600 mg, papa\u00edn (2400 USP\/mg) 300 mg, inul\u00edn 100 mg.<\/p>\n<p class=\"p1\">NON-GMO pokro\u010dil\u00e1 podpora v\u00e1\u0161ho \u010drevn\u00e9ho mikrobiomu.<\/p>\n<h3>Ako je to s potenciou enz\u00fdmov?<\/h3>\n<p>Mnoho v\u00fdrobcov pou\u017e\u00edva na etikete ozna\u010denie o sile enz\u00fdmu iba \u00fadaj o hmotnosti enz\u00fdmu v miligramoch, ktor\u00fd ni\u010d nehovor\u00ed, len uv\u00e1dza, ko\u013eko enz\u00fdm v produkte v\u00e1\u017ei. <strong>Na \u010dom z\u00e1le\u017e\u00ed je sila enz\u00fdmu<\/strong> a t\u00e1 ur\u010duje <strong>jeho \u00fa\u010dinnos\u0165, nie hmotnos\u0165.<\/strong> <strong>\u010c\u00edm vy\u0161\u0161ia je<\/strong>, <strong>t\u00fdm je enz\u00fdm \u00fa\u010dinnej\u0161\u00ed<\/strong>. <strong>Odpor\u00fa\u010dam len produkt bez chemick\u00fdch plnidiel<\/strong>, preto\u017ee t\u00e1 telu \u0161kod\u00ed a <strong>100% pr\u00edrodn\u00fd<\/strong>, z vlastnej sk\u00fasenosti.<\/p>\n<p class=\"p1\"><strong>SILA PR\u00cdRODY PRE V\u00c1S<\/strong>: u\u017e \u017eiadne nepohodlie v ka\u017edodennom \u017eivote. Vedeli ste, \u017ee enz\u00fdmy maj\u00fa \u0161irok\u00e9 vyu\u017eitie aj na mno\u017estvo enzymatick\u00fdch pochodov v organizme? P\u00f4sob\u00ed toti\u017e synergicky, ke\u010f ka\u017ed\u00fd z nich m\u00e1 svoju funkciu a vo v\u00fdsledku v\u00e1m m\u00f4\u017eu pom\u00f4c\u0165 s t\u00fdm, na \u010do h\u013ead\u00e1te rie\u0161enie.<\/p>\n<h3>Proteolytick\u00e9 enz\u00fdmy ako s\u00fa\u010das\u0165 prirodzenej podpory tr\u00e1venia<\/h3>\n<p><span style=\"color: #000000;\">Bromela\u00edn je proteolytick\u00fd enz\u00fdm poch\u00e1dzaj\u00faci z anan\u00e1su a je zn\u00e1my pre svojich protiz\u00e1palov\u00fdch <\/span><span style=\"color: #000000;\">vlastnosti, zatia\u013e \u010do papa\u00edn je proteolytick\u00fd enz\u00fdm poch\u00e1dzaj\u00faci z pap\u00e1je a je zn\u00e1my pre svoje \u00fa\u010dinky na podporu tr\u00e1venia<\/span><span style=\"color: #000000;\">. Spolo\u010dne m\u00f4\u017eu poskytn\u00fa\u0165 \u0161irok\u00fa \u0161k\u00e1lu v\u00fdhod. Celkovo m\u00f4\u017ee by\u0165 pou\u017eitie <\/span><span style=\"color: #000000;\">tr\u00e1viacich enz\u00fdmov prospe\u0161n\u00e9 pre jedincov, ktor\u00ed maj\u00fa probl\u00e9my s <\/span><span style=\"color: #000000;\">tr\u00e1ven\u00edm niektor\u00fdch potrav\u00edn, ako s\u00fa bielkoviny alebo lakt\u00f3za, ale aj pri potravinov\u00fdch alergi\u00e1ch (histam\u00edn, lakt\u00f3za, kaze\u00edn). Naproti tomu inul\u00edn je rozpustn\u00e1 vl\u00e1knina, <\/span><span style=\"color: #000000;\">ktor\u00e1 sa nach\u00e1dza v rastlin\u00e1ch, ako je kore\u0148 \u010dakanky, arti\u010doky a \u0161parg\u013ea. Je to prebiotikum, ktor\u00e9 <\/span><span style=\"color: #000000;\">podporuje rast prospe\u0161n\u00fdch \u010drevn\u00fdch bakt\u00e9ri\u00ed.<\/span><\/p>\n<p><strong>Zaradenie proteolytick\u00fdch enz\u00fdmov do stravy,<\/strong> m\u00f4\u017ee poskytn\u00fa\u0165, <strong>mno\u017estvo v\u00fdhod. <\/strong>Enz\u00fdmy s\u00fa \u0161peci\u00e1lne prote\u00edny, ktor\u00e9 <strong>zohr\u00e1vaj\u00fa k\u013e\u00fa\u010dov\u00fa \u00falohu takmer vo v\u0161etk\u00fdch biochemick\u00fdch reakci\u00e1ch.<\/strong>\u00a0Tieto reakcie zah\u0155\u0148aj\u00fa <strong>tr\u00e1venie potravy, synt\u00e9za bunkov\u00fdch zlo\u017eiek, oprava DNA a mnoh\u00e9 \u010fal\u0161ie d\u00f4le\u017eit\u00e9 procesy.<\/strong>. Enz\u00fdmy <strong>p\u00f4sobia ako katalyz\u00e1tory<\/strong>\u010do znamen\u00e1, \u017ee <strong>ur\u00fdch\u013euj\u00fa reakcie bez toho, aby sa sami spotrebovali<\/strong> alebo trvalo zmenen\u00e9 po\u010das procesu.<\/p>\n<h3>\u010co s\u00fa proteolytick\u00e9 enz\u00fdmy<\/h3>\n<p>Proteolytick\u00e9 enz\u00fdmy, zn\u00e1me aj ako prote\u00e1zy, s\u00fa \u0161peci\u00e1lne typy enz\u00fdmov, ktor\u00e9 maj\u00fa schopnos\u0165 rozklada\u0165 bielkoviny na men\u0161ie peptidy alebo aminokyseliny.\u00a0<strong>Je d\u00f4le\u017eit\u00e9, aby proteolytick\u00e9 enz\u00fdmy v tele boli v rovnov\u00e1he<\/strong>a preto <strong>s\u00fa regulovan\u00e9 a produkovan\u00e9 v r\u00f4znych \u010dastiach tr\u00e1viaceho traktu<\/strong>.<\/p>\n<p><strong>Ak nastane nerovnov\u00e1ha<\/strong> <strong>alebo nejak\u00fdm probl\u00e9mom v produkcii t\u00fdchto enz\u00fdmov, m\u00f4\u017ee to ma\u0165 vplyv na fungovanie cel\u00e9ho syst\u00e9mu. Napr\u00edklad na n\u00e1\u0161 \u010drevn\u00fd mikr\u00f3biom, tr\u00e1venie, za\u017e\u00edvanie a celkov\u00e9 nepohodlie s t\u00fdm spojen\u00e9.<\/strong><\/p>\n<p>Je to pr\u00edrodn\u00e1, NON-GMO pokro\u010dil\u00e1 podpora tr\u00e1venia, za\u017e\u00edvania.<strong> \u017diadne chemick\u00e9 v\u00fdplne! 100% pr\u00edrodn\u00e9.<\/strong><\/p>\n<p>&nbsp;<\/p>\n<div style=\"border: 2px solid #eb248c; border-radius: 12px; padding: 16px; background: rgba(248,238,233,0.99);\">\n<h2>Synergick\u00e1 dvojica pre komplexnej\u0161\u00ed pr\u00edstup<\/h2>\n<h3><strong>Odpor\u00fa\u010dan\u00e1 kombin\u00e1cia: DIGESTIFF + <\/strong><strong>POUNDLOSER<\/strong><\/h3>\n<p><strong>DIGESTIFF m\u00f4\u017eete vhodne doplni\u0165 o <a href=\"https:\/\/www.linie4life.com\/sk\/obchod\/prirodny-doplnok-na-chudnutie-poundloser\/?wmc-currency=EUR\">POUNDLOSER<\/a>. <\/strong>Kombin\u00e1cia pre t\u00fdch, ktor\u00ed chc\u00fa pracova\u0165 nielen s tr\u00e1ven\u00edm, ale aj s celkov\u00fdm metabolizmom. DIGESTIFF sa s\u00fastred\u00ed na enzymatick\u00e9 procesy tr\u00e1venia, nad\u00favania, dobr\u00e9ho za\u017e\u00edvania. POUNDLOSER kladie d\u00f4raz na priepustnos\u0165 \u010dreva, vyu\u017eitie \u017eiv\u00edn z jedla, hospod\u00e1renie s energiou \/kal\u00f3riami\/, ale je aj dobr\u00fd pomocn\u00edk pri \u00faprave stolice \/hna\u010dky, z\u00e1pchy\/.<\/p>\n<p>T\u00e1to dvojica tak m\u00f4\u017ee by\u0165 zauj\u00edmav\u00fdm doplnen\u00edm starostlivosti o tr\u00e1viaci syst\u00e9m, kontrolu hmotnosti a \u010drevn\u00fd mikr\u00f3biom.<\/p>\n<\/div>\n<p>&nbsp;<\/p>\n<hr \/>\n<h5 class=\"p3\"><span class=\"s1\"><b>Z\u00c1VER <\/b><\/span><span class=\"s1\"><b>pre v\u00fd\u017eivov\u00fd doplnok <\/b><\/span><span class=\"s1\"><b>(DIGESTIFF):<\/b><\/span><\/h5>\n<p>% mno\u017estvo na denn\u00fa porciu:<\/p>\n<p>Bromela\u00edn (2400 GDU\/g) 600 mg *<\/p>\n<p>Papa\u00edn (2400 USP\/mg) 300 mg *<\/p>\n<p>Inul\u00edn 100 mg *<\/p>\n<p class=\"p3\">\u010eal\u0161ie zlo\u017eky: veg\u00e1nska kapsula. N<span class=\"s1\">neobsahuje umel\u00e9 ar\u00f3my ani sladidl\u00e1, konzerva\u010dn\u00e9 l\u00e1tky, cukor, \u0161krob, mlieko, lakt\u00f3zu, s\u00f3ju, vajcia, glutaman, p\u0161enicu, kvasnice, stearan hore\u010dnat\u00fd a NIE JE GENETICKY MODIFIKOVAN\u00dd.<\/span><\/p>\n<p>&nbsp;<\/p>\n<h5 class=\"p3\"><span class=\"s1\"><b>DAROVANIE <\/b><\/span><span class=\"s1\"><b>pre v\u00fd\u017eivov\u00fd doplnok <\/b><\/span><span class=\"s1\"><b>(DIGESTIFF):<\/b><\/span><\/h5>\n<p>Odpor\u00fa\u010dan\u00e9 d\u00e1vkovanie: 2 kapsule denne: 1 r\u00e1no, 1 na poludnie, pred jedlom. Balenie: 60 kaps\u00fal na 30 dn\u00ed.<\/p>\n<h5 class=\"p1\"><span class=\"s1\"><b>SKLADOVANIE v\u00fd\u017eivov\u00e9ho doplnku <\/b><\/span><span class=\"s1\"><b>(<\/b><\/span><span class=\"s1\"><b>DIGESTIFF<\/b><\/span><span class=\"s1\"><b>):<\/b><\/span><\/h5>\n<p class=\"p1\">Uchov\u00e1vajte v suchu pri izbovej teplote. Chr\u00e1\u0148te pred mrazom. Nevystavujte priamemu slne\u010dn\u00e9mu \u017eiareniu. Uchov\u00e1vajte mimo dosahu det\u00ed.<\/p>\n<h5><strong>UPOZORNENIE <\/strong><span class=\"s1\"><b>pre doplnok stravy (<\/b><\/span><span class=\"s1\"><b>DIGESTIFF<\/b><\/span><span class=\"s1\"><b>):<\/b><\/span><\/h5>\n<p>Nejde o liek a nenahr\u00e1dza pestr\u00fa stravu. Ak ste tehotn\u00e1, doj\u010d\u00edte alebo u\u017e\u00edvate lieky, pora\u010fte sa o u\u017e\u00edvan\u00ed so svoj\u00edm lek\u00e1rom. Nepou\u017e\u00edvajte pri zn\u00e1mej precitlivenosti na niektor\u00fa zlo\u017eku lieku.<\/p>","protected":false},"excerpt":{"rendered":"<h2>Prirodzen\u00e1 podpora tr\u00e1venia a vyu\u017eitia \u017eiv\u00edn<\/h2>\n<p><strong>DIGESTIFF <\/strong>je premyslen\u00e1 kombin\u00e1cia pr\u00edrodn\u00fdch tr\u00e1viacich enz\u00fdmov, ktor\u00e1 <strong>podporuje<\/strong> prirodzen\u00e9 <strong>tr\u00e1venie a pocit \u013eahkosti po jedle<\/strong>. Pom\u00e1ha telu efekt\u00edvnej\u0161ie spracov\u00e1va\u0165 bielkoviny, tuky aj sacharidy a prispieva k lep\u0161iemu vyu\u017eitiu \u017eiv\u00edn z potravy. Vhodn\u00fd je najm\u00e4 <strong>pri pocite plnosti, nad\u00favan\u00ed alebo pri n\u00e1ro\u010dnej\u0161\u00edch jedl\u00e1ch<\/strong>. V\u010faka \u0161etrn\u00e9mu zlo\u017eeniu je Digestiff vhodn\u00fd na ka\u017edodenn\u00e9 pou\u017e\u00edvanie ako s\u00fa\u010das\u0165 vyv\u00e1\u017een\u00e9ho \u017eivotn\u00e9ho \u0161t\u00fdlu \u2013 tam, kde chcete tr\u00e1viacemu syst\u00e9mu u\u013eavi\u0165.<\/p>\n<p><em><strong>Vysoko \u00fa\u010dinn\u00e9 100% pr\u00edrodn\u00e9 tr\u00e1viace enz\u00fdmy bez adit\u00edv, sladidiel a plnidiel, ktor\u00e9 podporuj\u00fa prirodzen\u00fd priebeh tr\u00e1venia, pocit \u013eahkosti po jedle a r\u00fdchlej\u0161ie spa\u013eovanie.<\/strong><\/em><\/p>\n<p>&nbsp;<\/p>\n<p><strong>AKCIA:<\/strong> <strong>ku k\u00fape 2 ks DIGESTIFF z\u00edskate tretie balenie ZADARMO<\/strong>. Z\u00edskate tak 3 balenia za cenu 2. Tretie balenie bude automaticky pridan\u00e9 do objedn\u00e1vky.<\/p>","protected":false},"featured_media":18101,"comment_status":"open","ping_status":"closed","template":"","meta":[],"product_brand":[58],"product_cat":[15,25,26,23,31,32,33],"product_tag":[],"class_list":{"0":"post-6190","1":"product","2":"type-product","3":"status-publish","4":"has-post-thumbnail","6":"product_brand-for-a-long-life","7":"product_cat-detoxikace","8":"product_cat-hubnuti","9":"product_cat-imunita","10":"product_cat-krasa","11":"product_cat-zdrave-zazivani","12":"product_cat-zdravi-muze","13":"product_cat-zdravi-zeny","15":"first","16":"instock","17":"purchasable","18":"product-type-simple"},"_links":{"self":[{"href":"https:\/\/www.linie4life.com\/sk\/wp-json\/wp\/v2\/product\/6190","targetHints":{"allow":["GET"]}}],"collection":[{"href":"https:\/\/www.linie4life.com\/sk\/wp-json\/wp\/v2\/product"}],"about":[{"href":"https:\/\/www.linie4life.com\/sk\/wp-json\/wp\/v2\/types\/product"}],"replies":[{"embeddable":true,"href":"https:\/\/www.linie4life.com\/sk\/wp-json\/wp\/v2\/comments?post=6190"}],"version-history":[{"count":10,"href":"https:\/\/www.linie4life.com\/sk\/wp-json\/wp\/v2\/product\/6190\/revisions"}],"predecessor-version":[{"id":18102,"href":"https:\/\/www.linie4life.com\/sk\/wp-json\/wp\/v2\/product\/6190\/revisions\/18102"}],"wp:featuredmedia":[{"embeddable":true,"href":"https:\/\/www.linie4life.com\/sk\/wp-json\/wp\/v2\/media\/18101"}],"wp:attachment":[{"href":"https:\/\/www.linie4life.com\/sk\/wp-json\/wp\/v2\/media?parent=6190"}],"wp:term":[{"taxonomy":"product_brand","embeddable":true,"href":"https:\/\/www.linie4life.com\/sk\/wp-json\/wp\/v2\/product_brand?post=6190"},{"taxonomy":"product_cat","embeddable":true,"href":"https:\/\/www.linie4life.com\/sk\/wp-json\/wp\/v2\/product_cat?post=6190"},{"taxonomy":"product_tag","embeddable":true,"href":"https:\/\/www.linie4life.com\/sk\/wp-json\/wp\/v2\/product_tag?post=6190"}],"curies":[{"name":"wp","href":"https:\/\/api.w.org\/{rel}","templated":true}]}}