{"id":6801,"date":"2025-04-27T15:31:25","date_gmt":"2025-04-27T13:31:25","guid":{"rendered":"https:\/\/www.linie4life.com\/?post_type=product&#038;p=6801"},"modified":"2026-04-16T10:15:16","modified_gmt":"2026-04-16T08:15:16","slug":"caj-na-chudnutie-detoxikaciu-hydrataciu","status":"publish","type":"product","link":"https:\/\/www.linie4life.com\/sk\/obchod\/caj-na-hubnuti-detoxikaci-hydrataci\/","title":{"rendered":"\u010cAJ NA CHUDNUTIE detoxik\u00e1ciu hydrat\u00e1ciu lymfu podporu pitn\u00e9ho re\u017eimu zdravia 100 porci\u00ed"},"content":{"rendered":"<p><b>\u010cO ROB\u00cd N\u00c1\u0160 \u010cAJ TAK V\u00ddNIMO\u010cN\u00dd?<\/b><\/p>\n<p><b>Zelen\u00fd \u010daj<\/b> \u2013 Pom\u00e1ha zr\u00fdchli\u0165 metabolizmus a prispieva k spa\u013eovaniu tukov. <b>Guarana<\/b> \u2013 Pr\u00edrodn\u00fd nakop\u00e1va\u010d energie! Podporuje vitalitu, s\u00fastredenie a prirodzen\u00fa kontrolu telesnej hmotnosti. <b>Z\u00e1zvor<\/b> \u2013 Skvel\u00fd par\u0165\u00e1k nielen pre va\u0161e k\u013aby a svaly. Dod\u00e1va telu aj vitalitu a pom\u00e1ha pri regener\u00e1cii. <b>Spirulina<\/b> \u2013 Pr\u00edrodn\u00fd antioxidant pln\u00fd \u017eiv\u00edn, ktor\u00fd prispieva k norm\u00e1lnej hladine cukru v krvi a podporuje imunitu. <b>L-karnit\u00edn L-tartr\u00e1t<\/b> \u2013 Ob\u013e\u00faben\u00e1 l\u00e1tka pri chudnut\u00ed. Pom\u00e1ha premie\u0148a\u0165 tuky na energiu. <b>Isomaltul\u00f3za (palatin\u00f3za)<\/b> \u2013 N\u00edzkoglykemick\u00fd cukor, ktor\u00fd v\u00e1m dod\u00e1 energiu bez prudk\u00e9ho n\u00e1rastu hladiny cukru v krvi.<\/p>\n<p>&nbsp;<\/p>\n<p><b>AKO N\u00c1\u0160 \u010cAJ POM\u00c1HA PRI CHUDNUT\u00cd A ZDRAV\u00cd?<\/b><\/p>\n<p>V\u010faka kombin\u00e1cii <b>L-karnit\u00ednu, zelen\u00e9ho \u010daju, guarany a spiruliny<\/b> podpor\u00edte prirodzen\u00e9 spa\u013eovanie tukov a premenu energie.<\/p>\n<p><b>N\u00edzkokalorick\u00fd n\u00e1poj<\/b> vhodn\u00fd pre v\u00e1\u0161 pitn\u00fd re\u017eim, ktor\u00fd si m\u00f4\u017eete dopria\u0165 nieko\u013ekokr\u00e1t denne bez v\u00fd\u010ditiek.<\/p>\n<p>&nbsp;<\/p>\n<p><b>\u010cO HOVOR\u00cd VEDA?<\/b><\/p>\n<p><b>Palatin\u00f3za (izomaltul\u00f3za)<\/b> \u2013 Pomaly str\u00e1vite\u013en\u00fd sacharid, ktor\u00fd prispieva k <b>men\u0161iemu vzostupu hladiny gluk\u00f3zy v krvi<\/b> v porovnan\u00ed s be\u017en\u00fdmi cukrami. To znamen\u00e1 stabiln\u00fa energiu bez r\u00fdchlych v\u00fdkyvov.<\/p>\n<p><b>Spirulina<\/b> \u2013 Pom\u00e1ha <b>kontrolova\u0165 telesn\u00fa hmotnos\u0165<\/b> a podporuje <b>svalov\u00fa regener\u00e1ciu<\/b>.<\/p>\n<p><b>Guarana<\/b> \u2013 <b>Prirodzene podporuje imunitu<\/b> a pom\u00e1ha udr\u017ea\u0165 spr\u00e1vne hospod\u00e1renie s energiou po\u010das d\u0148a.<\/p>\n<p>&nbsp;<\/p>\n<p><b>PRE\u010cO PI\u0164 N\u00c1\u0160 \u010cAJ NA CHUDNUTIE A PODPORU PITN\u00c9HO RE\u017dIMU KA\u017dD\u00dd DE\u0147?<\/b><\/p>\n<p>Podporuje chudnutie a kontrolu v\u00e1hy<br \/>\nPom\u00e1ha s detoxik\u00e1ciou organizmu<br \/>\nPrispieva k spr\u00e1vnej hydrat\u00e1cii<br \/>\nPosil\u0148uje imunitn\u00fd syst\u00e9m<br \/>\nDod\u00e1va energiu a vitalitu prirodzenou cestou<\/p>\n<p>&nbsp;<\/p>\n<p><b>JE VHODN\u00dd N\u00c1\u0160 \u010cAJ NA CHUDNUTIE A PODPORU PITN\u00c9HO RE\u017dIMU PRE KA\u017dD\u00c9HO?<\/b><\/p>\n<p><strong>Tento \u010daj je vhodn\u00fd pre:<\/strong> t\u00fdch, ktor\u00ed h\u013eadaj\u00fa podporu pri chudnut\u00ed a zakladaj\u00fa si na dostato\u010dnej hydrat\u00e1cii po\u010das d\u0148a, toho, kto db\u00e1 o zdrav\u00fd \u017eivotn\u00fd \u0161t\u00fdl, vegetari\u00e1nov, veg\u00e1nov.<\/p>\n<p><b><\/b>Bez ob\u00e1v \u2013 <b>neobsahuje \u017eiadne alerg\u00e9ny<\/b> <b>ani umel\u00e9 sladidl\u00e1.<\/b><b><\/b><\/p>\n<p>&nbsp;<\/p>\n<p><strong>AKO N<\/strong><b>\u00c1\u0160 \u010cAJ NA CHUDNUTIE A PODPORU PITN\u00c9HO RE\u017dIMU PRIPRAVI\u0164?<\/b><\/p>\n<p>Rozpustite zmes v studenej alebo hor\u00facej vode (pred bodom varu).<br \/>\nOdpor\u00fa\u010dan\u00e1 d\u00e1vka: 1 a\u017e 3 porcie denne (2 g a\u017e 6 g) do 250 ml vody alebo \u013eubovo\u013en\u00e9ho mno\u017estva vody.<br \/>\nVychutnajte si osvie\u017euj\u00facu chu\u0165 a nechajte pr\u00edrodu p\u00f4sobi\u0165.<\/p>\n<p>&nbsp;<\/p>\n<hr \/>\n<p><strong>ZLO\u017dENIE: <\/strong>extrakt zelen\u00e9ho \u010daju, izomaltul\u00f3za (palatin\u00f3za), . L-karnit\u00edn L-tartr\u00e1t, spirulina, guarana, z\u00e1zvor, inul\u00edn (pr\u00edchu\u0165 vodn\u00fd mel\u00f3n).<\/p>\n<p>&nbsp;<\/p>\n<p><b>Vysk\u00fa\u0161ajte silu pr\u00edrody v ka\u017edej \u0161\u00e1lke a podporte svoje zdravie, vitalitu a chudnutie prirodzenou cestou.<\/b><\/p>\n<p><b>Zdravie za\u010d\u00edna v \u0161\u00e1lke \u010daju.<\/b><b> <\/b><\/p>","protected":false},"excerpt":{"rendered":"<p><b>Svie\u017ea chu\u0165 vodn\u00e9ho mel\u00f3nu, <\/b>aj zdrav\u00fd \u017eivotn\u00fd \u0161t\u00fdl m\u00f4\u017ee chuti\u0165 skvele. <b>Objavte silu pr\u00edrody<\/b> v ka\u017edej \u0161\u00e1lke<b>, kone\u010dne forma pitia vody v lahodnej forme,<\/b> ktor\u00e1 sa dostane do buniek <strong>a za\u010dn\u00fa sa dia\u0165 veci.<\/strong>\u00a0<i><\/i><\/p>\n<p>Lahodn\u00fd sp\u00f4sob, ako podpori\u0165 svoje telo pri chudnut\u00ed, detoxik\u00e1cii, hydrat\u00e1cii, celkovej vitalite, \u00fanave, vy\u010derpan\u00ed a zlep\u0161en\u00ed zdravia. N\u00e1\u0161 <strong>jedine\u010dn\u00fd instantn\u00fd \u010daj kombinuje pr\u00edrodn\u00fa silu byl\u00edn a funk\u010dn\u00fdch l\u00e1tok.<\/strong><\/p>\n<p>V\u010faka <b>pr\u00edrodn\u00fa ar\u00f3mu vodn\u00e9ho mel\u00f3nu<\/b> v\u00e1s n\u00e1\u0161 \u010daj osvie\u017ei a pote\u0161\u00ed va\u0161e chu\u0165ov\u00e9 bunky, \u010di u\u017e si ho vychutn\u00e1te hor\u00faci alebo studen\u00fd. <b>Raz ochutn\u00e1te a u\u017e sa te\u0161\u00edte na \u010fal\u0161iu \u0161\u00e1lku \u2013 \u010daj, ktor\u00fd si v\u00e1s z\u00edska svojou chu\u0165ou a pokojne<i>u harm\u00f3ni\u00ed.<\/i><\/b><\/p>\n<p>A to v\u0161etko <b>bez sladidiel<\/b> a <strong>zbyto\u010dn\u00fdch kal\u00f3ri\u00ed!\u00a0<\/strong><\/p>\n<p>V jednej porcii m\u00e1te iba <strong>minim\u00e1lny energetick\u00fd pr\u00edjem<\/strong>, \u010do z neho rob\u00ed ide\u00e1lnu vo\u013ebu pre v\u00e1\u0161 denn\u00fd pitn\u00fd re\u017eim.<\/p>\n<p><strong>AKCIA: zadarmo k n\u00e1kupu DIGESTIFF \u2013 enz\u00fdmy podporuj\u00face lep\u0161ie tr\u00e1venie:<\/strong><\/p>\n<p><a href=\"https:\/\/www.linie4life.com\/sk\/obchod\/digestiff-prirodne-enzymy-na-travenie\/?wmc-currency=EUR\">https:\/\/www.linie4life.com\/obchod\/digestiff-prirodni-enzymy-na-traveni\/<\/a><\/p>\n<p>&nbsp;<\/p>\n<p>&nbsp;<\/p>","protected":false},"featured_media":13393,"comment_status":"open","ping_status":"closed","template":"","meta":[],"product_brand":[195],"product_cat":[15,27,25,26,23,201,79,28,80,78,81,29,31,77,32,33],"product_tag":[],"class_list":{"0":"post-6801","1":"product","2":"type-product","3":"status-publish","4":"has-post-thumbnail","6":"product_brand-linie4life","7":"product_cat-detoxikace","8":"product_cat-dlouhovekost","9":"product_cat-hubnuti","10":"product_cat-imunita","11":"product_cat-krasa","12":"product_cat-lymfa","13":"product_cat-ocista-jater","14":"product_cat-pohyb","15":"product_cat-prevence","16":"product_cat-psychika","17":"product_cat-regenerace","18":"product_cat-spanek-a-uzkost","19":"product_cat-zdrave-zazivani","20":"product_cat-zdravi-deti","21":"product_cat-zdravi-muze","22":"product_cat-zdravi-zeny","24":"first","25":"instock","26":"purchasable","27":"product-type-simple"},"_links":{"self":[{"href":"https:\/\/www.linie4life.com\/sk\/wp-json\/wp\/v2\/product\/6801","targetHints":{"allow":["GET"]}}],"collection":[{"href":"https:\/\/www.linie4life.com\/sk\/wp-json\/wp\/v2\/product"}],"about":[{"href":"https:\/\/www.linie4life.com\/sk\/wp-json\/wp\/v2\/types\/product"}],"replies":[{"embeddable":true,"href":"https:\/\/www.linie4life.com\/sk\/wp-json\/wp\/v2\/comments?post=6801"}],"version-history":[{"count":9,"href":"https:\/\/www.linie4life.com\/sk\/wp-json\/wp\/v2\/product\/6801\/revisions"}],"predecessor-version":[{"id":17364,"href":"https:\/\/www.linie4life.com\/sk\/wp-json\/wp\/v2\/product\/6801\/revisions\/17364"}],"wp:featuredmedia":[{"embeddable":true,"href":"https:\/\/www.linie4life.com\/sk\/wp-json\/wp\/v2\/media\/13393"}],"wp:attachment":[{"href":"https:\/\/www.linie4life.com\/sk\/wp-json\/wp\/v2\/media?parent=6801"}],"wp:term":[{"taxonomy":"product_brand","embeddable":true,"href":"https:\/\/www.linie4life.com\/sk\/wp-json\/wp\/v2\/product_brand?post=6801"},{"taxonomy":"product_cat","embeddable":true,"href":"https:\/\/www.linie4life.com\/sk\/wp-json\/wp\/v2\/product_cat?post=6801"},{"taxonomy":"product_tag","embeddable":true,"href":"https:\/\/www.linie4life.com\/sk\/wp-json\/wp\/v2\/product_tag?post=6801"}],"curies":[{"name":"wp","href":"https:\/\/api.w.org\/{rel}","templated":true}]}}