{"id":34,"date":"2025-03-04T11:15:58","date_gmt":"2025-03-04T10:15:58","guid":{"rendered":"https:\/\/www.linie4life.com\/ochrana-osobnich-udaju\/"},"modified":"2025-05-26T13:05:45","modified_gmt":"2025-05-26T11:05:45","slug":"varstvo-osebnih-podatkov","status":"publish","type":"page","link":"https:\/\/www.linie4life.com\/sl\/ochrana-osobnich-udaju\/","title":{"rendered":"Varstvo osebnih podatkov"},"content":{"rendered":"<div data-elementor-type=\"wp-page\" data-elementor-id=\"34\" class=\"elementor elementor-34\" data-elementor-post-type=\"page\">\n\t\t\t\t<div class=\"elementor-element elementor-element-4e0a76c e-flex e-con-boxed e-con e-parent\" data-id=\"4e0a76c\" data-element_type=\"container\" data-e-type=\"container\">\n\t\t\t\t\t<div class=\"e-con-inner\">\n\t\t\t\t<div class=\"elementor-element elementor-element-10fa37b elementor-widget elementor-widget-heading\" data-id=\"10fa37b\" data-element_type=\"widget\" data-e-type=\"widget\" data-widget_type=\"heading.default\">\n\t\t\t\t\t<h1 class=\"elementor-heading-title elementor-size-default\">Varstvo osebnih podatkov<\/h1>\t\t\t\t<\/div>\n\t\t\t\t<div class=\"elementor-element elementor-element-2d247ee elementor-widget elementor-widget-text-editor\" data-id=\"2d247ee\" data-element_type=\"widget\" data-e-type=\"widget\" data-widget_type=\"text-editor.default\">\n\t\t\t\t\t\t\t\t\t<h2><strong>I. Osnovne dolo\u010dbe<\/strong><\/h2><ol><li><strong>Upravljavec osebnih podatkov<\/strong> V skladu s \u010dlenom 4(7) Uredbe (EU) 2016\/679 Evropskega parlamenta in Sveta (GDPR) <strong>NATUREPRODUCTSCLINIC LTD<\/strong> (Mati\u010dna \u0161tevilka podjetja 11332850), s sede\u017eem podjetja <strong>Enota Q, Astbury Road 35, London, Anglija, SE15 2NL<\/strong> (v nadaljevanju &quot;upravljavec&quot;).<\/li><li><strong>Kontaktni podatki skrbnika:<\/strong><ul><li><strong>Naslov:<\/strong> Enota Q, Astbury Road 35, London, Anglija, SE15 2NL<\/li><li><strong>E-po\u0161ta:<\/strong> <span style=\"text-decoration: underline;\"><a href=\"mailto:info@linie4life.com\">info@linie4life.com<\/a><\/span><\/li><\/ul><\/li><li><strong>Osebni podatki<\/strong> pomeni katero koli informacijo o dolo\u010deni ali dolo\u010dljivi fizi\u010dni osebi.<\/li><\/ol><h2><strong><br \/>II. Viri in kategorije obdelanih osebnih podatkov<\/strong><\/h2><ol><li>Upravljavec obdeluje osebne podatke, ki ste mu jih posredovali oziroma jih je pridobil na podlagi izpolnitve va\u0161ega naro\u010dila.<\/li><li>Obdelujejo se identifikacijski in kontaktni podatki, potrebni za izvedbo pogodbe.<\/li><\/ol><h2><strong>III. Pravna podlaga in namen obdelave osebnih podatkov<\/strong><\/h2><ol><li><strong>Zakoniti razlog za obdelavo osebnih podatkov je:<\/strong><ul><li>Zakoniti interes upravljavca za zagotavljanje neposrednega tr\u017eenja (<strong>\u010clen 6(1)(f) GDPR<\/strong>)<\/li><li>Va\u0161e soglasje za obdelavo za namene tr\u017eenja (<strong>\u010clen 6(1)(a) GDPR<\/strong>)<\/li><\/ul><\/li><li><strong>Namen obdelave osebnih podatkov:<\/strong><ul><li>Obdelava naro\u010dil in izpolnitev pogodb<\/li><li>Po\u0161iljanje komercialnih sporo\u010dil in tr\u017eenjskih ponudb<\/li><\/ul><\/li><li>Upravljavec ne izvaja avtomatiziranega odlo\u010danja v skladu z 22. \u010dlenom GDPR.<\/li><\/ol><h2><strong>IV. Obdobje hrambe osebnih podatkov<\/strong><\/h2><ol><li><strong>Osebni podatki se shranjujejo:<\/strong><ul><li>Za \u010das trajanja pogodbenega razmerja in pozneje <strong>15 let<\/strong>.<\/li><li>Za \u010das trajanja soglasja za namene tr\u017eenja, ne dlje kot <strong>15 let<\/strong>.<\/li><\/ul><\/li><li>Po izteku obdobja hrambe bodo podatki izbrisani.<\/li><\/ol><h2><strong>V. Prejemniki osebnih podatkov<\/strong><\/h2><ol><li>Osebni podatki se lahko razkrijejo:<ul><li>Osebe, vklju\u010dene v dobavo blaga\/storitev<\/li><li>Ponudniki tr\u017eenjskih storitev<\/li><\/ul><\/li><li>Upravljavec ne namerava prena\u0161ati osebnih podatkov izven EU.<\/li><\/ol><h2><strong>VI. Va\u0161e pravice<\/strong><\/h2><ol><li>V skladu z GDPR imate pravico do:<ul><li>Za dostop do osebnih podatkov (<strong>\u010clen 15 GDPR<\/strong>)<\/li><li>Za popravek osebnih podatkov (<strong>\u010clen 16 GDPR<\/strong>)<\/li><li>Za brisanje osebnih podatkov (<strong>\u010clen 17 GDPR<\/strong>)<\/li><li>Za omejitev obdelave (<strong>\u010clen 18 GDPR<\/strong>)<\/li><li>O prenosljivosti podatkov (<strong>\u010clen 20 GDPR<\/strong>)<\/li><li>Ugovor obdelavi (<strong>\u010clen 21 GDPR<\/strong>)<\/li><li>Preklic soglasja za obdelavo<\/li><\/ul><\/li><li>Imate pravico vlo\u017eiti prito\u017ebo pri <strong>Organ za varstvo osebnih podatkov<\/strong>.<\/li><\/ol><h2><strong>VII. Varnost osebnih podatkov<\/strong><\/h2><ol><li>Upravljavec je sprejel tehni\u010dne in organizacijske ukrepe za zavarovanje osebnih podatkov.<\/li><li>Osebni podatki so za\u0161\u010diteni pred nepoobla\u0161\u010denim dostopom.<\/li><\/ol><h2><strong>VIII. Kon\u010dne dolo\u010dbe<\/strong><\/h2><ol><li>Svoje strinjanje s pogoji uporabe potrdite s potrditvijo polja za soglasje na spletni strani.<\/li><li>Skrbnik je poobla\u0161\u010den za spremembo teh pogojev; nova razli\u010dica bo objavljena na spletni strani.<\/li><\/ol><h3><strong>Ti pogoji in dolo\u010dila za\u010dnejo veljati 23. novembra 2023.<\/strong><\/h3>\t\t\t\t\t\t\t\t<\/div>\n\t\t\t\t\t<\/div>\n\t\t\t\t<\/div>\n\t\t\t\t<\/div>","protected":false},"excerpt":{"rendered":"<p>Ochrana osobn\u00edch \u00fadaj\u016f I. Z\u00e1kladn\u00ed ustanoven\u00ed Spr\u00e1vcem osobn\u00edch \u00fadaj\u016f podle \u010dl. 4 bod 7 na\u0159\u00edzen\u00ed Evropsk\u00e9ho parlamentu a Rady (EU) 2016\/679 (GDPR) je NATUREPRODUCTSCLINIC LTD (Company number 11332850), se s\u00eddlem Unit Q, 35 Astbury Road, London, England, SE15 2NL (d\u00e1le jen &#8222;spr\u00e1vce&#8220;). Kontaktn\u00ed \u00fadaje spr\u00e1vce: Adresa: Unit Q, 35 Astbury Road, London, England, SE15 2NL [&hellip;]<\/p>\n","protected":false},"author":2,"featured_media":0,"parent":0,"menu_order":7,"comment_status":"closed","ping_status":"closed","template":"elementor_header_footer","meta":{"footnotes":""},"class_list":["post-34","page","type-page","status-publish","hentry"],"_links":{"self":[{"href":"https:\/\/www.linie4life.com\/sl\/wp-json\/wp\/v2\/pages\/34","targetHints":{"allow":["GET"]}}],"collection":[{"href":"https:\/\/www.linie4life.com\/sl\/wp-json\/wp\/v2\/pages"}],"about":[{"href":"https:\/\/www.linie4life.com\/sl\/wp-json\/wp\/v2\/types\/page"}],"author":[{"embeddable":true,"href":"https:\/\/www.linie4life.com\/sl\/wp-json\/wp\/v2\/users\/2"}],"replies":[{"embeddable":true,"href":"https:\/\/www.linie4life.com\/sl\/wp-json\/wp\/v2\/comments?post=34"}],"version-history":[{"count":5,"href":"https:\/\/www.linie4life.com\/sl\/wp-json\/wp\/v2\/pages\/34\/revisions"}],"predecessor-version":[{"id":7361,"href":"https:\/\/www.linie4life.com\/sl\/wp-json\/wp\/v2\/pages\/34\/revisions\/7361"}],"wp:attachment":[{"href":"https:\/\/www.linie4life.com\/sl\/wp-json\/wp\/v2\/media?parent=34"}],"curies":[{"name":"delovni list","href":"https:\/\/api.w.org\/{rel}","templated":true}]}}