{"id":7843,"date":"2025-06-05T14:01:53","date_gmt":"2025-06-05T12:01:53","guid":{"rendered":"https:\/\/www.linie4life.com\/zasady-cookies-eu\/"},"modified":"2026-02-16T03:21:59","modified_gmt":"2026-02-16T02:21:59","slug":"pravilnik-eu-o-piskotkih","status":"publish","type":"page","link":"https:\/\/www.linie4life.com\/sl\/zasady-cookies-eu\/","title":{"rendered":"Pravilnik o pi\u0161kotkih (EU)"},"content":{"rendered":"<div data-elementor-type=\"wp-page\" data-elementor-id=\"7843\" class=\"elementor elementor-7843\" data-elementor-post-type=\"page\">\n\t\t\t\t<div class=\"elementor-element elementor-element-b6e1274 e-flex e-con-boxed e-con e-parent\" data-id=\"b6e1274\" data-element_type=\"container\" data-e-type=\"container\">\n\t\t\t\t\t<div class=\"e-con-inner\">\n\t\t<div class=\"elementor-element elementor-element-64d49fd e-con-full e-flex e-con e-child\" data-id=\"64d49fd\" data-element_type=\"container\" data-e-type=\"container\">\n\t\t\t\t<div class=\"elementor-element elementor-element-e3751eb elementor-widget elementor-widget-text-editor\" data-id=\"e3751eb\" data-element_type=\"widget\" data-e-type=\"widget\" data-widget_type=\"text-editor.default\">\n\t\t\t\t\t\t\t\t\t<h1><strong>Pravilnik o pi\u0161kotkih<\/strong><\/h1><p><strong>Datum veljavnosti:<\/strong> 2. februar 2026<br \/><strong>Zadnja posodobitev:<\/strong> 2. februar 2026<\/p><p><strong>\u00a0<\/strong><\/p><p><strong>Kaj so pi\u0161kotki?<\/strong><\/p><p>Ta politika pi\u0161kotkov pojasnjuje, kaj so pi\u0161kotki, kako jih uporabljamo, katere vrste pi\u0161kotkov uporabljamo (tj. katere podatke zbiramo prek pi\u0161kotkov in kako se ti podatki uporabljajo) in kako lahko upravljate nastavitve pi\u0161kotkov.<\/p><p>Pi\u0161kotki so majhne besedilne datoteke, ki se shranijo v va\u0161o napravo, ko v internetnem brskalniku odprete spletno mesto. Pomagajo zagotoviti pravilno delovanje spletnega mesta, pove\u010dajo njegovo varnost, izbolj\u0161ajo uporabni\u0161ko izku\u0161njo in nam omogo\u010dajo analizo delovanja spletnega mesta, da lahko ugotovimo, kaj deluje dobro in kje je prostor za izbolj\u0161ave.<\/p><p><strong>\u00a0<\/strong><\/p><p><strong>Kako uporabljamo pi\u0161kotke?<\/strong><\/p><p>Kot ve\u010dina spletnih storitev tudi na\u0161e spletno mesto uporablja pi\u0161kotke prve in tretje osebe za razli\u010dne namene.<\/p><p>Pi\u0161kotki prve osebe so potrebni za pravilno delovanje spletnega mesta in ne zbirajo nobenih osebnih podatkov.<\/p><p>Pi\u0161kotki tretjih oseb nam pomagajo zlasti pri:<\/p><ul><li>analizirati delovanje spletne strani,<\/li><li>spremljanje interakcij uporabnikov s spletnim mestom,<\/li><li>zagotavljanje varnosti na\u0161ih storitev,<\/li><li>prikazovanje ustreznega ogla\u0161evanja,<\/li><li>izbolj\u0161ati udobje uporabnikov in hitrost prihodnjih obiskov.<\/li><\/ul><p>\u00a0<\/p><p><strong>Vrste pi\u0161kotkov, ki jih uporabljamo<\/strong><\/p><p><strong>Nujni pi\u0161kotki<\/strong><\/p><p>Ti pi\u0161kotki so bistveni za osnovno delovanje spletnega mesta. Brez njih spletno mesto ne bi delovalo pravilno. Ne shranjujejo nobenih osebnih podatkov.<\/p><table><thead><tr><td><p><strong>Ime<\/strong><\/p><\/td><td><p><strong>Trajanje<\/strong><\/p><\/td><td><p><strong>Opis<\/strong><\/p><\/td><\/tr><\/thead><tbody><tr><td><p>elementor<\/p><\/td><td><p>Nikoli ne pote\u010de.<\/p><\/td><td><p>Uporablja ga predloga WordPress za urejanje in prikaz vsebine spletnega mesta.<\/p><\/td><\/tr><tr><td><p>wpEmojiSettingsSupports<\/p><\/td><td><p>Seja<\/p><\/td><td><p>Dolo\u010da, ali brskalnik podpira prikazovanje emojijev.<\/p><\/td><\/tr><tr><td><p>pi\u0161kotekda-soglasje<\/p><\/td><td><p>1 leto<\/p><\/td><td><p>Shrani uporabnikovo soglasje za pi\u0161kotke, da bi spo\u0161toval njegove nastavitve.<\/p><\/td><\/tr><tr><td><p>VISITOR_PRIVACY_METADATA<\/p><\/td><td><p>6 mesecev<\/p><\/td><td><p>Shrani stanje uporabnikovega soglasja za pi\u0161kotke za trenutno domeno (YouTube).<\/p><\/td><\/tr><tr><td><p>PHPSESSID<\/p><\/td><td><p>Seja<\/p><\/td><td><p>Shrani enoli\u010dni ID uporabni\u0161ke seje.<\/p><\/td><\/tr><tr><td><p>__cf_bm<\/p><\/td><td><p>1 ura<\/p><\/td><td><p>Pi\u0161kotek proti robotom Cloudflare.<\/p><\/td><\/tr><tr><td><p>m<\/p><\/td><td><p>1 leto 1 mesec 4 dni<\/p><\/td><td><p>Stripe \u2013 prepre\u010devanje goljufij in identifikacija naprav.<\/p><\/td><\/tr><tr><td><p>__stripe_mid<\/p><\/td><td><p>1 leto<\/p><\/td><td><p>Stripe \u2013 obdelava pla\u010dil.<\/p><\/td><\/tr><tr><td><p>__stripe_sid<\/p><\/td><td><p>1 ura<\/p><\/td><td><p>Stripe \u2013 obdelava pla\u010dil.<\/p><\/td><\/tr><tr><td><p>pbid<\/p><\/td><td><p>6 mesecev<\/p><\/td><td><p>PixelYourSite \u2013 upravljanje uporabni\u0161kih sej.<\/p><\/td><\/tr><\/tbody><\/table><p><strong>\u00a0<\/strong><\/p><p><strong>Funkcionalni pi\u0161kotki<\/strong><\/p><p>Ti pi\u0161kotki omogo\u010dajo napredne funkcije, kot so deljenje vsebine na dru\u017ebenih omre\u017ejih ali predvajanje vdelanih videoposnetkov.<\/p><table><thead><tr><td><p><strong>Ime<\/strong><\/p><\/td><td><p><strong>Trajanje<\/strong><\/p><\/td><td><p><strong>Opis<\/strong><\/p><\/td><\/tr><\/thead><tbody><tr><td><p>VISITOR_INFO1_V \u017dIVO<\/p><\/td><td><p>6 mesecev<\/p><\/td><td><p>YouTube \u2013 merjenje hitrosti povezave.<\/p><\/td><\/tr><tr><td><p>yt-daljinski-*<\/p><\/td><td><p>Za\u010dasna \/ stalna<\/p><\/td><td><p>Shranjujejo nastavitve predvajalnika YouTube.<\/p><\/td><\/tr><tr><td><p>ytidb::KLJU\u010c_ZADNJEGA_REZULTATA_VNOSA<\/p><\/td><td><p>Nikoli ne pote\u010de.<\/p><\/td><td><p>Shrani zadnji kliknjeni rezultat iskanja v YouTubu.<\/p><\/td><\/tr><\/tbody><\/table><p><strong>\u00a0<\/strong><\/p><p><strong>Analiti\u010dni pi\u0161kotki<\/strong><\/p><p>Uporabljajo se za razumevanje, kako obiskovalci uporabljajo spletno mesto. Pomagajo spremljati \u0161tevilo obiskovalcev, stopnjo obiskov brez povezave, vir prometa in druge statisti\u010dne podatke.<\/p><table><thead><tr><td><p><strong>Ime<\/strong><\/p><\/td><td><p><strong>Trajanje<\/strong><\/p><\/td><td><p><strong>Opis<\/strong><\/p><\/td><\/tr><\/thead><tbody><tr><td><p>sbjs_*<\/p><\/td><td><p>Seja<\/p><\/td><td><p>Identifikacija vira obiska (Sourcebuster).<\/p><\/td><\/tr><tr><td><p>_ga, <em>ga<\/em>*<\/p><\/td><td><p>1 leto 1 mesec 4 dni<\/p><\/td><td><p>Google Analytics \u2013 anonimna statistika prometa.<\/p><\/td><\/tr><tr><td><p>_klik<\/p><\/td><td><p>1 leto<\/p><\/td><td><p>Microsoft Clarity \u2013 hramba uporabni\u0161kih ID-jev.<\/p><\/td><\/tr><tr><td><p>_clsk<\/p><\/td><td><p>1 dan<\/p><\/td><td><p>Microsoft Clarity \u2013 snemanje sej.<\/p><\/td><\/tr><tr><td><p>YSC<\/p><\/td><td><p>Seja<\/p><\/td><td><p>YouTube \u2013 sledenje ogledov videoposnetkov.<\/p><\/td><\/tr><tr><td><p>ustnica_*<\/p><\/td><td><p>Seja \/ 7 dni<\/p><\/td><td><p>PixelYourSite \u2013 analiti\u010dne storitve.<\/p><\/td><\/tr><\/tbody><\/table><p><strong>\u00a0<\/strong><\/p><p><strong>Ogla\u0161evalski pi\u0161kotki<\/strong><\/p><p>Uporabljajo se za prikazovanje prilagojenih oglasov in merjenje u\u010dinkovitosti ogla\u0161evalskih akcij.<\/p><table><thead><tr><td><p><strong>Ime<\/strong><\/p><\/td><td><p><strong>Trajanje<\/strong><\/p><\/td><td><p><strong>Opis<\/strong><\/p><\/td><\/tr><\/thead><tbody><tr><td><p>yt.notranjacev::*<\/p><\/td><td><p>Nikoli ne pote\u010de.<\/p><\/td><td><p>YouTube \u2013 shranjevanje zgodovine ogledov videoposnetkov.<\/p><\/td><\/tr><tr><td><p>_fbp<\/p><\/td><td><p>7 dni<\/p><\/td><td><p>Facebook \u2013 prikazovanje prilagojenih oglasov.<\/p><\/td><\/tr><tr><td><p>_gcl_au<\/p><\/td><td><p>3 mesece<\/p><\/td><td><p>Google Tag Manager \u2013 testiranje u\u010dinkovitosti ogla\u0161evanja.<\/p><\/td><\/tr><tr><td><p>testni_pi\u0161kotek<\/p><\/td><td><p>15 minut<\/p><\/td><td><p>Preverjanje podpore za pi\u0161kotke.<\/p><\/td><\/tr><tr><td><p>IDE<\/p><\/td><td><p>1 leto in 24 dni<\/p><\/td><td><p>Google DoubleClick - prilagojeno ogla\u0161evanje.<\/p><\/td><\/tr><tr><td><p>NID<\/p><\/td><td><p>6 mesecev<\/p><\/td><td><p>Google \u2013 ogla\u0161evalski nameni.<\/p><\/td><\/tr><\/tbody><\/table><p><strong>\u00a0<\/strong><\/p><p><strong>Nekategorizirani pi\u0161kotki<\/strong><\/p><p>Ti pi\u0161kotki se trenutno analizirajo in \u0161e niso bili razvr\u0161\u010deni v dolo\u010deno kategorijo.<\/p><table><thead><tr><td><p><strong>Ime<\/strong><\/p><\/td><td><p><strong>Trajanje<\/strong><\/p><\/td><td><p><strong>Opis<\/strong><\/p><\/td><\/tr><\/thead><tbody><tr><td><p>__Varni-UVOD_\u017dETON<\/p><\/td><td><p>6 mesecev<\/p><\/td><td><p>Upravljanje testiranja funkcij (YouTube).<\/p><\/td><\/tr><tr><td><p>__Secure-YEC<\/p><\/td><td><p>\u2014<\/p><\/td><td><p>Opis \u0161e ni na voljo.<\/p><\/td><\/tr><tr><td><p>__Secure-YNID<\/p><\/td><td><p>6 mesecev<\/p><\/td><td><p>Za\u0161\u010dita uporabnikove varnosti (Google).<\/p><\/td><\/tr><tr><td><p>pys_consent<\/p><\/td><td><p>1 leto<\/p><\/td><td><p>Upravljanje soglasij (PixelYourSite).<\/p><\/td><\/tr><tr><td><p>wmc_valuta<\/p><\/td><td><p>1 mesec<\/p><\/td><td><p>Shrani uporabnikovo \u017eeleno valuto.<\/p><\/td><\/tr><\/tbody><\/table><p><strong>\u00a0<\/strong><\/p><p><strong>Upravljanje nastavitev pi\u0161kotkov<\/strong><\/p><p>Nastavitve pi\u0161kotkov lahko kadar koli prilagodite s klikom na gumb \u201eNastavitve soglasja\u201c. S tem se bo ponovno odprla vrstica za upravljanje soglasja, kjer lahko spremenite nastavitve ali prekli\u010dete soglasje.<\/p><p>Razli\u010dni internetni brskalniki vam omogo\u010dajo blokiranje in brisanje pi\u0161kotkov. Nastavitve lahko prilagodite neposredno v svojem brskalniku. Navodila najdete tukaj:<\/p><ul><li><strong>Google Chrome:<\/strong> <a href=\"https:\/\/support.google.com\/accounts\/answer\/32050\" target=\"_blank\" rel=\"noopener\">https:\/\/support.google.com\/accounts\/answer\/32050<\/a><\/li><li><strong>Safari:<\/strong> <a href=\"https:\/\/support.apple.com\/en-in\/guide\/safari\/sfri11471\/mac\" target=\"_blank\" rel=\"noopener\">https:\/\/support.apple.com\/en-in\/guide\/safari\/sfri11471\/mac<\/a><\/li><li><strong>Mozilla Firefox:<\/strong> <a href=\"https:\/\/support.mozilla.org\/en-US\/kb\/clear-cookies-and-site-data-firefox\" target=\"_blank\" rel=\"noopener\">https:\/\/support.mozilla.org\/en-US\/kb\/clear-cookies-and-site-data-firefox<\/a><\/li><li><strong>Internet Explorer:<\/strong> <a href=\"https:\/\/support.microsoft.com\/en-us\/topic\/how-to-delete-cookie-files-in-internet-explorer-bca9446f-d873-78de-77ba-d42645fa52fc\" target=\"_blank\" rel=\"noopener\">https:\/\/support.microsoft.com\/en-us\/topic\/how-to-delete-cookie-files-in-internet-explorer-bca9446f-d873-78de-77ba-d42645fa52fc<\/a><\/li><\/ul><p>\u010ce uporabljate drug brskalnik, sledite uradni dokumentaciji za ta brskalnik.<\/p><p><em>\u00a0<\/em><\/p><p><em>Ta politika pi\u0161kotkov je bila ustvarjena z orodjem CookieYes \u2013 generator politik pi\u0161kotkov.<\/em><\/p>\t\t\t\t\t\t\t\t<\/div>\n\t\t\t\t<\/div>\n\t\t\t\t\t<\/div>\n\t\t\t\t<\/div>\n\t\t\t\t<\/div>","protected":false},"excerpt":{"rendered":"<p>Z\u00e1sady pou\u017e\u00edv\u00e1n\u00ed soubor\u016f cookies Datum \u00fa\u010dinnosti: 2. \u00fanora 2026Posledn\u00ed aktualizace: 2. \u00fanora 2026 \u00a0 Co jsou soubory cookies? Tyto Z\u00e1sady pou\u017e\u00edv\u00e1n\u00ed soubor\u016f cookies vysv\u011btluj\u00ed, co jsou cookies, jak je pou\u017e\u00edv\u00e1me, jak\u00e9 typy cookies vyu\u017e\u00edv\u00e1me (tj. jak\u00e9 informace prost\u0159ednictv\u00edm cookies shroma\u017e\u010fujeme a jak jsou tyto informace vyu\u017e\u00edv\u00e1ny) a jak m\u016f\u017eete spravovat sv\u00e9 nastaven\u00ed cookies. Cookies jsou [&hellip;]<\/p>\n","protected":false},"author":1,"featured_media":0,"parent":0,"menu_order":0,"comment_status":"closed","ping_status":"closed","template":"elementor_header_footer","meta":{"footnotes":""},"class_list":["post-7843","page","type-page","status-publish","hentry"],"_links":{"self":[{"href":"https:\/\/www.linie4life.com\/sl\/wp-json\/wp\/v2\/pages\/7843","targetHints":{"allow":["GET"]}}],"collection":[{"href":"https:\/\/www.linie4life.com\/sl\/wp-json\/wp\/v2\/pages"}],"about":[{"href":"https:\/\/www.linie4life.com\/sl\/wp-json\/wp\/v2\/types\/page"}],"author":[{"embeddable":true,"href":"https:\/\/www.linie4life.com\/sl\/wp-json\/wp\/v2\/users\/1"}],"replies":[{"embeddable":true,"href":"https:\/\/www.linie4life.com\/sl\/wp-json\/wp\/v2\/comments?post=7843"}],"version-history":[{"count":6,"href":"https:\/\/www.linie4life.com\/sl\/wp-json\/wp\/v2\/pages\/7843\/revisions"}],"predecessor-version":[{"id":17070,"href":"https:\/\/www.linie4life.com\/sl\/wp-json\/wp\/v2\/pages\/7843\/revisions\/17070"}],"wp:attachment":[{"href":"https:\/\/www.linie4life.com\/sl\/wp-json\/wp\/v2\/media?parent=7843"}],"curies":[{"name":"delovni list","href":"https:\/\/api.w.org\/{rel}","templated":true}]}}