{"id":34,"date":"2025-03-04T11:15:58","date_gmt":"2025-03-04T10:15:58","guid":{"rendered":"https:\/\/www.linie4life.com\/ochrana-osobnich-udaju\/"},"modified":"2025-05-26T13:05:45","modified_gmt":"2025-05-26T11:05:45","slug":"%d0%b7%d0%b0%d1%85%d0%b8%d1%81%d1%82-%d0%bf%d0%b5%d1%80%d1%81%d0%be%d0%bd%d0%b0%d0%bb%d1%8c%d0%bd%d0%b8%d1%85-%d0%b4%d0%b0%d0%bd%d0%b8%d1%85","status":"publish","type":"page","link":"https:\/\/www.linie4life.com\/uk\/ochrana-osobnich-udaju\/","title":{"rendered":"\u0417\u0430\u0445\u0438\u0441\u0442 \u043f\u0435\u0440\u0441\u043e\u043d\u0430\u043b\u044c\u043d\u0438\u0445 \u0434\u0430\u043d\u0438\u0445"},"content":{"rendered":"<div data-elementor-type=\"wp-page\" data-elementor-id=\"34\" class=\"elementor elementor-34\" data-elementor-post-type=\"page\">\n\t\t\t\t<div class=\"elementor-element elementor-element-4e0a76c e-flex e-con-boxed e-con e-parent\" data-id=\"4e0a76c\" data-element_type=\"container\" data-e-type=\"container\">\n\t\t\t\t\t<div class=\"e-con-inner\">\n\t\t\t\t<div class=\"elementor-element elementor-element-10fa37b elementor-widget elementor-widget-heading\" data-id=\"10fa37b\" data-element_type=\"widget\" data-e-type=\"widget\" data-widget_type=\"heading.default\">\n\t\t\t\t\t<h1 class=\"elementor-heading-title elementor-size-default\">\u0417\u0430\u0445\u0438\u0441\u0442 \u043f\u0435\u0440\u0441\u043e\u043d\u0430\u043b\u044c\u043d\u0438\u0445 \u0434\u0430\u043d\u0438\u0445<\/h1>\t\t\t\t<\/div>\n\t\t\t\t<div class=\"elementor-element elementor-element-2d247ee elementor-widget elementor-widget-text-editor\" data-id=\"2d247ee\" data-element_type=\"widget\" data-e-type=\"widget\" data-widget_type=\"text-editor.default\">\n\t\t\t\t\t\t\t\t\t<h2><strong>I. \u041e\u0441\u043d\u043e\u0432\u043d\u0456 \u043f\u043e\u043b\u043e\u0436\u0435\u043d\u043d\u044f<\/strong><\/h2><ol><li><strong>\u041a\u043e\u043d\u0442\u0440\u043e\u043b\u0435\u0440 \u043f\u0435\u0440\u0441\u043e\u043d\u0430\u043b\u044c\u043d\u0438\u0445 \u0434\u0430\u043d\u0438\u0445<\/strong> \u0412\u0456\u0434\u043f\u043e\u0432\u0456\u0434\u043d\u043e \u0434\u043e \u0441\u0442\u0430\u0442\u0442\u0456 4(7) \u0420\u0435\u0433\u043b\u0430\u043c\u0435\u043d\u0442\u0443 (\u0404\u0421) 2016\/679 \u0404\u0432\u0440\u043e\u043f\u0435\u0439\u0441\u044c\u043a\u043e\u0433\u043e \u041f\u0430\u0440\u043b\u0430\u043c\u0435\u043d\u0442\u0443 \u0442\u0430 \u0420\u0430\u0434\u0438 (GDPR), <strong>NATUREPRODUCTSCLINIC LTD<\/strong> (\u0420\u0435\u0454\u0441\u0442\u0440\u0430\u0446\u0456\u0439\u043d\u0438\u0439 \u043d\u043e\u043c\u0435\u0440 \u043a\u043e\u043c\u043f\u0430\u043d\u0456\u0457 11332850), \u0456\u0437 \u0437\u0430\u0440\u0435\u0454\u0441\u0442\u0440\u043e\u0432\u0430\u043d\u0438\u043c \u043e\u0444\u0456\u0441\u043e\u043c <strong>Unit Q, 35 Astbury Road, London, England, SE15 2NL<\/strong> (\u0434\u0430\u043b\u0456 \u2013 \u00ab\u0430\u0434\u043c\u0456\u043d\u0456\u0441\u0442\u0440\u0430\u0442\u043e\u0440\u00bb).<\/li><li><strong>\u041a\u043e\u043d\u0442\u0430\u043a\u0442\u043d\u0456 \u0434\u0430\u043d\u0456 \u0430\u0434\u043c\u0456\u043d\u0456\u0441\u0442\u0440\u0430\u0442\u043e\u0440\u0430:<\/strong><ul><li><strong>\u0410\u0434\u0440\u0435\u0441\u0430:<\/strong> Unit Q, 35 Astbury Road, London, England, SE15 2NL<\/li><li><strong>\u0415\u043b\u0435\u043a\u0442\u0440\u043e\u043d\u043d\u0430 \u043f\u043e\u0448\u0442\u0430:<\/strong> <span style=\"text-decoration: underline;\"><a href=\"mailto:info@linie4life.com\">info@linie4life.com<\/a><\/span><\/li><\/ul><\/li><li><strong>\u041f\u0435\u0440\u0441\u043e\u043d\u0430\u043b\u044c\u043d\u0456 \u0434\u0430\u043d\u0456<\/strong> \u043e\u0437\u043d\u0430\u0447\u0430\u0454 \u0431\u0443\u0434\u044c-\u044f\u043a\u0443 \u0456\u043d\u0444\u043e\u0440\u043c\u0430\u0446\u0456\u044e \u043f\u0440\u043e \u0456\u0434\u0435\u043d\u0442\u0438\u0444\u0456\u043a\u043e\u0432\u0430\u043d\u0443 \u0430\u0431\u043e \u0456\u0434\u0435\u043d\u0442\u0438\u0444\u0456\u043a\u043e\u0432\u0430\u043d\u0443 \u0444\u0456\u0437\u0438\u0447\u043d\u0443 \u043e\u0441\u043e\u0431\u0443.<\/li><\/ol><h2><strong><br \/>II. \u0414\u0436\u0435\u0440\u0435\u043b\u0430 \u0442\u0430 \u043a\u0430\u0442\u0435\u0433\u043e\u0440\u0456\u0457 \u043e\u0431\u0440\u043e\u0431\u043b\u044e\u0432\u0430\u043d\u0438\u0445 \u043f\u0435\u0440\u0441\u043e\u043d\u0430\u043b\u044c\u043d\u0438\u0445 \u0434\u0430\u043d\u0438\u0445<\/strong><\/h2><ol><li>\u0410\u0434\u043c\u0456\u043d\u0456\u0441\u0442\u0440\u0430\u0442\u043e\u0440 \u043e\u0431\u0440\u043e\u0431\u043b\u044f\u0454 \u043f\u0435\u0440\u0441\u043e\u043d\u0430\u043b\u044c\u043d\u0456 \u0434\u0430\u043d\u0456, \u044f\u043a\u0456 \u0432\u0438 \u0439\u043e\u043c\u0443\/\u0457\u0439 \u043d\u0430\u0434\u0430\u043b\u0438, \u0430\u0431\u043e \u044f\u043a\u0456 \u0430\u0434\u043c\u0456\u043d\u0456\u0441\u0442\u0440\u0430\u0442\u043e\u0440 \u043e\u0442\u0440\u0438\u043c\u0430\u0432 \u043d\u0430 \u043f\u0456\u0434\u0441\u0442\u0430\u0432\u0456 \u0432\u0438\u043a\u043e\u043d\u0430\u043d\u043d\u044f \u0432\u0430\u0448\u043e\u0433\u043e \u0437\u0430\u043c\u043e\u0432\u043b\u0435\u043d\u043d\u044f.<\/li><li>\u041e\u0431\u0440\u043e\u0431\u043b\u044f\u044e\u0442\u044c\u0441\u044f \u0456\u0434\u0435\u043d\u0442\u0438\u0444\u0456\u043a\u0430\u0446\u0456\u0439\u043d\u0456 \u0442\u0430 \u043a\u043e\u043d\u0442\u0430\u043a\u0442\u043d\u0456 \u0434\u0430\u043d\u0456, \u043d\u0435\u043e\u0431\u0445\u0456\u0434\u043d\u0456 \u0434\u043b\u044f \u0432\u0438\u043a\u043e\u043d\u0430\u043d\u043d\u044f \u0434\u043e\u0433\u043e\u0432\u043e\u0440\u0443.<\/li><\/ol><h2><strong>III. \u041f\u0440\u0430\u0432\u043e\u0432\u0430 \u043e\u0441\u043d\u043e\u0432\u0430 \u0442\u0430 \u043c\u0435\u0442\u0430 \u043e\u0431\u0440\u043e\u0431\u043a\u0438 \u043f\u0435\u0440\u0441\u043e\u043d\u0430\u043b\u044c\u043d\u0438\u0445 \u0434\u0430\u043d\u0438\u0445<\/strong><\/h2><ol><li><strong>\u0417\u0430\u043a\u043e\u043d\u043d\u043e\u044e \u043f\u0456\u0434\u0441\u0442\u0430\u0432\u043e\u044e \u0434\u043b\u044f \u043e\u0431\u0440\u043e\u0431\u043a\u0438 \u043f\u0435\u0440\u0441\u043e\u043d\u0430\u043b\u044c\u043d\u0438\u0445 \u0434\u0430\u043d\u0438\u0445 \u0454:<\/strong><ul><li>\u0417\u0430\u043a\u043e\u043d\u043d\u0438\u0439 \u0456\u043d\u0442\u0435\u0440\u0435\u0441 \u043a\u043e\u043d\u0442\u0440\u043e\u043b\u0435\u0440\u0430 \u0443 \u043d\u0430\u0434\u0430\u043d\u043d\u0456 \u043f\u0440\u044f\u043c\u043e\u0433\u043e \u043c\u0430\u0440\u043a\u0435\u0442\u0438\u043d\u0433\u0443 (<strong>\u0421\u0442\u0430\u0442\u0442\u044f 6(1)(f) GDPR<\/strong>)<\/li><li>\u0412\u0430\u0448\u0430 \u0437\u0433\u043e\u0434\u0430 \u043d\u0430 \u043e\u0431\u0440\u043e\u0431\u043a\u0443 \u0434\u0430\u043d\u0438\u0445 \u0434\u043b\u044f \u043c\u0430\u0440\u043a\u0435\u0442\u0438\u043d\u0433\u043e\u0432\u0438\u0445 \u0446\u0456\u043b\u0435\u0439 (<strong>\u0421\u0442\u0430\u0442\u0442\u044f 6(1)(a) GDPR<\/strong>)<\/li><\/ul><\/li><li><strong>\u041c\u0435\u0442\u0430 \u043e\u0431\u0440\u043e\u0431\u043a\u0438 \u043f\u0435\u0440\u0441\u043e\u043d\u0430\u043b\u044c\u043d\u0438\u0445 \u0434\u0430\u043d\u0438\u0445:<\/strong><ul><li>\u041e\u0431\u0440\u043e\u0431\u043a\u0430 \u0437\u0430\u043c\u043e\u0432\u043b\u0435\u043d\u044c \u0442\u0430 \u0432\u0438\u043a\u043e\u043d\u0430\u043d\u043d\u044f \u0434\u043e\u0433\u043e\u0432\u043e\u0440\u0456\u0432<\/li><li>\u0420\u043e\u0437\u0441\u0438\u043b\u043a\u0430 \u043a\u043e\u043c\u0435\u0440\u0446\u0456\u0439\u043d\u0438\u0445 \u043f\u043e\u0432\u0456\u0434\u043e\u043c\u043b\u0435\u043d\u044c \u0442\u0430 \u043c\u0430\u0440\u043a\u0435\u0442\u0438\u043d\u0433\u043e\u0432\u0438\u0445 \u043f\u0440\u043e\u043f\u043e\u0437\u0438\u0446\u0456\u0439<\/li><\/ul><\/li><li>\u0410\u0434\u043c\u0456\u043d\u0456\u0441\u0442\u0440\u0430\u0442\u043e\u0440 \u043d\u0435 \u0437\u0434\u0456\u0439\u0441\u043d\u044e\u0454 \u0430\u0432\u0442\u043e\u043c\u0430\u0442\u0438\u0437\u043e\u0432\u0430\u043d\u0435 \u043f\u0440\u0438\u0439\u043d\u044f\u0442\u0442\u044f \u0440\u0456\u0448\u0435\u043d\u044c \u0432\u0456\u0434\u043f\u043e\u0432\u0456\u0434\u043d\u043e \u0434\u043e \u0441\u0442\u0430\u0442\u0442\u0456 22 GDPR.<\/li><\/ol><h2><strong>IV. \u0422\u0435\u0440\u043c\u0456\u043d \u0437\u0431\u0435\u0440\u0456\u0433\u0430\u043d\u043d\u044f \u043f\u0435\u0440\u0441\u043e\u043d\u0430\u043b\u044c\u043d\u0438\u0445 \u0434\u0430\u043d\u0438\u0445<\/strong><\/h2><ol><li><strong>\u041f\u0435\u0440\u0441\u043e\u043d\u0430\u043b\u044c\u043d\u0456 \u0434\u0430\u043d\u0456 \u0437\u0431\u0435\u0440\u0456\u0433\u0430\u044e\u0442\u044c\u0441\u044f:<\/strong><ul><li>\u041f\u0440\u043e\u0442\u044f\u0433\u043e\u043c \u0442\u0435\u0440\u043c\u0456\u043d\u0443 \u0434\u0456\u0457 \u0434\u043e\u0433\u043e\u0432\u0456\u0440\u043d\u0438\u0445 \u0432\u0456\u0434\u043d\u043e\u0441\u0438\u043d \u0456 \u0437\u0433\u043e\u0434\u043e\u043c <strong>15 \u0440\u043e\u043a\u0456\u0432<\/strong>.<\/li><li>\u041f\u0440\u043e\u0442\u044f\u0433\u043e\u043c \u0442\u0435\u0440\u043c\u0456\u043d\u0443 \u0434\u0456\u0457 \u0437\u0433\u043e\u0434\u0438 \u043d\u0430 \u043c\u0430\u0440\u043a\u0435\u0442\u0438\u043d\u0433\u043e\u0432\u0456 \u0446\u0456\u043b\u0456, \u043d\u0435 \u0434\u043e\u0432\u0448\u0435 \u043d\u0456\u0436 <strong>15 \u0440\u043e\u043a\u0456\u0432<\/strong>.<\/li><\/ul><\/li><li>\u041f\u0456\u0441\u043b\u044f \u0437\u0430\u043a\u0456\u043d\u0447\u0435\u043d\u043d\u044f \u0442\u0435\u0440\u043c\u0456\u043d\u0443 \u0437\u0431\u0435\u0440\u0456\u0433\u0430\u043d\u043d\u044f \u0434\u0430\u043d\u0456 \u0431\u0443\u0434\u0443\u0442\u044c \u0432\u0438\u0434\u0430\u043b\u0435\u043d\u0456.<\/li><\/ol><h2><strong>V. \u041e\u0434\u0435\u0440\u0436\u0443\u0432\u0430\u0447\u0456 \u043f\u0435\u0440\u0441\u043e\u043d\u0430\u043b\u044c\u043d\u0438\u0445 \u0434\u0430\u043d\u0438\u0445<\/strong><\/h2><ol><li>\u041f\u0435\u0440\u0441\u043e\u043d\u0430\u043b\u044c\u043d\u0456 \u0434\u0430\u043d\u0456 \u043c\u043e\u0436\u0443\u0442\u044c \u0431\u0443\u0442\u0438 \u0440\u043e\u0437\u043a\u0440\u0438\u0442\u0456:<ul><li>\u041e\u0441\u043e\u0431\u0438, \u0437\u0430\u043b\u0443\u0447\u0435\u043d\u0456 \u0434\u043e \u043f\u043e\u0441\u0442\u0430\u0447\u0430\u043d\u043d\u044f \u0442\u043e\u0432\u0430\u0440\u0456\u0432\/\u043f\u043e\u0441\u043b\u0443\u0433<\/li><li>\u041f\u043e\u0441\u0442\u0430\u0447\u0430\u043b\u044c\u043d\u0438\u043a\u0438 \u043c\u0430\u0440\u043a\u0435\u0442\u0438\u043d\u0433\u043e\u0432\u0438\u0445 \u043f\u043e\u0441\u043b\u0443\u0433<\/li><\/ul><\/li><li>\u0410\u0434\u043c\u0456\u043d\u0456\u0441\u0442\u0440\u0430\u0442\u043e\u0440 \u043d\u0435 \u043c\u0430\u0454 \u043d\u0430\u043c\u0456\u0440\u0443 \u043f\u0435\u0440\u0435\u0434\u0430\u0432\u0430\u0442\u0438 \u043f\u0435\u0440\u0441\u043e\u043d\u0430\u043b\u044c\u043d\u0456 \u0434\u0430\u043d\u0456 \u0437\u0430 \u043c\u0435\u0436\u0456 \u0404\u0421.<\/li><\/ol><h2><strong>VI. \u0412\u0430\u0448\u0456 \u043f\u0440\u0430\u0432\u0430<\/strong><\/h2><ol><li>\u0417\u0433\u0456\u0434\u043d\u043e \u0437 GDPR, \u0432\u0438 \u043c\u0430\u0454\u0442\u0435 \u043f\u0440\u0430\u0432\u043e:<ul><li>\u0429\u043e\u0431 \u043e\u0442\u0440\u0438\u043c\u0430\u0442\u0438 \u0434\u043e\u0441\u0442\u0443\u043f \u0434\u043e \u043f\u0435\u0440\u0441\u043e\u043d\u0430\u043b\u044c\u043d\u0438\u0445 \u0434\u0430\u043d\u0438\u0445 (<strong>\u0421\u0442\u0430\u0442\u0442\u044f 15 GDPR<\/strong>)<\/li><li>\u0429\u043e\u0431 \u0432\u0438\u043f\u0440\u0430\u0432\u0438\u0442\u0438 \u043f\u0435\u0440\u0441\u043e\u043d\u0430\u043b\u044c\u043d\u0456 \u0434\u0430\u043d\u0456 (<strong>\u0421\u0442\u0430\u0442\u0442\u044f 16 GDPR<\/strong>)<\/li><li>\u0429\u043e\u0431 \u0432\u0438\u0434\u0430\u043b\u0438\u0442\u0438 \u043f\u0435\u0440\u0441\u043e\u043d\u0430\u043b\u044c\u043d\u0456 \u0434\u0430\u043d\u0456 (<strong>\u0421\u0442\u0430\u0442\u0442\u044f 17 GDPR<\/strong>)<\/li><li>\u0429\u043e\u0431 \u043e\u0431\u043c\u0435\u0436\u0438\u0442\u0438 \u043e\u0431\u0440\u043e\u0431\u043a\u0443 (<strong>\u0421\u0442\u0430\u0442\u0442\u044f 18 GDPR<\/strong>)<\/li><li>\u0429\u043e\u0434\u043e \u043f\u0435\u0440\u0435\u043d\u043e\u0441\u0438\u043c\u043e\u0441\u0442\u0456 \u0434\u0430\u043d\u0438\u0445 (<strong>\u0421\u0442\u0430\u0442\u0442\u044f 20 GDPR<\/strong>)<\/li><li>\u0417\u0430\u043f\u0435\u0440\u0435\u0447\u0435\u043d\u043d\u044f \u043f\u0440\u043e\u0442\u0438 \u043e\u0431\u0440\u043e\u0431\u043a\u0438 (<strong>\u0421\u0442\u0430\u0442\u0442\u044f 21 GDPR<\/strong>)<\/li><li>\u0412\u0456\u0434\u043a\u043b\u0438\u043a\u0430\u0442\u0438 \u0437\u0433\u043e\u0434\u0443 \u043d\u0430 \u043e\u0431\u0440\u043e\u0431\u043a\u0443<\/li><\/ul><\/li><li>\u0412\u0438 \u043c\u0430\u0454\u0442\u0435 \u043f\u0440\u0430\u0432\u043e \u043f\u043e\u0434\u0430\u0442\u0438 \u0441\u043a\u0430\u0440\u0433\u0443 \u0434\u043e <strong>\u041e\u0440\u0433\u0430\u043d \u0456\u0437 \u0437\u0430\u0445\u0438\u0441\u0442\u0443 \u043f\u0435\u0440\u0441\u043e\u043d\u0430\u043b\u044c\u043d\u0438\u0445 \u0434\u0430\u043d\u0438\u0445<\/strong>.<\/li><\/ol><h2><strong>VII. \u0411\u0435\u0437\u043f\u0435\u043a\u0430 \u043f\u0435\u0440\u0441\u043e\u043d\u0430\u043b\u044c\u043d\u0438\u0445 \u0434\u0430\u043d\u0438\u0445<\/strong><\/h2><ol><li>\u0410\u0434\u043c\u0456\u043d\u0456\u0441\u0442\u0440\u0430\u0442\u043e\u0440 \u0432\u0436\u0438\u0432 \u0442\u0435\u0445\u043d\u0456\u0447\u043d\u0438\u0445 \u0442\u0430 \u043e\u0440\u0433\u0430\u043d\u0456\u0437\u0430\u0446\u0456\u0439\u043d\u0438\u0445 \u0437\u0430\u0445\u043e\u0434\u0456\u0432 \u0434\u043b\u044f \u0437\u0430\u0445\u0438\u0441\u0442\u0443 \u043f\u0435\u0440\u0441\u043e\u043d\u0430\u043b\u044c\u043d\u0438\u0445 \u0434\u0430\u043d\u0438\u0445.<\/li><li>\u041f\u0435\u0440\u0441\u043e\u043d\u0430\u043b\u044c\u043d\u0456 \u0434\u0430\u043d\u0456 \u0437\u0430\u0445\u0438\u0449\u0435\u043d\u0456 \u0432\u0456\u0434 \u043d\u0435\u0441\u0430\u043d\u043a\u0446\u0456\u043e\u043d\u043e\u0432\u0430\u043d\u043e\u0433\u043e \u0434\u043e\u0441\u0442\u0443\u043f\u0443.<\/li><\/ol><h2><strong>VIII. \u0417\u0430\u043a\u043b\u044e\u0447\u043d\u0456 \u043f\u043e\u043b\u043e\u0436\u0435\u043d\u043d\u044f<\/strong><\/h2><ol><li>\u0412\u0438 \u043f\u0456\u0434\u0442\u0432\u0435\u0440\u0434\u0436\u0443\u0454\u0442\u0435 \u0441\u0432\u043e\u044e \u0437\u0433\u043e\u0434\u0443 \u0437 \u0443\u043c\u043e\u0432\u0430\u043c\u0438, \u043f\u043e\u0441\u0442\u0430\u0432\u0438\u0432\u0448\u0438 \u043f\u043e\u0437\u043d\u0430\u0447\u043a\u0443 \u0443 \u043f\u043e\u043b\u0456 \u0437\u0433\u043e\u0434\u0438 \u043d\u0430 \u0432\u0435\u0431\u0441\u0430\u0439\u0442\u0456.<\/li><li>\u0410\u0434\u043c\u0456\u043d\u0456\u0441\u0442\u0440\u0430\u0442\u043e\u0440 \u043c\u0430\u0454 \u043f\u0440\u0430\u0432\u043e \u0437\u043c\u0456\u043d\u044e\u0432\u0430\u0442\u0438 \u0446\u0456 \u0443\u043c\u043e\u0432\u0438; \u043d\u043e\u0432\u0430 \u0432\u0435\u0440\u0441\u0456\u044f \u0431\u0443\u0434\u0435 \u043e\u043f\u0443\u0431\u043b\u0456\u043a\u043e\u0432\u0430\u043d\u0430 \u043d\u0430 \u0432\u0435\u0431-\u0441\u0430\u0439\u0442\u0456.<\/li><\/ol><h3><strong>\u0426\u0456 \u0443\u043c\u043e\u0432\u0438 \u043d\u0430\u0431\u0443\u0432\u0430\u044e\u0442\u044c \u0447\u0438\u043d\u043d\u043e\u0441\u0442\u0456 23 \u043b\u0438\u0441\u0442\u043e\u043f\u0430\u0434\u0430 2023 \u0440\u043e\u043a\u0443.<\/strong><\/h3>\t\t\t\t\t\t\t\t<\/div>\n\t\t\t\t\t<\/div>\n\t\t\t\t<\/div>\n\t\t\t\t<\/div>","protected":false},"excerpt":{"rendered":"<p>Ochrana osobn\u00edch \u00fadaj\u016f I. Z\u00e1kladn\u00ed ustanoven\u00ed Spr\u00e1vcem osobn\u00edch \u00fadaj\u016f podle \u010dl. 4 bod 7 na\u0159\u00edzen\u00ed Evropsk\u00e9ho parlamentu a Rady (EU) 2016\/679 (GDPR) je NATUREPRODUCTSCLINIC LTD (Company number 11332850), se s\u00eddlem Unit Q, 35 Astbury Road, London, England, SE15 2NL (d\u00e1le jen &#8222;spr\u00e1vce&#8220;). Kontaktn\u00ed \u00fadaje spr\u00e1vce: Adresa: Unit Q, 35 Astbury Road, London, England, SE15 2NL [&hellip;]<\/p>\n","protected":false},"author":2,"featured_media":0,"parent":0,"menu_order":7,"comment_status":"closed","ping_status":"closed","template":"elementor_header_footer","meta":{"footnotes":""},"class_list":["post-34","page","type-page","status-publish","hentry"],"_links":{"self":[{"href":"https:\/\/www.linie4life.com\/uk\/wp-json\/wp\/v2\/pages\/34","targetHints":{"allow":["GET"]}}],"collection":[{"href":"https:\/\/www.linie4life.com\/uk\/wp-json\/wp\/v2\/pages"}],"about":[{"href":"https:\/\/www.linie4life.com\/uk\/wp-json\/wp\/v2\/types\/page"}],"author":[{"embeddable":true,"href":"https:\/\/www.linie4life.com\/uk\/wp-json\/wp\/v2\/users\/2"}],"replies":[{"embeddable":true,"href":"https:\/\/www.linie4life.com\/uk\/wp-json\/wp\/v2\/comments?post=34"}],"version-history":[{"count":5,"href":"https:\/\/www.linie4life.com\/uk\/wp-json\/wp\/v2\/pages\/34\/revisions"}],"predecessor-version":[{"id":7361,"href":"https:\/\/www.linie4life.com\/uk\/wp-json\/wp\/v2\/pages\/34\/revisions\/7361"}],"wp:attachment":[{"href":"https:\/\/www.linie4life.com\/uk\/wp-json\/wp\/v2\/media?parent=34"}],"curies":[{"name":"\u0412\u041f","href":"https:\/\/api.w.org\/{rel}","templated":true}]}}